{"id":388244,"date":"2025-09-02T10:32:23","date_gmt":"2025-09-02T10:32:23","guid":{"rendered":"https:\/\/glotomania.com\/p\/preparado-funcakes-para-crema-pastelera-500-g-2\/"},"modified":"2026-04-14T12:04:51","modified_gmt":"2026-04-14T12:04:51","slug":"preparado-funcakes-para-crema-pastelera-500-g-2","status":"publish","type":"product","link":"https:\/\/glotomania.com\/pt-pt\/p\/preparado-funcakes-para-crema-pastelera-500-g-2\/","title":{"rendered":"Prepara\u00c7\u00c3o De Funcakes Para Creme De Pastelaria 500 G"},"content":{"rendered":"<p>\n<span style=\"font-size:14px\">Delicioso creme de pastelaria, qualidade de padaria. Adequado para rechear, por exemplo, bolos, tartes ou su&iacute;&ccedil;os. O creme &eacute; tamb&eacute;m adequado para cozer, quer como recheio quer como cobertura.<\/span><\/p>\n<p><strong><span style=\"font-size:14px\">Como se preparar:&nbsp;<\/span><\/strong><\/p>\n<p><span style=\"font-size:14px\">Adicionar 500 ml de &aacute;gua por 200 g de produto. Bater as natas durante cerca de 5 minutos at&eacute; que fiquem suaves. Deixar o creme de p&eacute; antes de ser utilizado.&nbsp;<\/span><\/p>\n<p>&nbsp;<\/p>\n","protected":false},"excerpt":{"rendered":"<p>Prepara\u00e7\u00e3o de funcakes para um delicioso creme de pastelaria \u00e0 prova de bolos.<\/p>\n","protected":false},"featured_media":346903,"comment_status":"open","ping_status":"closed","template":"","meta":{"_acf_changed":false},"pwb-brand":[],"product_brand":[],"product_cat":[1832,2997,1901,3054,1854,2996],"product_tag":[],"class_list":{"0":"post-388244","1":"product","2":"type-product","3":"status-publish","4":"has-post-thumbnail","6":"product_cat-diestas-especiales","7":"product_cat-halal","8":"product_cat-dieta-halal","9":"product_cat-preparados-de-pastelaria-2","10":"product_cat-preparados","11":"product_cat-produtos-vegetarianos","13":"first","14":"instock","15":"taxable","16":"shipping-taxable","17":"purchasable","18":"product-type-simple"},"acf":[],"df_price":4.84,"df_sale_price":"","df_regular_price":4.84,"df_image_link":"https:\/\/glotomania.com\/wp-content\/uploads\/2025\/11\/img_16016_f9a94f9d25c5a841c60948d553caa271_1-14-300x300.jpg","brands":[],"_links":{"self":[{"href":"https:\/\/glotomania.com\/pt-pt\/wp-json\/wp\/v2\/product\/388244","targetHints":{"allow":["GET"]}}],"collection":[{"href":"https:\/\/glotomania.com\/pt-pt\/wp-json\/wp\/v2\/product"}],"about":[{"href":"https:\/\/glotomania.com\/pt-pt\/wp-json\/wp\/v2\/types\/product"}],"replies":[{"embeddable":true,"href":"https:\/\/glotomania.com\/pt-pt\/wp-json\/wp\/v2\/comments?post=388244"}],"wp:featuredmedia":[{"embeddable":true,"href":"https:\/\/glotomania.com\/pt-pt\/wp-json\/wp\/v2\/media\/346903"}],"wp:attachment":[{"href":"https:\/\/glotomania.com\/pt-pt\/wp-json\/wp\/v2\/media?parent=388244"}],"wp:term":[{"taxonomy":"pwb-brand","embeddable":true,"href":"https:\/\/glotomania.com\/pt-pt\/wp-json\/wp\/v2\/pwb-brand?post=388244"},{"taxonomy":"product_brand","embeddable":true,"href":"https:\/\/glotomania.com\/pt-pt\/wp-json\/wp\/v2\/product_brand?post=388244"},{"taxonomy":"product_cat","embeddable":true,"href":"https:\/\/glotomania.com\/pt-pt\/wp-json\/wp\/v2\/product_cat?post=388244"},{"taxonomy":"product_tag","embeddable":true,"href":"https:\/\/glotomania.com\/pt-pt\/wp-json\/wp\/v2\/product_tag?post=388244"}],"curies":[{"name":"wp","href":"https:\/\/api.w.org\/{rel}","templated":true}]}}