{"id":388246,"date":"2025-09-02T10:32:24","date_gmt":"2025-09-02T10:32:24","guid":{"rendered":"https:\/\/glotomania.com\/p\/sprinkles-funcakes-corazones-burdeos-80-g-2\/"},"modified":"2026-04-14T03:40:38","modified_gmt":"2026-04-14T03:40:38","slug":"sprinkles-funcakes-corazones-burdeos-80-g-2","status":"publish","type":"product","link":"https:\/\/glotomania.com\/pt-pt\/p\/sprinkles-funcakes-corazones-burdeos-80-g-2\/","title":{"rendered":"Sprinkles Funcakes &#8211; Cora\u00c7\u00d5es De Borgonha 80 G"},"content":{"rendered":"<p>\n<span style=\"font-size:14px\">Ideal para decorar bolos e bolos, bem como brownies e bolachas. Pode usar os cora&ccedil;&otilde;es para fazer uma borda &agrave; volta do seu bolo.<\/span><\/p>\n<p>\n&nbsp;<\/p>\n","protected":false},"excerpt":{"rendered":"<p>Decora\u00e7\u00f5es comest\u00edveis de funcakes, ideais para decorar as nossas cria\u00e7\u00f5es nos dias mais especiais.<\/p>\n","protected":false},"featured_media":36050,"comment_status":"open","ping_status":"closed","template":"","meta":{"_acf_changed":false},"pwb-brand":[],"product_brand":[],"product_cat":[2910,2979,2982,2907,2924,1852,1839,1840,1888,1849],"product_tag":[],"class_list":{"0":"post-388246","1":"product","2":"type-product","3":"status-publish","4":"has-post-thumbnail","6":"product_cat-casamentos-2","7":"product_cat-decoracoes-comestiveis-2","8":"product_cat-decoracoes-de-acucar","9":"product_cat-festas","10":"product_cat-sao-valentim-2","11":"product_cat-san-valentin","12":"product_cat-decoracion-comestible","13":"product_cat-decoraciones-azucar-comestibles","14":"product_cat-bodas","15":"product_cat-fiestas","17":"first","18":"instock","19":"taxable","20":"shipping-taxable","21":"purchasable","22":"product-type-simple"},"acf":[],"df_price":3.41,"df_sale_price":"","df_regular_price":3.41,"df_image_link":"https:\/\/glotomania.com\/wp-content\/uploads\/2022\/09\/img_16013_451c18fe311707b4405baf4c45b56feb_1-300x300.png","brands":[],"_links":{"self":[{"href":"https:\/\/glotomania.com\/pt-pt\/wp-json\/wp\/v2\/product\/388246","targetHints":{"allow":["GET"]}}],"collection":[{"href":"https:\/\/glotomania.com\/pt-pt\/wp-json\/wp\/v2\/product"}],"about":[{"href":"https:\/\/glotomania.com\/pt-pt\/wp-json\/wp\/v2\/types\/product"}],"replies":[{"embeddable":true,"href":"https:\/\/glotomania.com\/pt-pt\/wp-json\/wp\/v2\/comments?post=388246"}],"wp:featuredmedia":[{"embeddable":true,"href":"https:\/\/glotomania.com\/pt-pt\/wp-json\/wp\/v2\/media\/36050"}],"wp:attachment":[{"href":"https:\/\/glotomania.com\/pt-pt\/wp-json\/wp\/v2\/media?parent=388246"}],"wp:term":[{"taxonomy":"pwb-brand","embeddable":true,"href":"https:\/\/glotomania.com\/pt-pt\/wp-json\/wp\/v2\/pwb-brand?post=388246"},{"taxonomy":"product_brand","embeddable":true,"href":"https:\/\/glotomania.com\/pt-pt\/wp-json\/wp\/v2\/product_brand?post=388246"},{"taxonomy":"product_cat","embeddable":true,"href":"https:\/\/glotomania.com\/pt-pt\/wp-json\/wp\/v2\/product_cat?post=388246"},{"taxonomy":"product_tag","embeddable":true,"href":"https:\/\/glotomania.com\/pt-pt\/wp-json\/wp\/v2\/product_tag?post=388246"}],"curies":[{"name":"wp","href":"https:\/\/api.w.org\/{rel}","templated":true}]}}