{"id":388250,"date":"2025-09-02T10:32:26","date_gmt":"2025-09-02T10:32:26","guid":{"rendered":"https:\/\/glotomania.com\/p\/plantillas-para-tartas-scrapcooking-numeros-2\/"},"modified":"2026-04-25T00:31:02","modified_gmt":"2026-04-25T00:31:02","slug":"plantillas-para-tartas-scrapcooking-numeros-2","status":"publish","type":"product","link":"https:\/\/glotomania.com\/pt-pt\/p\/plantillas-para-tartas-scrapcooking-numeros-2\/","title":{"rendered":"Stencils Para Bolo Scrapcooking &#8211; N\u00dameros"},"content":{"rendered":"<p>&nbsp;<\/p>\n<p><span style=\"font-size:14px\"><strong>Instru&ccedil;&otilde;es de limpeza:<\/strong> Lavar em &aacute;gua morna e secar antes da primeira utiliza&ccedil;&atilde;o, e depois de cada utiliza&ccedil;&atilde;o.<\/span><\/p>\n<p><span style=\"font-size:14px\">Inclui 9 stencils feitos de pl&aacute;stico PET de qualidade alimentar.<\/span><\/p>\n<p><span style=\"font-size:14px\"><strong>Dimens&otilde;es aproximadas:<\/strong> 28 cm.<\/span><\/p>\n<p><em><span style=\"font-size:14px\">Este produto n&atilde;o est&aacute; dispon&iacute;vel para a B&eacute;lgica, Fran&ccedil;a e Su&iacute;&ccedil;a.<\/span><\/em><\/p>\n","protected":false},"excerpt":{"rendered":"<p>Inclui 9 stencils com n\u00fameros, perfeitos para anivers\u00e1rios e anivers\u00e1rios!<\/p>\n","protected":false},"featured_media":349588,"comment_status":"open","ping_status":"closed","template":"","meta":{"_acf_changed":false},"pwb-brand":[],"product_brand":[],"product_cat":[3135,2907,3214,3087,1801,1919,1849,1767],"product_tag":[],"class_list":{"0":"post-388250","1":"product","2":"type-product","3":"status-publish","4":"has-post-thumbnail","6":"product_cat-estencils-2","7":"product_cat-festas","8":"product_cat-moldes-de-pastelaria","9":"product_cat-ordem-e-armazenamento","10":"product_cat-moldes","11":"product_cat-plantillas-tartas","12":"product_cat-fiestas","13":"product_cat-utensilios","15":"first","16":"instock","17":"taxable","18":"shipping-taxable","19":"purchasable","20":"product-type-simple"},"acf":[],"df_price":14.01,"df_sale_price":9.8,"df_regular_price":14.01,"df_image_link":"https:\/\/glotomania.com\/wp-content\/uploads\/2025\/11\/img_16060_eb422451fd246eb161e54f9a6f65352a_1-13-300x300.jpg","brands":[],"_links":{"self":[{"href":"https:\/\/glotomania.com\/pt-pt\/wp-json\/wp\/v2\/product\/388250","targetHints":{"allow":["GET"]}}],"collection":[{"href":"https:\/\/glotomania.com\/pt-pt\/wp-json\/wp\/v2\/product"}],"about":[{"href":"https:\/\/glotomania.com\/pt-pt\/wp-json\/wp\/v2\/types\/product"}],"replies":[{"embeddable":true,"href":"https:\/\/glotomania.com\/pt-pt\/wp-json\/wp\/v2\/comments?post=388250"}],"wp:featuredmedia":[{"embeddable":true,"href":"https:\/\/glotomania.com\/pt-pt\/wp-json\/wp\/v2\/media\/349588"}],"wp:attachment":[{"href":"https:\/\/glotomania.com\/pt-pt\/wp-json\/wp\/v2\/media?parent=388250"}],"wp:term":[{"taxonomy":"pwb-brand","embeddable":true,"href":"https:\/\/glotomania.com\/pt-pt\/wp-json\/wp\/v2\/pwb-brand?post=388250"},{"taxonomy":"product_brand","embeddable":true,"href":"https:\/\/glotomania.com\/pt-pt\/wp-json\/wp\/v2\/product_brand?post=388250"},{"taxonomy":"product_cat","embeddable":true,"href":"https:\/\/glotomania.com\/pt-pt\/wp-json\/wp\/v2\/product_cat?post=388250"},{"taxonomy":"product_tag","embeddable":true,"href":"https:\/\/glotomania.com\/pt-pt\/wp-json\/wp\/v2\/product_tag?post=388250"}],"curies":[{"name":"wp","href":"https:\/\/api.w.org\/{rel}","templated":true}]}}