{"id":388253,"date":"2025-09-02T10:32:29","date_gmt":"2025-09-02T10:32:29","guid":{"rendered":"https:\/\/glotomania.com\/p\/manga-pastelera-uso-multiple-wilton-30-cm-2\/"},"modified":"2026-04-28T00:13:47","modified_gmt":"2026-04-28T00:13:47","slug":"manga-pastelera-uso-multiple-wilton-30-cm-2","status":"publish","type":"product","link":"https:\/\/glotomania.com\/pt-pt\/p\/manga-pastelera-uso-multiple-wilton-30-cm-2\/","title":{"rendered":"Saco De Pasteleiro Multiusos Wilton &#8211; 30 Cm"},"content":{"rendered":"<p>&nbsp;<\/p>\n<p><span style=\"font-size:14px\">Material revestido para repelir a gordura.&nbsp;<\/span><\/p>\n<p><span style=\"font-size:14px\"><strong>Medidas<\/strong>: 30 cm.<\/span><\/p>\n<p><em><span style=\"font-size:14px\">Lav&aacute;vel em &aacute;gua quente e na m&aacute;quina de lavar lou&ccedil;a.<\/span><\/em><\/p>\n","protected":false},"excerpt":{"rendered":"<p>Saco de canaliza\u00e7\u00e3o Wilton multiusos. Leve, forte e feito de poli\u00e9ster flex\u00edvel, mant\u00e9m-se flex\u00edvel.<\/p>\n","protected":false},"featured_media":346938,"comment_status":"open","ping_status":"closed","template":"","meta":{"_acf_changed":false},"pwb-brand":[],"product_brand":[],"product_cat":[3106,3087,3126,1820,1883,1767],"product_tag":[],"class_list":{"0":"post-388253","1":"product","2":"type-product","3":"status-publish","4":"has-post-thumbnail","6":"product_cat-basicos-de-pastelaria","7":"product_cat-ordem-e-armazenamento","8":"product_cat-sacos-de-pasteleiro-e-acessorios-2","9":"product_cat-basicos","10":"product_cat-mangas-pasteleras","11":"product_cat-utensilios","13":"first","14":"instock","15":"taxable","16":"shipping-taxable","17":"purchasable","18":"product-type-simple"},"acf":[],"df_price":5.22,"df_sale_price":5.22,"df_regular_price":7.45,"df_image_link":"https:\/\/glotomania.com\/wp-content\/uploads\/2025\/11\/img_16072_bd74f0870d56b35aac95123730dec8fb_1-12-300x300.jpg","brands":[],"_links":{"self":[{"href":"https:\/\/glotomania.com\/pt-pt\/wp-json\/wp\/v2\/product\/388253","targetHints":{"allow":["GET"]}}],"collection":[{"href":"https:\/\/glotomania.com\/pt-pt\/wp-json\/wp\/v2\/product"}],"about":[{"href":"https:\/\/glotomania.com\/pt-pt\/wp-json\/wp\/v2\/types\/product"}],"replies":[{"embeddable":true,"href":"https:\/\/glotomania.com\/pt-pt\/wp-json\/wp\/v2\/comments?post=388253"}],"wp:featuredmedia":[{"embeddable":true,"href":"https:\/\/glotomania.com\/pt-pt\/wp-json\/wp\/v2\/media\/346938"}],"wp:attachment":[{"href":"https:\/\/glotomania.com\/pt-pt\/wp-json\/wp\/v2\/media?parent=388253"}],"wp:term":[{"taxonomy":"pwb-brand","embeddable":true,"href":"https:\/\/glotomania.com\/pt-pt\/wp-json\/wp\/v2\/pwb-brand?post=388253"},{"taxonomy":"product_brand","embeddable":true,"href":"https:\/\/glotomania.com\/pt-pt\/wp-json\/wp\/v2\/product_brand?post=388253"},{"taxonomy":"product_cat","embeddable":true,"href":"https:\/\/glotomania.com\/pt-pt\/wp-json\/wp\/v2\/product_cat?post=388253"},{"taxonomy":"product_tag","embeddable":true,"href":"https:\/\/glotomania.com\/pt-pt\/wp-json\/wp\/v2\/product_tag?post=388253"}],"curies":[{"name":"wp","href":"https:\/\/api.w.org\/{rel}","templated":true}]}}