{"id":388255,"date":"2025-09-02T10:32:30","date_gmt":"2025-09-02T10:32:30","guid":{"rendered":"https:\/\/glotomania.com\/p\/aroma-concentrado-chefdelice-barbacoa-10-ml-2\/"},"modified":"2026-03-10T16:05:20","modified_gmt":"2026-03-10T16:05:20","slug":"aroma-concentrado-chefdelice-barbacoa-10-ml-2","status":"publish","type":"product","link":"https:\/\/glotomania.com\/pt-pt\/p\/aroma-concentrado-chefdelice-barbacoa-10-ml-2\/","title":{"rendered":"Aroma Concentrado Chefdelice &#8211; Barbacoa 10 Ml"},"content":{"rendered":"<p>&nbsp;<\/p>\n<p><span style=\"font-size:14px\">Aromatizante sol&uacute;vel em &aacute;gua.&nbsp;<\/span><\/p>\n<p><span style=\"font-size:14px\"><strong>Dosagem recomendada:<\/strong><\/span><\/p>\n<p><span style=\"font-size:14px\">Acrescentar 1 g de aroma por 1 kg de massa a ser aromatizada.<\/span><\/p>\n<p><em><span style=\"font-size:14px\">1 g de aromatizante &eacute; equivalente a aproximadamente 20 gotas.<\/span><\/em><\/p>\n<p><span style=\"font-size:14px\">Tem uma rolha com um conta-gotas para uma dosagem f&aacute;cil.<\/span><\/p>\n<p><u><span style=\"font-size:14px\">N&atilde;o engolir directamente.<\/span><\/u><\/p>\n<p>&nbsp;<\/p>\n","protected":false},"excerpt":{"rendered":"<p>Aromas alimentares super concentrados que trazem um sabor delicioso \u00e0s nossas cria\u00e7\u00f5es. Especialmente adequado para pratos salgados: molhos, coberturas, molhos, carne, peixe e massas.<\/p>\n","protected":false},"featured_media":36394,"comment_status":"open","ping_status":"closed","template":"","meta":{"_acf_changed":false},"pwb-brand":[],"product_brand":[],"product_cat":[2943,2950,1831,1830,1832,1833,2996,3004],"product_tag":[],"class_list":{"0":"post-388255","1":"product","2":"type-product","3":"status-publish","4":"has-post-thumbnail","6":"product_cat-aromas-e-extractos","7":"product_cat-aromas-liquidos-2","8":"product_cat-aroma-liquido","9":"product_cat-aromas-y-extractos","10":"product_cat-diestas-especiales","11":"product_cat-dieta-sin-gluten","12":"product_cat-produtos-vegetarianos","13":"product_cat-sem-gluten-2","15":"first","16":"instock","17":"taxable","18":"shipping-taxable","19":"purchasable","20":"product-type-simple"},"acf":[],"df_price":2.2,"df_sale_price":"","df_regular_price":2.2,"df_image_link":"https:\/\/glotomania.com\/wp-content\/uploads\/2022\/09\/img_16082_f717b32a8e5fd47e70f56f427712d7f3_1-300x300.png","brands":[],"_links":{"self":[{"href":"https:\/\/glotomania.com\/pt-pt\/wp-json\/wp\/v2\/product\/388255","targetHints":{"allow":["GET"]}}],"collection":[{"href":"https:\/\/glotomania.com\/pt-pt\/wp-json\/wp\/v2\/product"}],"about":[{"href":"https:\/\/glotomania.com\/pt-pt\/wp-json\/wp\/v2\/types\/product"}],"replies":[{"embeddable":true,"href":"https:\/\/glotomania.com\/pt-pt\/wp-json\/wp\/v2\/comments?post=388255"}],"wp:featuredmedia":[{"embeddable":true,"href":"https:\/\/glotomania.com\/pt-pt\/wp-json\/wp\/v2\/media\/36394"}],"wp:attachment":[{"href":"https:\/\/glotomania.com\/pt-pt\/wp-json\/wp\/v2\/media?parent=388255"}],"wp:term":[{"taxonomy":"pwb-brand","embeddable":true,"href":"https:\/\/glotomania.com\/pt-pt\/wp-json\/wp\/v2\/pwb-brand?post=388255"},{"taxonomy":"product_brand","embeddable":true,"href":"https:\/\/glotomania.com\/pt-pt\/wp-json\/wp\/v2\/product_brand?post=388255"},{"taxonomy":"product_cat","embeddable":true,"href":"https:\/\/glotomania.com\/pt-pt\/wp-json\/wp\/v2\/product_cat?post=388255"},{"taxonomy":"product_tag","embeddable":true,"href":"https:\/\/glotomania.com\/pt-pt\/wp-json\/wp\/v2\/product_tag?post=388255"}],"curies":[{"name":"wp","href":"https:\/\/api.w.org\/{rel}","templated":true}]}}