{"id":388256,"date":"2025-09-02T10:32:31","date_gmt":"2025-09-02T10:32:31","guid":{"rendered":"https:\/\/glotomania.com\/p\/aroma-concentrado-chefdelice-fruta-de-la-pasion-10-ml-2\/"},"modified":"2026-04-22T21:50:29","modified_gmt":"2026-04-22T21:50:29","slug":"aroma-concentrado-chefdelice-fruta-de-la-pasion-10-ml-2","status":"publish","type":"product","link":"https:\/\/glotomania.com\/pt-pt\/p\/aroma-concentrado-chefdelice-fruta-de-la-pasion-10-ml-2\/","title":{"rendered":"Aroma Concentrado Chefdelice &#8211; Maracuj\u00c1 10 Ml"},"content":{"rendered":"<p style=\"margin: 0px;font-size: 14px;line-height: normal;font-family: Helvetica\">&nbsp;<\/p>\n<p style=\"margin: 0px;font-size: 14px;line-height: normal;font-family: Helvetica\"><span style=\"font-size:14px\"><span style=\"color:#000000\">Aroma hidrosoluble.&nbsp;<\/span><\/span><\/p>\n<p style=\"margin: 0px;font-size: 14px;line-height: normal;font-family: Helvetica;min-height: 17px\">&nbsp;<\/p>\n<p style=\"margin: 0px;font-size: 14px;line-height: normal;font-family: Helvetica\"><span style=\"font-size:14px\"><span style=\"color:#000000\"><span><b>Dosis recomendada:<\/b><\/span><\/span><\/span><\/p>\n<p style=\"margin: 0px;font-size: 14px;line-height: normal;font-family: Helvetica;min-height: 17px\">&nbsp;<\/p>\n<p style=\"margin: 0px;font-size: 14px;line-height: normal;font-family: Helvetica\"><span style=\"font-size:14px\"><span style=\"color:#000000\">A&ntilde;adir 1 g de aroma por 1 kg de masa a aromatizar.<\/span><\/span><\/p>\n<p style=\"margin: 0px;font-size: 14px;line-height: normal;font-family: Helvetica;min-height: 17px\">&nbsp;<\/p>\n<p style=\"margin: 0px;font-size: 14px;line-height: normal;font-family: Helvetica\"><span style=\"font-size:14px\"><span style=\"color:#000000\"><i>1 g de aroma equivale, aproximadamente, a 20 gotas.<\/i><\/span><\/span><\/p>\n<p style=\"margin: 0px;font-size: 14px;line-height: normal;font-family: Helvetica;min-height: 17px\">&nbsp;<\/p>\n<p style=\"margin: 0px;font-size: 14px;line-height: normal;font-family: Helvetica\"><span style=\"font-size:14px\"><span style=\"color:#000000\">Dispone de tap&oacute;n con gotero obturador para f&aacute;cil dosificaci&oacute;n.<\/span><\/span><\/p>\n<p style=\"margin: 0px;font-size: 14px;line-height: normal;font-family: Helvetica;min-height: 17px\">&nbsp;<\/p>\n<p style=\"margin: 0px;font-size: 14px;line-height: normal;font-family: Helvetica\"><span style=\"font-size:14px\"><span style=\"color:#000000\"><span>No ingerir directamente.<\/span><\/span><\/span><\/p>\n","protected":false},"excerpt":{"rendered":"<p>Aromas alimentares super concentrados que trazem um sabor delicioso \u00e0s nossas cria\u00e7\u00f5es.<\/p>\n","protected":false},"featured_media":36395,"comment_status":"open","ping_status":"closed","template":"","meta":{"_acf_changed":false},"pwb-brand":[],"product_brand":[],"product_cat":[2943,2950,1831,1830,1832,1833,2996,3004],"product_tag":[],"class_list":{"0":"post-388256","1":"product","2":"type-product","3":"status-publish","4":"has-post-thumbnail","6":"product_cat-aromas-e-extractos","7":"product_cat-aromas-liquidos-2","8":"product_cat-aroma-liquido","9":"product_cat-aromas-y-extractos","10":"product_cat-diestas-especiales","11":"product_cat-dieta-sin-gluten","12":"product_cat-produtos-vegetarianos","13":"product_cat-sem-gluten-2","15":"first","16":"instock","17":"taxable","18":"shipping-taxable","19":"purchasable","20":"product-type-simple"},"acf":[],"df_price":2.2,"df_sale_price":"","df_regular_price":2.2,"df_image_link":"https:\/\/glotomania.com\/wp-content\/uploads\/2022\/09\/img_16081_752060f5c9227973b83411ad29cc0085_1-300x300.png","brands":[],"_links":{"self":[{"href":"https:\/\/glotomania.com\/pt-pt\/wp-json\/wp\/v2\/product\/388256","targetHints":{"allow":["GET"]}}],"collection":[{"href":"https:\/\/glotomania.com\/pt-pt\/wp-json\/wp\/v2\/product"}],"about":[{"href":"https:\/\/glotomania.com\/pt-pt\/wp-json\/wp\/v2\/types\/product"}],"replies":[{"embeddable":true,"href":"https:\/\/glotomania.com\/pt-pt\/wp-json\/wp\/v2\/comments?post=388256"}],"wp:featuredmedia":[{"embeddable":true,"href":"https:\/\/glotomania.com\/pt-pt\/wp-json\/wp\/v2\/media\/36395"}],"wp:attachment":[{"href":"https:\/\/glotomania.com\/pt-pt\/wp-json\/wp\/v2\/media?parent=388256"}],"wp:term":[{"taxonomy":"pwb-brand","embeddable":true,"href":"https:\/\/glotomania.com\/pt-pt\/wp-json\/wp\/v2\/pwb-brand?post=388256"},{"taxonomy":"product_brand","embeddable":true,"href":"https:\/\/glotomania.com\/pt-pt\/wp-json\/wp\/v2\/product_brand?post=388256"},{"taxonomy":"product_cat","embeddable":true,"href":"https:\/\/glotomania.com\/pt-pt\/wp-json\/wp\/v2\/product_cat?post=388256"},{"taxonomy":"product_tag","embeddable":true,"href":"https:\/\/glotomania.com\/pt-pt\/wp-json\/wp\/v2\/product_tag?post=388256"}],"curies":[{"name":"wp","href":"https:\/\/api.w.org\/{rel}","templated":true}]}}