{"id":388261,"date":"2025-09-02T10:32:34","date_gmt":"2025-09-02T10:32:34","guid":{"rendered":"https:\/\/glotomania.com\/p\/capsulas-cupcakes-pme-manchas-negras-y-doradas-2\/"},"modified":"2026-05-09T00:24:24","modified_gmt":"2026-05-09T00:24:24","slug":"capsulas-cupcakes-pme-manchas-negras-y-doradas-2","status":"publish","type":"product","link":"https:\/\/glotomania.com\/pt-pt\/p\/capsulas-cupcakes-pme-manchas-negras-y-doradas-2\/","title":{"rendered":"C\u00c1psulas Cupcakes Pme &#8211; Manchas Negras Y Doradas"},"content":{"rendered":"<p>&nbsp;<\/p>\n<p><span style=\"font-size: 14px\">S&atilde;o revestidas com folha de alum&iacute;nio no interior para evitar qualquer poss&iacute;vel mancha de gordura.<\/span><\/p>\n<p><span style=\"font-size: 14px\"><strong>Medidas:&nbsp;<\/strong>&Oslash; base 50 mm &#8211; &Oslash; topo 70 mm &#8211; Altura 28 mm.<\/span><\/p>\n","protected":false},"excerpt":{"rendered":"<p>Conjunto de 30 c\u00e1psulas de papel PME, ideal para dar um toque elegante \u00e0s nossas pequenas prepara\u00e7\u00f5es.<\/p>\n","protected":false},"featured_media":38952,"comment_status":"open","ping_status":"closed","template":"","meta":{"_acf_changed":false},"pwb-brand":[],"product_brand":[],"product_cat":[1852,3191,2009,3193,2010,2910,2907,2920,3087,1888,1849,1866,2924,1767],"product_tag":[],"class_list":{"0":"post-388261","1":"product","2":"type-product","3":"status-publish","4":"has-post-thumbnail","6":"product_cat-san-valentin","7":"product_cat-capacillos-de-papel-2","8":"product_cat-capsulas","9":"product_cat-capsulas-para-cupcakes-2","10":"product_cat-capsulas-cupcakes","11":"product_cat-casamentos-2","12":"product_cat-festas","13":"product_cat-natal-2","14":"product_cat-ordem-e-armazenamento","15":"product_cat-bodas","16":"product_cat-fiestas","17":"product_cat-navidad","18":"product_cat-sao-valentim-2","19":"product_cat-utensilios","21":"first","22":"instock","23":"taxable","24":"shipping-taxable","25":"purchasable","26":"product-type-simple"},"acf":[],"df_price":3.5,"df_sale_price":2.63,"df_regular_price":3.5,"df_image_link":"https:\/\/glotomania.com\/wp-content\/uploads\/2022\/09\/img_16240_d2644181e4447083324d75dd7ec58a22_1-300x300.png","brands":[],"_links":{"self":[{"href":"https:\/\/glotomania.com\/pt-pt\/wp-json\/wp\/v2\/product\/388261","targetHints":{"allow":["GET"]}}],"collection":[{"href":"https:\/\/glotomania.com\/pt-pt\/wp-json\/wp\/v2\/product"}],"about":[{"href":"https:\/\/glotomania.com\/pt-pt\/wp-json\/wp\/v2\/types\/product"}],"replies":[{"embeddable":true,"href":"https:\/\/glotomania.com\/pt-pt\/wp-json\/wp\/v2\/comments?post=388261"}],"wp:featuredmedia":[{"embeddable":true,"href":"https:\/\/glotomania.com\/pt-pt\/wp-json\/wp\/v2\/media\/38952"}],"wp:attachment":[{"href":"https:\/\/glotomania.com\/pt-pt\/wp-json\/wp\/v2\/media?parent=388261"}],"wp:term":[{"taxonomy":"pwb-brand","embeddable":true,"href":"https:\/\/glotomania.com\/pt-pt\/wp-json\/wp\/v2\/pwb-brand?post=388261"},{"taxonomy":"product_brand","embeddable":true,"href":"https:\/\/glotomania.com\/pt-pt\/wp-json\/wp\/v2\/product_brand?post=388261"},{"taxonomy":"product_cat","embeddable":true,"href":"https:\/\/glotomania.com\/pt-pt\/wp-json\/wp\/v2\/product_cat?post=388261"},{"taxonomy":"product_tag","embeddable":true,"href":"https:\/\/glotomania.com\/pt-pt\/wp-json\/wp\/v2\/product_tag?post=388261"}],"curies":[{"name":"wp","href":"https:\/\/api.w.org\/{rel}","templated":true}]}}