{"id":388265,"date":"2025-09-02T10:32:36","date_gmt":"2025-09-02T10:32:36","guid":{"rendered":"https:\/\/glotomania.com\/p\/palitos-de-bambu-grandes-pme-2\/"},"modified":"2026-04-29T05:39:52","modified_gmt":"2026-04-29T05:39:52","slug":"palitos-de-bambu-grandes-pme-2","status":"publish","type":"product","link":"https:\/\/glotomania.com\/pt-pt\/p\/palitos-de-bambu-grandes-pme-2\/","title":{"rendered":"Paus De Bambu Grandes &#8211; Pme"},"content":{"rendered":"<p>&nbsp;<\/p>\n<p><span style=\"font-size: 14px\">Inclui&nbsp;<strong>100 pe&ccedil;as<\/strong>, feitas de&nbsp;<strong>bambu&nbsp;<\/strong>altamente resistente. Qualidade alimentar, limpa e higi&eacute;nica, especialmente escolhida para utiliza&ccedil;&atilde;o na prepara&ccedil;&atilde;o de alimentos.<\/span><\/p>\n<p><span style=\"font-size: 14px\"><strong>Medidas<\/strong>: 25 cm.<\/span><\/p>\n","protected":false},"excerpt":{"rendered":"<p>Inclui 100 pe\u00e7as, ideais para ma\u00e7\u00e3s caramelizadas, bem como todo o tipo de fruta mergulhada em ingredientes doces ou salgados.<\/p>\n","protected":false},"featured_media":349566,"comment_status":"open","ping_status":"closed","template":"","meta":{"_acf_changed":false},"pwb-brand":[],"product_brand":[],"product_cat":[3106,1820,3087,3128,1990,1767],"product_tag":[],"class_list":{"0":"post-388265","1":"product","2":"type-product","3":"status-publish","4":"has-post-thumbnail","6":"product_cat-basicos-de-pastelaria","7":"product_cat-basicos","8":"product_cat-ordem-e-armazenamento","9":"product_cat-palitos-de-madeira-2","10":"product_cat-palitos-madera-tartas","11":"product_cat-utensilios","13":"first","14":"outofstock","15":"taxable","16":"shipping-taxable","17":"purchasable","18":"product-type-simple"},"acf":[],"df_price":2.13,"df_sale_price":1.28,"df_regular_price":2.13,"df_image_link":"https:\/\/glotomania.com\/wp-content\/uploads\/2025\/11\/img_16248_92ab240e8623809834ebca0705915fb4_1-17-300x300.jpg","brands":[],"_links":{"self":[{"href":"https:\/\/glotomania.com\/pt-pt\/wp-json\/wp\/v2\/product\/388265","targetHints":{"allow":["GET"]}}],"collection":[{"href":"https:\/\/glotomania.com\/pt-pt\/wp-json\/wp\/v2\/product"}],"about":[{"href":"https:\/\/glotomania.com\/pt-pt\/wp-json\/wp\/v2\/types\/product"}],"replies":[{"embeddable":true,"href":"https:\/\/glotomania.com\/pt-pt\/wp-json\/wp\/v2\/comments?post=388265"}],"wp:featuredmedia":[{"embeddable":true,"href":"https:\/\/glotomania.com\/pt-pt\/wp-json\/wp\/v2\/media\/349566"}],"wp:attachment":[{"href":"https:\/\/glotomania.com\/pt-pt\/wp-json\/wp\/v2\/media?parent=388265"}],"wp:term":[{"taxonomy":"pwb-brand","embeddable":true,"href":"https:\/\/glotomania.com\/pt-pt\/wp-json\/wp\/v2\/pwb-brand?post=388265"},{"taxonomy":"product_brand","embeddable":true,"href":"https:\/\/glotomania.com\/pt-pt\/wp-json\/wp\/v2\/product_brand?post=388265"},{"taxonomy":"product_cat","embeddable":true,"href":"https:\/\/glotomania.com\/pt-pt\/wp-json\/wp\/v2\/product_cat?post=388265"},{"taxonomy":"product_tag","embeddable":true,"href":"https:\/\/glotomania.com\/pt-pt\/wp-json\/wp\/v2\/product_tag?post=388265"}],"curies":[{"name":"wp","href":"https:\/\/api.w.org\/{rel}","templated":true}]}}