{"id":388267,"date":"2025-09-02T10:32:37","date_gmt":"2025-09-02T10:32:37","guid":{"rendered":"https:\/\/glotomania.com\/p\/boquilla-104-wilton-petalo-2\/"},"modified":"2026-03-10T16:05:54","modified_gmt":"2026-03-10T16:05:54","slug":"boquilla-104-wilton-petalo-2","status":"publish","type":"product","link":"https:\/\/glotomania.com\/pt-pt\/p\/boquilla-104-wilton-petalo-2\/","title":{"rendered":"Bico #104 Wilton &#8211; Petalo"},"content":{"rendered":"<p>\n<span style=\"font-size:14px\"><strong>Dimens&otilde;es aproximadas:<\/strong> abertura 1,4 cm.<\/span><\/p>\n<p><span style=\"font-size:14px\">Lavagem da lou&ccedil;a em seguran&ccedil;a.<\/span><\/p>\n<p><em><span style=\"font-size:14px\">Para ser utilizado em combina&ccedil;&atilde;o com um adaptador de tamanho padr&atilde;o.<\/span><\/em><\/p>\n","protected":false},"excerpt":{"rendered":"<p>Bico de metal Wilton para a produ\u00e7\u00e3o de p\u00e9talas, arcos, cortinas,&#8230;<\/p>\n","protected":false},"featured_media":349613,"comment_status":"open","ping_status":"closed","template":"","meta":{"_acf_changed":false},"pwb-brand":[],"product_brand":[],"product_cat":[1770,3087,3157,1767],"product_tag":[],"class_list":{"0":"post-388267","1":"product","2":"type-product","3":"status-publish","4":"has-post-thumbnail","6":"product_cat-boquilas","7":"product_cat-ordem-e-armazenamento","8":"product_cat-sets-de-bicos","9":"product_cat-utensilios","11":"first","12":"instock","13":"taxable","14":"shipping-taxable","15":"purchasable","16":"product-type-simple"},"acf":[],"df_price":1.65,"df_sale_price":"","df_regular_price":1.65,"df_image_link":"https:\/\/glotomania.com\/wp-content\/uploads\/2025\/11\/img_16285_8a2b4ff84a79e15327fe3e29b865d13b_1-16-300x300.jpg","brands":[],"_links":{"self":[{"href":"https:\/\/glotomania.com\/pt-pt\/wp-json\/wp\/v2\/product\/388267","targetHints":{"allow":["GET"]}}],"collection":[{"href":"https:\/\/glotomania.com\/pt-pt\/wp-json\/wp\/v2\/product"}],"about":[{"href":"https:\/\/glotomania.com\/pt-pt\/wp-json\/wp\/v2\/types\/product"}],"replies":[{"embeddable":true,"href":"https:\/\/glotomania.com\/pt-pt\/wp-json\/wp\/v2\/comments?post=388267"}],"wp:featuredmedia":[{"embeddable":true,"href":"https:\/\/glotomania.com\/pt-pt\/wp-json\/wp\/v2\/media\/349613"}],"wp:attachment":[{"href":"https:\/\/glotomania.com\/pt-pt\/wp-json\/wp\/v2\/media?parent=388267"}],"wp:term":[{"taxonomy":"pwb-brand","embeddable":true,"href":"https:\/\/glotomania.com\/pt-pt\/wp-json\/wp\/v2\/pwb-brand?post=388267"},{"taxonomy":"product_brand","embeddable":true,"href":"https:\/\/glotomania.com\/pt-pt\/wp-json\/wp\/v2\/product_brand?post=388267"},{"taxonomy":"product_cat","embeddable":true,"href":"https:\/\/glotomania.com\/pt-pt\/wp-json\/wp\/v2\/product_cat?post=388267"},{"taxonomy":"product_tag","embeddable":true,"href":"https:\/\/glotomania.com\/pt-pt\/wp-json\/wp\/v2\/product_tag?post=388267"}],"curies":[{"name":"wp","href":"https:\/\/api.w.org\/{rel}","templated":true}]}}