{"id":388274,"date":"2025-09-02T10:32:41","date_gmt":"2025-09-02T10:32:41","guid":{"rendered":"https:\/\/glotomania.com\/p\/set-boquillas-de-flores-wilton-2\/"},"modified":"2026-05-09T00:24:24","modified_gmt":"2026-05-09T00:24:24","slug":"set-boquillas-de-flores-wilton-2","status":"publish","type":"product","link":"https:\/\/glotomania.com\/pt-pt\/p\/set-boquillas-de-flores-wilton-2\/","title":{"rendered":"Set Bicos De Flores Wilton"},"content":{"rendered":"<p>\n<span style=\"font-size:14px\">Este conjunto &eacute; composto pelos seguintes bicos Wilton: <strong>225, 109, 129 e 190.<\/strong><\/span><\/p>\n<p><span style=\"font-size:14px\">Antes da primeira utiliza&ccedil;&atilde;o e ap&oacute;s cada utiliza&ccedil;&atilde;o, lavar &agrave; m&atilde;o com &aacute;gua morna com sab&atilde;o. Enxaguar e deixar secar. Os bicos s&atilde;o tamb&eacute;m seguros para a m&aacute;quina de lavar lou&ccedil;a.<\/span><\/p>\n<p><span style=\"font-size:14px\">No pacote &eacute; claramente indicado o que se pode conseguir com cada bico, facilitando o seu trabalho.<\/span><\/p>\n","protected":false},"excerpt":{"rendered":"<p>Inclui 4 bicos Wilton (225, 109, 129, 190), perfeitos para fazer decora\u00e7\u00f5es de ondas nas nossas cria\u00e7\u00f5es.<\/p>\n","protected":false},"featured_media":336286,"comment_status":"open","ping_status":"closed","template":"","meta":{"_acf_changed":false},"pwb-brand":[],"product_brand":[],"product_cat":[1770,3087,3157,1767],"product_tag":[],"class_list":{"0":"post-388274","1":"product","2":"type-product","3":"status-publish","4":"has-post-thumbnail","6":"product_cat-boquilas","7":"product_cat-ordem-e-armazenamento","8":"product_cat-sets-de-bicos","9":"product_cat-utensilios","11":"first","12":"instock","13":"taxable","14":"shipping-taxable","15":"purchasable","16":"product-type-simple"},"acf":[],"df_price":8.69,"df_sale_price":6.09,"df_regular_price":8.69,"df_image_link":"https:\/\/glotomania.com\/wp-content\/uploads\/2025\/11\/img_16308_5b5454bb13d6df58f2bd79d3c9a89dde_1-13-300x300.jpg","brands":[],"_links":{"self":[{"href":"https:\/\/glotomania.com\/pt-pt\/wp-json\/wp\/v2\/product\/388274","targetHints":{"allow":["GET"]}}],"collection":[{"href":"https:\/\/glotomania.com\/pt-pt\/wp-json\/wp\/v2\/product"}],"about":[{"href":"https:\/\/glotomania.com\/pt-pt\/wp-json\/wp\/v2\/types\/product"}],"replies":[{"embeddable":true,"href":"https:\/\/glotomania.com\/pt-pt\/wp-json\/wp\/v2\/comments?post=388274"}],"wp:featuredmedia":[{"embeddable":true,"href":"https:\/\/glotomania.com\/pt-pt\/wp-json\/wp\/v2\/media\/336286"}],"wp:attachment":[{"href":"https:\/\/glotomania.com\/pt-pt\/wp-json\/wp\/v2\/media?parent=388274"}],"wp:term":[{"taxonomy":"pwb-brand","embeddable":true,"href":"https:\/\/glotomania.com\/pt-pt\/wp-json\/wp\/v2\/pwb-brand?post=388274"},{"taxonomy":"product_brand","embeddable":true,"href":"https:\/\/glotomania.com\/pt-pt\/wp-json\/wp\/v2\/product_brand?post=388274"},{"taxonomy":"product_cat","embeddable":true,"href":"https:\/\/glotomania.com\/pt-pt\/wp-json\/wp\/v2\/product_cat?post=388274"},{"taxonomy":"product_tag","embeddable":true,"href":"https:\/\/glotomania.com\/pt-pt\/wp-json\/wp\/v2\/product_tag?post=388274"}],"curies":[{"name":"wp","href":"https:\/\/api.w.org\/{rel}","templated":true}]}}