{"id":388278,"date":"2025-11-18T16:19:50","date_gmt":"2025-11-18T16:19:50","guid":{"rendered":"https:\/\/glotomania.com\/p\/dummy-forma-de-cono-60-cm-2\/"},"modified":"2026-03-10T16:06:33","modified_gmt":"2026-03-10T16:06:33","slug":"dummy-forma-de-cono-60-cm-2","status":"publish","type":"product","link":"https:\/\/glotomania.com\/pt-pt\/p\/dummy-forma-de-cono-60-cm-2\/","title":{"rendered":"Dummie Forma De Cono &#8211; 60 Cm"},"content":{"rendered":"<p>&nbsp;<\/p>\n<p><span><span style=\"font-size: 14px\">Pode ser coberto com pasta de a&ccedil;&uacute;car, doces,&#8230; ou decor&aacute;-lo como desejar, mantendo a sua densidade. Ideal para fazer bolos falsos para montras de lojas, mesas de doces e exposi&ccedil;&otilde;es.<\/span><\/span><\/p>\n<p><span><span style=\"font-size: 14px\">Feito de poliestireno expandido (poliexpam \/ porexpam).<\/span><\/span><\/p>\n<p><span><span style=\"font-size: 14px\"><strong>Dimens&otilde;es aproximadas:<\/strong><\/span><span style=\"font-size: 14px\">&nbsp;<\/span><span style=\"font-size: 14px\">Altura 60 cm.<\/span><\/span><\/p>\n<p><span><em><span style=\"font-size: 14px\">Vendido com pl&aacute;stico protector por unidade para assegurar o bom estado do produto.&nbsp;<\/span><\/em><\/span><\/p>\n<p><span><strong><span style=\"font-size: 14px\">Todos os nossos&nbsp;<\/span><\/strong><\/span><strong><span style=\"font-size: 14px\">dummies<\/span><\/strong><span><strong><span style=\"font-size: 14px\">&nbsp;s&atilde;o feitos de porexpam expandido de densidade 20 kls. e adequados para contacto alimentar, adaptando-se a qualquer tamanho e desenho.<\/span><\/strong><\/span><\/p>\n","protected":false},"excerpt":{"rendered":"<p>Dummie c\u00f3nico ideal para fazer pir\u00e2mides de macaron, e mesmo \u00e1rvores de Natal n\u00e3o comest\u00edveis.<\/p>\n","protected":false},"featured_media":299118,"comment_status":"open","ping_status":"closed","template":"","meta":{"_acf_changed":false},"pwb-brand":[],"product_brand":[],"product_cat":[3213,2907,2920,3087,1798,1849,1866,1767],"product_tag":[],"class_list":{"0":"post-388278","1":"product","2":"type-product","3":"status-publish","4":"has-post-thumbnail","6":"product_cat-dummies-redondos","7":"product_cat-festas","8":"product_cat-natal-2","9":"product_cat-ordem-e-armazenamento","10":"product_cat-dummies","11":"product_cat-fiestas","12":"product_cat-navidad","13":"product_cat-utensilios","15":"first","16":"instock","17":"taxable","18":"shipping-taxable","19":"purchasable","20":"product-type-simple"},"acf":[],"df_price":33.99,"df_sale_price":"","df_regular_price":33.99,"df_image_link":"https:\/\/glotomania.com\/wp-content\/uploads\/2025\/11\/img_27875_cb635b5ee554326f2fa45c53dc985502_1-300x300.jpg","brands":[],"_links":{"self":[{"href":"https:\/\/glotomania.com\/pt-pt\/wp-json\/wp\/v2\/product\/388278","targetHints":{"allow":["GET"]}}],"collection":[{"href":"https:\/\/glotomania.com\/pt-pt\/wp-json\/wp\/v2\/product"}],"about":[{"href":"https:\/\/glotomania.com\/pt-pt\/wp-json\/wp\/v2\/types\/product"}],"replies":[{"embeddable":true,"href":"https:\/\/glotomania.com\/pt-pt\/wp-json\/wp\/v2\/comments?post=388278"}],"wp:featuredmedia":[{"embeddable":true,"href":"https:\/\/glotomania.com\/pt-pt\/wp-json\/wp\/v2\/media\/299118"}],"wp:attachment":[{"href":"https:\/\/glotomania.com\/pt-pt\/wp-json\/wp\/v2\/media?parent=388278"}],"wp:term":[{"taxonomy":"pwb-brand","embeddable":true,"href":"https:\/\/glotomania.com\/pt-pt\/wp-json\/wp\/v2\/pwb-brand?post=388278"},{"taxonomy":"product_brand","embeddable":true,"href":"https:\/\/glotomania.com\/pt-pt\/wp-json\/wp\/v2\/product_brand?post=388278"},{"taxonomy":"product_cat","embeddable":true,"href":"https:\/\/glotomania.com\/pt-pt\/wp-json\/wp\/v2\/product_cat?post=388278"},{"taxonomy":"product_tag","embeddable":true,"href":"https:\/\/glotomania.com\/pt-pt\/wp-json\/wp\/v2\/product_tag?post=388278"}],"curies":[{"name":"wp","href":"https:\/\/api.w.org\/{rel}","templated":true}]}}