{"id":388283,"date":"2025-09-02T10:32:59","date_gmt":"2025-09-02T10:32:59","guid":{"rendered":"https:\/\/glotomania.com\/p\/colorante-en-polvo-funcakes-rojo-chili-2\/"},"modified":"2026-03-10T16:08:13","modified_gmt":"2026-03-10T16:08:13","slug":"colorante-en-polvo-funcakes-rojo-chili-2","status":"publish","type":"product","link":"https:\/\/glotomania.com\/pt-pt\/p\/colorante-en-polvo-funcakes-rojo-chili-2\/","title":{"rendered":"Corante Em P\u00d3 Funkakes &#8211; Vermelho Pimenta"},"content":{"rendered":"<p>\n<span style=\"font-size:14px\">Basta pincelar um pouco de corante alimentar em p&oacute; no bolo, flores de a&ccedil;&uacute;car ou decora&ccedil;&otilde;es para lhes dar cor ou textura.<\/span><\/p>\n<p><span style=\"font-size:14px\">Tamb&eacute;m se pode misturar o corante alimentar em p&oacute; com um pouco de &aacute;lcool alimentar (rejuvenescedor) para criar uma tinta comest&iacute;vel e utiliz&aacute;-lo em qualquer decora&ccedil;&atilde;o comest&iacute;vel.<\/span><\/p>\n<p><span style=\"font-size:14px\"><strong>Dosagem m&aacute;xima recomendada:<\/strong> 1,1 g por 1 kg de massa.<\/span><\/p>\n<p>&nbsp;<\/p>\n","protected":false},"excerpt":{"rendered":"<p>Funcakes 100% p\u00f3 alimentar comest\u00edvel, para conseguir cores e texturas incr\u00edveis nas nossas cria\u00e7\u00f5es.<\/p>\n","protected":false},"featured_media":349619,"comment_status":"open","ping_status":"closed","template":"","meta":{"_acf_changed":false},"pwb-brand":[],"product_brand":[],"product_cat":[2924,2953,2961,2953,2961,2996,2907,2997,2997,2920,2996,2907,2920,2924],"product_tag":[],"class_list":{"0":"post-388283","1":"product","2":"type-product","3":"status-publish","4":"has-post-thumbnail","6":"product_cat-sao-valentim-2","7":"product_cat-corantes-e-pinturas","8":"product_cat-corantes-em-po-2","11":"product_cat-produtos-vegetarianos","12":"product_cat-festas","13":"product_cat-halal","15":"product_cat-natal-2","21":"first","22":"instock","23":"taxable","24":"shipping-taxable","25":"purchasable","26":"product-type-simple"},"acf":[],"df_price":3.13,"df_sale_price":"","df_regular_price":3.13,"df_image_link":"https:\/\/glotomania.com\/wp-content\/uploads\/2025\/11\/img_16513_1e36936070655547c9356464fd7ac302_1-27-300x300.jpg","brands":[],"_links":{"self":[{"href":"https:\/\/glotomania.com\/pt-pt\/wp-json\/wp\/v2\/product\/388283","targetHints":{"allow":["GET"]}}],"collection":[{"href":"https:\/\/glotomania.com\/pt-pt\/wp-json\/wp\/v2\/product"}],"about":[{"href":"https:\/\/glotomania.com\/pt-pt\/wp-json\/wp\/v2\/types\/product"}],"replies":[{"embeddable":true,"href":"https:\/\/glotomania.com\/pt-pt\/wp-json\/wp\/v2\/comments?post=388283"}],"wp:featuredmedia":[{"embeddable":true,"href":"https:\/\/glotomania.com\/pt-pt\/wp-json\/wp\/v2\/media\/349619"}],"wp:attachment":[{"href":"https:\/\/glotomania.com\/pt-pt\/wp-json\/wp\/v2\/media?parent=388283"}],"wp:term":[{"taxonomy":"pwb-brand","embeddable":true,"href":"https:\/\/glotomania.com\/pt-pt\/wp-json\/wp\/v2\/pwb-brand?post=388283"},{"taxonomy":"product_brand","embeddable":true,"href":"https:\/\/glotomania.com\/pt-pt\/wp-json\/wp\/v2\/product_brand?post=388283"},{"taxonomy":"product_cat","embeddable":true,"href":"https:\/\/glotomania.com\/pt-pt\/wp-json\/wp\/v2\/product_cat?post=388283"},{"taxonomy":"product_tag","embeddable":true,"href":"https:\/\/glotomania.com\/pt-pt\/wp-json\/wp\/v2\/product_tag?post=388283"}],"curies":[{"name":"wp","href":"https:\/\/api.w.org\/{rel}","templated":true}]}}