{"id":388290,"date":"2025-09-02T10:33:08","date_gmt":"2025-09-02T10:33:08","guid":{"rendered":"https:\/\/glotomania.com\/p\/set-para-pastel-de-navidad-scrapcooking-2\/"},"modified":"2026-04-26T00:20:05","modified_gmt":"2026-04-26T00:20:05","slug":"set-para-pastel-de-navidad-scrapcooking-2","status":"publish","type":"product","link":"https:\/\/glotomania.com\/pt-pt\/p\/set-para-pastel-de-navidad-scrapcooking-2\/","title":{"rendered":"Conjunto Para Bolo De Natal Scrapcooking"},"content":{"rendered":"<p>\n<span style=\"font-size:14px\"><strong>O conjunto inclui: <\/strong>1 tapete, 1 bocal em estrela, 1 bocal em flor, 4 sacos de tubagem + receita.<br \/>\n<strong>Os bicos<\/strong> s&atilde;o feitos de a&ccedil;o inoxid&aacute;vel seguro para alimentos.<br \/>\n<strong>Os sacos de tubagem<\/strong> s&atilde;o feitos de pl&aacute;stico de alta qualidade e seguro para os alimentos.<br \/>\n<strong>O tapete<\/strong> &eacute; seguro para m&aacute;quina de lavar lou&ccedil;a, adequado para fornos convencionais e el&eacute;ctricos, adequado para temperaturas de -40 &ordm;C a 230 &ordm;C. Feito de 100% de silicone platina, seguro para alimentos.<br \/>\n<strong>Dimens&otilde;es aproximadas: <\/strong>27 x 36 cm.<br \/>\n<strong>Precau&ccedil;&otilde;es de utiliza&ccedil;&atilde;o: <\/strong>N&atilde;o colocar em contacto directo com uma chama ou sobre uma placa el&eacute;ctrica de aquecimento. N&atilde;o utilizar ferramentas com arestas afiadas no molde. Antes da primeira utiliza&ccedil;&atilde;o, lavar o tapete em &aacute;gua morna sem detergente.<\/span><\/p>\n<p><em><span style=\"font-size:14px\">Este produto n&atilde;o est&aacute; dispon&iacute;vel para a B&eacute;lgica, Fran&ccedil;a e Su&iacute;&ccedil;a.<\/span><\/em><\/p>\n","protected":false},"excerpt":{"rendered":"<p>Este kit de Scrapcooking cont\u00e9m tudo o que \u00e9 necess\u00e1rio para fazer um bolo de Natal deslumbrante.<\/p>\n","protected":false},"featured_media":347008,"comment_status":"open","ping_status":"closed","template":"","meta":{"_acf_changed":false},"pwb-brand":[],"product_brand":[],"product_cat":[3106,1820,1770,2907,1883,2920,3087,1849,1866,3126,3157,1828,3143,1767],"product_tag":[],"class_list":{"0":"post-388290","1":"product","2":"type-product","3":"status-publish","4":"has-post-thumbnail","6":"product_cat-basicos-de-pastelaria","7":"product_cat-basicos","8":"product_cat-boquilas","9":"product_cat-festas","10":"product_cat-mangas-pasteleras","11":"product_cat-natal-2","12":"product_cat-ordem-e-armazenamento","13":"product_cat-fiestas","14":"product_cat-navidad","15":"product_cat-sacos-de-pasteleiro-e-acessorios-2","16":"product_cat-sets-de-bicos","17":"product_cat-tapetes-silicona","18":"product_cat-tapetes-de-silicone-2","19":"product_cat-utensilios","21":"first","22":"instock","23":"taxable","24":"shipping-taxable","25":"purchasable","26":"product-type-simple"},"acf":[],"df_price":15.57,"df_sale_price":15.57,"df_regular_price":22.25,"df_image_link":"https:\/\/glotomania.com\/wp-content\/uploads\/2025\/11\/img_16546_5a03dedc6b4f65737e2b6c9a9e90cea0_1-25-300x300.jpg","brands":[],"_links":{"self":[{"href":"https:\/\/glotomania.com\/pt-pt\/wp-json\/wp\/v2\/product\/388290","targetHints":{"allow":["GET"]}}],"collection":[{"href":"https:\/\/glotomania.com\/pt-pt\/wp-json\/wp\/v2\/product"}],"about":[{"href":"https:\/\/glotomania.com\/pt-pt\/wp-json\/wp\/v2\/types\/product"}],"replies":[{"embeddable":true,"href":"https:\/\/glotomania.com\/pt-pt\/wp-json\/wp\/v2\/comments?post=388290"}],"wp:featuredmedia":[{"embeddable":true,"href":"https:\/\/glotomania.com\/pt-pt\/wp-json\/wp\/v2\/media\/347008"}],"wp:attachment":[{"href":"https:\/\/glotomania.com\/pt-pt\/wp-json\/wp\/v2\/media?parent=388290"}],"wp:term":[{"taxonomy":"pwb-brand","embeddable":true,"href":"https:\/\/glotomania.com\/pt-pt\/wp-json\/wp\/v2\/pwb-brand?post=388290"},{"taxonomy":"product_brand","embeddable":true,"href":"https:\/\/glotomania.com\/pt-pt\/wp-json\/wp\/v2\/product_brand?post=388290"},{"taxonomy":"product_cat","embeddable":true,"href":"https:\/\/glotomania.com\/pt-pt\/wp-json\/wp\/v2\/product_cat?post=388290"},{"taxonomy":"product_tag","embeddable":true,"href":"https:\/\/glotomania.com\/pt-pt\/wp-json\/wp\/v2\/product_tag?post=388290"}],"curies":[{"name":"wp","href":"https:\/\/api.w.org\/{rel}","templated":true}]}}