{"id":388292,"date":"2025-09-02T10:33:10","date_gmt":"2025-09-02T10:33:10","guid":{"rendered":"https:\/\/glotomania.com\/p\/molde-silicona-3d-silikomart-honore-2\/"},"modified":"2026-04-14T12:03:42","modified_gmt":"2026-04-14T12:03:42","slug":"molde-silicona-3d-silikomart-honore-2","status":"publish","type":"product","link":"https:\/\/glotomania.com\/pt-pt\/p\/molde-silicona-3d-silikomart-honore-2\/","title":{"rendered":"Molde Silicone 3d Silikomart &#8211; Honore"},"content":{"rendered":"<p>\n<span style=\"font-size:14px\">O molde SIlikomart Honor&eacute; garante resultados impec&aacute;veis n&atilde;o s&oacute; na vers&atilde;o semifreddo e mousse, mas tamb&eacute;m na vers&atilde;o cozida. O molde tem um aro interior inovador no topo que dar&aacute; &agrave;s suas cria&ccedil;&otilde;es uma forma ligeiramente arredondada.<\/span><\/p>\n<p><span style=\"font-size:14px\">Este molde Silikomart &eacute; seguro para forno, frigor&iacute;fico, fric&ccedil;&atilde;o e m&aacute;quina de lavar lou&ccedil;a. &Eacute; adequado para temperaturas de -60 &deg;C at&eacute; + 230 &deg;C.<\/span><\/p>\n<p><span style=\"font-size:14px\">Fabricado em silicone de platina de alta qualidade e seguro para os alimentos.<\/span><\/p>\n<p><span style=\"font-size:14px\"><strong>Dimens&otilde;es<\/strong>: 19,5 x 7 cm.&nbsp;<\/span><\/p>\n<p><span style=\"font-size:14px\"><strong>Volume<\/strong>: 1600 ml.<\/span><\/p>\n<p>&nbsp;<\/p>\n","protected":false},"excerpt":{"rendered":"<p>O molde Honor\u00e9 tem uma forma sumptuosa e elegante que revisita uma tradi\u00e7\u00e3o cl\u00e1ssica francesa de uma forma f\u00e1cil e contempor\u00e2nea.<\/p>\n","protected":false},"featured_media":346990,"comment_status":"open","ping_status":"closed","template":"","meta":{"_acf_changed":false},"pwb-brand":[],"product_brand":[],"product_cat":[3214,3222,3087,1801,1810,1767],"product_tag":[],"class_list":{"0":"post-388292","1":"product","2":"type-product","3":"status-publish","4":"has-post-thumbnail","6":"product_cat-moldes-de-pastelaria","7":"product_cat-moldes-de-silicone","8":"product_cat-ordem-e-armazenamento","9":"product_cat-moldes","10":"product_cat-moldes-silicona","11":"product_cat-utensilios","13":"first","14":"instock","15":"taxable","16":"shipping-taxable","17":"purchasable","18":"product-type-simple"},"acf":[],"df_price":33.81,"df_sale_price":"","df_regular_price":33.81,"df_image_link":"https:\/\/glotomania.com\/wp-content\/uploads\/2025\/11\/img_16559_08baebcab7da690aebbb0bede7ed209c_1-22-300x300.jpg","brands":[],"_links":{"self":[{"href":"https:\/\/glotomania.com\/pt-pt\/wp-json\/wp\/v2\/product\/388292","targetHints":{"allow":["GET"]}}],"collection":[{"href":"https:\/\/glotomania.com\/pt-pt\/wp-json\/wp\/v2\/product"}],"about":[{"href":"https:\/\/glotomania.com\/pt-pt\/wp-json\/wp\/v2\/types\/product"}],"replies":[{"embeddable":true,"href":"https:\/\/glotomania.com\/pt-pt\/wp-json\/wp\/v2\/comments?post=388292"}],"wp:featuredmedia":[{"embeddable":true,"href":"https:\/\/glotomania.com\/pt-pt\/wp-json\/wp\/v2\/media\/346990"}],"wp:attachment":[{"href":"https:\/\/glotomania.com\/pt-pt\/wp-json\/wp\/v2\/media?parent=388292"}],"wp:term":[{"taxonomy":"pwb-brand","embeddable":true,"href":"https:\/\/glotomania.com\/pt-pt\/wp-json\/wp\/v2\/pwb-brand?post=388292"},{"taxonomy":"product_brand","embeddable":true,"href":"https:\/\/glotomania.com\/pt-pt\/wp-json\/wp\/v2\/product_brand?post=388292"},{"taxonomy":"product_cat","embeddable":true,"href":"https:\/\/glotomania.com\/pt-pt\/wp-json\/wp\/v2\/product_cat?post=388292"},{"taxonomy":"product_tag","embeddable":true,"href":"https:\/\/glotomania.com\/pt-pt\/wp-json\/wp\/v2\/product_tag?post=388292"}],"curies":[{"name":"wp","href":"https:\/\/api.w.org\/{rel}","templated":true}]}}