{"id":388294,"date":"2025-09-02T10:33:11","date_gmt":"2025-09-02T10:33:11","guid":{"rendered":"https:\/\/glotomania.com\/p\/molde-origami-geometrico-silikomart-amore-corazon-2\/"},"modified":"2026-04-26T00:20:06","modified_gmt":"2026-04-26T00:20:06","slug":"molde-origami-geometrico-silikomart-amore-corazon-2","status":"publish","type":"product","link":"https:\/\/glotomania.com\/pt-pt\/p\/molde-origami-geometrico-silikomart-amore-corazon-2\/","title":{"rendered":"Molde Origami Geometrico Silikomart &#8211; &#8220;amore&#8221; Cora\u00c7ao"},"content":{"rendered":"<p>\n<span style=\"font-size:14px\">O molde SIlikomart Amore garante resultados impec&aacute;veis n&atilde;o s&oacute; na vers&atilde;o semi-freddo e mousse, mas tamb&eacute;m na vers&atilde;o cozida. Com o cortador de pl&aacute;stico &eacute; poss&iacute;vel criar inser&ccedil;&otilde;es e bases de sobremesa que se ajustam perfeitamente &agrave; forma do molde.<\/span><\/p>\n<p><span style=\"font-size:14px\">Este molde Silikomart &eacute; seguro para forno, frigor&iacute;fico, congelador e m&aacute;quina de lavar lou&ccedil;a.&nbsp;<\/span><\/p>\n<p><span style=\"font-size:14px\">Feito de silicone anti-aderente de alta qualidade fabricado em It&aacute;lia, &eacute; seguro para os alimentos, incolor e sem sabor.<\/span><\/p>\n<p><span style=\"font-size:14px\"><strong>Dimens&otilde;es<\/strong>: 15 x 13,5 x 5,5 cm.&nbsp;<\/span><\/p>\n<p><span style=\"font-size:14px\"><strong>Volume<\/strong>: 600 ml.<\/span><\/p>\n","protected":false},"excerpt":{"rendered":"<p>Com este molde Silikomart pode fazer cora\u00e7\u00f5es geom\u00e9tricos perfeitos, misturando amor com arte japonesa antiga.<\/p>\n","protected":false},"featured_media":347030,"comment_status":"open","ping_status":"closed","template":"","meta":{"_acf_changed":false},"pwb-brand":[],"product_brand":[],"product_cat":[2907,3214,3222,3087,2924,1852,1801,1810,1849,1767],"product_tag":[],"class_list":{"0":"post-388294","1":"product","2":"type-product","3":"status-publish","4":"has-post-thumbnail","6":"product_cat-festas","7":"product_cat-moldes-de-pastelaria","8":"product_cat-moldes-de-silicone","9":"product_cat-ordem-e-armazenamento","10":"product_cat-sao-valentim-2","11":"product_cat-san-valentin","12":"product_cat-moldes","13":"product_cat-moldes-silicona","14":"product_cat-fiestas","15":"product_cat-utensilios","17":"first","18":"instock","19":"taxable","20":"shipping-taxable","21":"purchasable","22":"product-type-simple"},"acf":[],"df_price":21.34,"df_sale_price":21.34,"df_regular_price":30.49,"df_image_link":"https:\/\/glotomania.com\/wp-content\/uploads\/2025\/11\/img_16565_3b5ca2b4b9a3375a7f6643084bf59017_1-20-300x300.jpg","brands":[],"_links":{"self":[{"href":"https:\/\/glotomania.com\/pt-pt\/wp-json\/wp\/v2\/product\/388294","targetHints":{"allow":["GET"]}}],"collection":[{"href":"https:\/\/glotomania.com\/pt-pt\/wp-json\/wp\/v2\/product"}],"about":[{"href":"https:\/\/glotomania.com\/pt-pt\/wp-json\/wp\/v2\/types\/product"}],"replies":[{"embeddable":true,"href":"https:\/\/glotomania.com\/pt-pt\/wp-json\/wp\/v2\/comments?post=388294"}],"wp:featuredmedia":[{"embeddable":true,"href":"https:\/\/glotomania.com\/pt-pt\/wp-json\/wp\/v2\/media\/347030"}],"wp:attachment":[{"href":"https:\/\/glotomania.com\/pt-pt\/wp-json\/wp\/v2\/media?parent=388294"}],"wp:term":[{"taxonomy":"pwb-brand","embeddable":true,"href":"https:\/\/glotomania.com\/pt-pt\/wp-json\/wp\/v2\/pwb-brand?post=388294"},{"taxonomy":"product_brand","embeddable":true,"href":"https:\/\/glotomania.com\/pt-pt\/wp-json\/wp\/v2\/product_brand?post=388294"},{"taxonomy":"product_cat","embeddable":true,"href":"https:\/\/glotomania.com\/pt-pt\/wp-json\/wp\/v2\/product_cat?post=388294"},{"taxonomy":"product_tag","embeddable":true,"href":"https:\/\/glotomania.com\/pt-pt\/wp-json\/wp\/v2\/product_tag?post=388294"}],"curies":[{"name":"wp","href":"https:\/\/api.w.org\/{rel}","templated":true}]}}