{"id":388295,"date":"2025-09-02T10:33:12","date_gmt":"2025-09-02T10:33:12","guid":{"rendered":"https:\/\/glotomania.com\/p\/molde-origami-geometrico-silikomart-amorini-corazones-2\/"},"modified":"2026-03-10T16:08:49","modified_gmt":"2026-03-10T16:08:49","slug":"molde-origami-geometrico-silikomart-amorini-corazones-2","status":"publish","type":"product","link":"https:\/\/glotomania.com\/pt-pt\/p\/molde-origami-geometrico-silikomart-amorini-corazones-2\/","title":{"rendered":"Molde Origami Geometrico Silikomart &#8211; &#8220;amorini&#8221; Cora\u00c7oes"},"content":{"rendered":"<p>\n<span style=\"font-size:14px\">O molde Amorini da SIlikomart garante resultados impec&aacute;veis n&atilde;o s&oacute; na vers&atilde;o semi-freddo e mousse, mas tamb&eacute;m na vers&atilde;o cozida. Com o cortador de pl&aacute;stico &eacute; poss&iacute;vel criar inser&ccedil;&otilde;es e bases de sobremesa que se ajustam perfeitamente &agrave; forma do molde.<\/span><\/p>\n<p><span style=\"font-size:14px\">Este molde Silikomart &eacute; seguro para forno, frigor&iacute;fico, congelador e m&aacute;quina de lavar lou&ccedil;a.&nbsp;<\/span><\/p>\n<p><span style=\"font-size:14px\">Fabricado em silicone n&atilde;o aderente de alta qualidade fabricado em It&aacute;lia, seguro para os alimentos, incolor e sem sabor.<\/span><\/p>\n<p><span style=\"font-size:14px\"><strong>Dimens&otilde;es<\/strong>: 7,4 x 8,4 x 3,5 cm.&nbsp;<\/span><\/p>\n<p><span style=\"font-size:14px\"><strong>Volume<\/strong>: 6 x 110 ml (660 ml no total).<\/span><\/p>\n","protected":false},"excerpt":{"rendered":"<p>Com este molde Silikomart pode fazer cora\u00e7\u00f5es geom\u00e9tricos perfeitos, misturando amor com arte japonesa antiga.<\/p>\n","protected":false},"featured_media":349653,"comment_status":"open","ping_status":"closed","template":"","meta":{"_acf_changed":false},"pwb-brand":[],"product_brand":[],"product_cat":[1852,2907,3214,1801,1810,3222,3087,1849,2924,1767],"product_tag":[],"class_list":{"0":"post-388295","1":"product","2":"type-product","3":"status-publish","4":"has-post-thumbnail","6":"product_cat-san-valentin","7":"product_cat-festas","8":"product_cat-moldes-de-pastelaria","9":"product_cat-moldes","10":"product_cat-moldes-silicona","11":"product_cat-moldes-de-silicone","12":"product_cat-ordem-e-armazenamento","13":"product_cat-fiestas","14":"product_cat-sao-valentim-2","15":"product_cat-utensilios","17":"first","18":"instock","19":"taxable","20":"shipping-taxable","21":"purchasable","22":"product-type-simple"},"acf":[],"df_price":29.21,"df_sale_price":"","df_regular_price":29.21,"df_image_link":"https:\/\/glotomania.com\/wp-content\/uploads\/2025\/11\/img_16568_e2225ded129690664fbc875d65af24a0_1-28-300x300.jpg","brands":[],"_links":{"self":[{"href":"https:\/\/glotomania.com\/pt-pt\/wp-json\/wp\/v2\/product\/388295","targetHints":{"allow":["GET"]}}],"collection":[{"href":"https:\/\/glotomania.com\/pt-pt\/wp-json\/wp\/v2\/product"}],"about":[{"href":"https:\/\/glotomania.com\/pt-pt\/wp-json\/wp\/v2\/types\/product"}],"replies":[{"embeddable":true,"href":"https:\/\/glotomania.com\/pt-pt\/wp-json\/wp\/v2\/comments?post=388295"}],"wp:featuredmedia":[{"embeddable":true,"href":"https:\/\/glotomania.com\/pt-pt\/wp-json\/wp\/v2\/media\/349653"}],"wp:attachment":[{"href":"https:\/\/glotomania.com\/pt-pt\/wp-json\/wp\/v2\/media?parent=388295"}],"wp:term":[{"taxonomy":"pwb-brand","embeddable":true,"href":"https:\/\/glotomania.com\/pt-pt\/wp-json\/wp\/v2\/pwb-brand?post=388295"},{"taxonomy":"product_brand","embeddable":true,"href":"https:\/\/glotomania.com\/pt-pt\/wp-json\/wp\/v2\/product_brand?post=388295"},{"taxonomy":"product_cat","embeddable":true,"href":"https:\/\/glotomania.com\/pt-pt\/wp-json\/wp\/v2\/product_cat?post=388295"},{"taxonomy":"product_tag","embeddable":true,"href":"https:\/\/glotomania.com\/pt-pt\/wp-json\/wp\/v2\/product_tag?post=388295"}],"curies":[{"name":"wp","href":"https:\/\/api.w.org\/{rel}","templated":true}]}}