{"id":388299,"date":"2025-09-02T10:33:15","date_gmt":"2025-09-02T10:33:15","guid":{"rendered":"https:\/\/glotomania.com\/p\/molde-silicona-3d-silikomart-gioia-2\/"},"modified":"2026-04-24T00:18:21","modified_gmt":"2026-04-24T00:18:21","slug":"molde-silicona-3d-silikomart-gioia-2","status":"publish","type":"product","link":"https:\/\/glotomania.com\/pt-pt\/p\/molde-silicona-3d-silikomart-gioia-2\/","title":{"rendered":"Molde Silicone 3d Silikomart &#8211; Goia"},"content":{"rendered":"<p>&nbsp;<\/p>\n<p><span style=\"font-size:14px\">O molde Gioia da SIlikomart garante resultados perfeitos n&atilde;o s&oacute; nas vers&otilde;es semifreddo e mousse, mas tamb&eacute;m na vers&atilde;o cozida. O molde tem um aro interior inovador no topo que d&aacute; &agrave;s suas cria&ccedil;&otilde;es uma forma ligeiramente arredondada.<\/span><\/p>\n<p><span style=\"font-size:14px\">Este Silikomart &eacute; seguro para fornos, frigor&iacute;ficos e m&aacute;quinas de lavar loi&ccedil;a. &Eacute; adequado para temperaturas que v&atilde;o de -60&deg;C a + 230&deg;C.<\/span><\/p>\n<p><span style=\"font-size:14px\">Feito de silicone de platina de alta qualidade, seguro para alimentos.<\/span><\/p>\n<p><span style=\"font-size:14px\"><strong>Dimens&otilde;es: <\/strong>21 x 7 cm.&nbsp;<\/span><\/p>\n<p><span style=\"font-size:14px\"><strong>Volume: <\/strong>1660 ml.<\/span><\/p>\n","protected":false},"excerpt":{"rendered":"<p>O molde de silicone Gioia da Silikomart, com um design geom\u00e9trico fant\u00e1stico, perfeito para qualquer ocasi\u00e3o.<\/p>\n","protected":false},"featured_media":349716,"comment_status":"open","ping_status":"closed","template":"","meta":{"_acf_changed":false},"pwb-brand":[],"product_brand":[],"product_cat":[3214,3222,3087,1801,1810,1767],"product_tag":[],"class_list":{"0":"post-388299","1":"product","2":"type-product","3":"status-publish","4":"has-post-thumbnail","6":"product_cat-moldes-de-pastelaria","7":"product_cat-moldes-de-silicone","8":"product_cat-ordem-e-armazenamento","9":"product_cat-moldes","10":"product_cat-moldes-silicona","11":"product_cat-utensilios","13":"first","14":"instock","15":"taxable","16":"shipping-taxable","17":"purchasable","18":"product-type-simple"},"acf":[],"df_price":18.28,"df_sale_price":18.28,"df_regular_price":26.11,"df_image_link":"https:\/\/glotomania.com\/wp-content\/uploads\/2025\/11\/img_16585_2e463baa8c8b424472f4d0de457d8ec4_1-31-300x300.jpg","brands":[],"_links":{"self":[{"href":"https:\/\/glotomania.com\/pt-pt\/wp-json\/wp\/v2\/product\/388299","targetHints":{"allow":["GET"]}}],"collection":[{"href":"https:\/\/glotomania.com\/pt-pt\/wp-json\/wp\/v2\/product"}],"about":[{"href":"https:\/\/glotomania.com\/pt-pt\/wp-json\/wp\/v2\/types\/product"}],"replies":[{"embeddable":true,"href":"https:\/\/glotomania.com\/pt-pt\/wp-json\/wp\/v2\/comments?post=388299"}],"wp:featuredmedia":[{"embeddable":true,"href":"https:\/\/glotomania.com\/pt-pt\/wp-json\/wp\/v2\/media\/349716"}],"wp:attachment":[{"href":"https:\/\/glotomania.com\/pt-pt\/wp-json\/wp\/v2\/media?parent=388299"}],"wp:term":[{"taxonomy":"pwb-brand","embeddable":true,"href":"https:\/\/glotomania.com\/pt-pt\/wp-json\/wp\/v2\/pwb-brand?post=388299"},{"taxonomy":"product_brand","embeddable":true,"href":"https:\/\/glotomania.com\/pt-pt\/wp-json\/wp\/v2\/product_brand?post=388299"},{"taxonomy":"product_cat","embeddable":true,"href":"https:\/\/glotomania.com\/pt-pt\/wp-json\/wp\/v2\/product_cat?post=388299"},{"taxonomy":"product_tag","embeddable":true,"href":"https:\/\/glotomania.com\/pt-pt\/wp-json\/wp\/v2\/product_tag?post=388299"}],"curies":[{"name":"wp","href":"https:\/\/api.w.org\/{rel}","templated":true}]}}