{"id":388301,"date":"2025-09-02T10:33:17","date_gmt":"2025-09-02T10:33:17","guid":{"rendered":"https:\/\/glotomania.com\/p\/molde-silicona-3d-silikomart-eleganza-2\/"},"modified":"2026-04-26T00:20:07","modified_gmt":"2026-04-26T00:20:07","slug":"molde-silicona-3d-silikomart-eleganza-2","status":"publish","type":"product","link":"https:\/\/glotomania.com\/pt-pt\/p\/molde-silicona-3d-silikomart-eleganza-2\/","title":{"rendered":"Molde Silicone 3d Silikomart &#8211; Eleganza"},"content":{"rendered":"<p>&nbsp;<\/p>\n<p><span style=\"font-size:14px\">O molde SIlikomart Intreccio garante resultados impec&aacute;veis n&atilde;o s&oacute; na vers&atilde;o semi-freddo e mousse, mas tamb&eacute;m na vers&atilde;o cozida. O molde tem um aro interior inovador no topo que dar&aacute; &agrave;s suas cria&ccedil;&otilde;es uma forma ligeiramente arredondada.<\/span><\/p>\n<p><span style=\"font-size:14px\">Este molde Silikomart &eacute; seguro para fornos, frigor&iacute;ficos e m&aacute;quinas de lavar lou&ccedil;a. &Eacute; adequado para temperaturas de -60 &deg;C a + 230 &deg;C.<\/span><\/p>\n<p><span style=\"font-size:14px\">Fabricado em silicone de platina de alta qualidade e seguro para os alimentos.<\/span><\/p>\n<p><span style=\"font-size:14px\"><strong>Dimens&otilde;es<\/strong>: 21 x 7 cm.&nbsp;<\/span><\/p>\n<p><span style=\"font-size:14px\"><strong>Volume<\/strong>: 1650 ml.<\/span><\/p>\n","protected":false},"excerpt":{"rendered":"<p>O seu design faz lembrar fios entrela\u00e7ados, cruzados e atados, criando uma decora\u00e7\u00e3o delicada e sofisticada.<\/p>\n","protected":false},"featured_media":349668,"comment_status":"open","ping_status":"closed","template":"","meta":{"_acf_changed":false},"pwb-brand":[],"product_brand":[],"product_cat":[3214,1801,1810,3222,3087,1767],"product_tag":[],"class_list":{"0":"post-388301","1":"product","2":"type-product","3":"status-publish","4":"has-post-thumbnail","6":"product_cat-moldes-de-pastelaria","7":"product_cat-moldes","8":"product_cat-moldes-silicona","9":"product_cat-moldes-de-silicone","10":"product_cat-ordem-e-armazenamento","11":"product_cat-utensilios","13":"first","14":"instock","15":"taxable","16":"shipping-taxable","17":"purchasable","18":"product-type-simple"},"acf":[],"df_price":23.06,"df_sale_price":23.06,"df_regular_price":32.95,"df_image_link":"https:\/\/glotomania.com\/wp-content\/uploads\/2025\/11\/img_16595_f5245b1681223e1eadb155c1a93ed86e_1-22-300x300.jpg","brands":[],"_links":{"self":[{"href":"https:\/\/glotomania.com\/pt-pt\/wp-json\/wp\/v2\/product\/388301","targetHints":{"allow":["GET"]}}],"collection":[{"href":"https:\/\/glotomania.com\/pt-pt\/wp-json\/wp\/v2\/product"}],"about":[{"href":"https:\/\/glotomania.com\/pt-pt\/wp-json\/wp\/v2\/types\/product"}],"replies":[{"embeddable":true,"href":"https:\/\/glotomania.com\/pt-pt\/wp-json\/wp\/v2\/comments?post=388301"}],"wp:featuredmedia":[{"embeddable":true,"href":"https:\/\/glotomania.com\/pt-pt\/wp-json\/wp\/v2\/media\/349668"}],"wp:attachment":[{"href":"https:\/\/glotomania.com\/pt-pt\/wp-json\/wp\/v2\/media?parent=388301"}],"wp:term":[{"taxonomy":"pwb-brand","embeddable":true,"href":"https:\/\/glotomania.com\/pt-pt\/wp-json\/wp\/v2\/pwb-brand?post=388301"},{"taxonomy":"product_brand","embeddable":true,"href":"https:\/\/glotomania.com\/pt-pt\/wp-json\/wp\/v2\/product_brand?post=388301"},{"taxonomy":"product_cat","embeddable":true,"href":"https:\/\/glotomania.com\/pt-pt\/wp-json\/wp\/v2\/product_cat?post=388301"},{"taxonomy":"product_tag","embeddable":true,"href":"https:\/\/glotomania.com\/pt-pt\/wp-json\/wp\/v2\/product_tag?post=388301"}],"curies":[{"name":"wp","href":"https:\/\/api.w.org\/{rel}","templated":true}]}}