{"id":388351,"date":"2025-09-02T10:33:47","date_gmt":"2025-09-02T10:33:47","guid":{"rendered":"https:\/\/glotomania.com\/p\/decoraciones-de-azucar-funcakes-muneco-de-jengibre-2\/"},"modified":"2026-03-10T16:11:07","modified_gmt":"2026-03-10T16:11:07","slug":"decoraciones-de-azucar-funcakes-muneco-de-jengibre-2","status":"publish","type":"product","link":"https:\/\/glotomania.com\/pt-pt\/p\/decoraciones-de-azucar-funcakes-muneco-de-jengibre-2\/","title":{"rendered":"Decora\u00c7\u00d5es Em A\u00c7\u00dacar Funcakes &#8211; Boneco De Gengibre"},"content":{"rendered":"<p>&nbsp;<\/p>\n<p><span style=\"font-size:14px\"><strong>Tamanho aproximado<\/strong>: 2 x 2,5 cm.<\/span><\/p>\n<p><span style=\"font-size:14px\">A caixa cont&eacute;m 12 pe&ccedil;as.<\/span><\/p>\n","protected":false},"excerpt":{"rendered":"<p>Inclui 12 divertidas figuras de p\u00e3o de gengibre Funcakes, com 2 desenhos diferentes para as nossas cria\u00e7\u00f5es de Natal.<\/p>\n","protected":false},"featured_media":349768,"comment_status":"open","ping_status":"closed","template":"","meta":{"_acf_changed":false},"pwb-brand":[],"product_brand":[],"product_cat":[1839,2979,2907,2988,1999,2920,1849,1866],"product_tag":[],"class_list":{"0":"post-388351","1":"product","2":"type-product","3":"status-publish","4":"has-post-thumbnail","6":"product_cat-decoracion-comestible","7":"product_cat-decoracoes-comestiveis-2","8":"product_cat-festas","9":"product_cat-figuras-de-acucar-comestiveis-2","10":"product_cat-figuras-de-azucar","11":"product_cat-natal-2","12":"product_cat-fiestas","13":"product_cat-navidad","15":"first","16":"instock","17":"taxable","18":"shipping-taxable","19":"purchasable","20":"product-type-simple"},"acf":[],"df_price":4.62,"df_sale_price":"","df_regular_price":4.62,"df_image_link":"https:\/\/glotomania.com\/wp-content\/uploads\/2025\/11\/img_16996_65a39187cddc820186174fe6742be188_1-28-300x300.jpg","brands":[],"_links":{"self":[{"href":"https:\/\/glotomania.com\/pt-pt\/wp-json\/wp\/v2\/product\/388351","targetHints":{"allow":["GET"]}}],"collection":[{"href":"https:\/\/glotomania.com\/pt-pt\/wp-json\/wp\/v2\/product"}],"about":[{"href":"https:\/\/glotomania.com\/pt-pt\/wp-json\/wp\/v2\/types\/product"}],"replies":[{"embeddable":true,"href":"https:\/\/glotomania.com\/pt-pt\/wp-json\/wp\/v2\/comments?post=388351"}],"wp:featuredmedia":[{"embeddable":true,"href":"https:\/\/glotomania.com\/pt-pt\/wp-json\/wp\/v2\/media\/349768"}],"wp:attachment":[{"href":"https:\/\/glotomania.com\/pt-pt\/wp-json\/wp\/v2\/media?parent=388351"}],"wp:term":[{"taxonomy":"pwb-brand","embeddable":true,"href":"https:\/\/glotomania.com\/pt-pt\/wp-json\/wp\/v2\/pwb-brand?post=388351"},{"taxonomy":"product_brand","embeddable":true,"href":"https:\/\/glotomania.com\/pt-pt\/wp-json\/wp\/v2\/product_brand?post=388351"},{"taxonomy":"product_cat","embeddable":true,"href":"https:\/\/glotomania.com\/pt-pt\/wp-json\/wp\/v2\/product_cat?post=388351"},{"taxonomy":"product_tag","embeddable":true,"href":"https:\/\/glotomania.com\/pt-pt\/wp-json\/wp\/v2\/product_tag?post=388351"}],"curies":[{"name":"wp","href":"https:\/\/api.w.org\/{rel}","templated":true}]}}