{"id":388364,"date":"2025-09-02T10:33:55","date_gmt":"2025-09-02T10:33:55","guid":{"rendered":"https:\/\/glotomania.com\/p\/base-redonda\/"},"modified":"2026-03-10T16:11:36","modified_gmt":"2026-03-10T16:11:36","slug":"base-redonda","status":"publish","type":"product","link":"https:\/\/glotomania.com\/pt-pt\/p\/base-redonda\/","title":{"rendered":"Base Redonda Prata &#8211; 24 Cm \u00d8 \/ 3 Mm Espessura (10 U)"},"content":{"rendered":"<div>&nbsp;<\/div>\n<div><span style=\"color:#000000\"><span style=\"font-size:14px\">Dispon&iacute;vel em diferentes formatos e cores.<\/span><\/span><\/div>\n<div>\n<span style=\"color:#000000\"><span style=\"font-size:14px\">Fabricado em cart&atilde;o resistente, adequado para uso alimentar.&nbsp;<\/span><\/span><\/div>\n<div>\n<span style=\"color:#000000\"><span style=\"font-size:14px\"><strong>Medidas: <\/strong>24 cm &Oslash; &#8211; 3 mm de espessura.<\/span><\/span><br \/>\n&nbsp;<\/div>\n<div><span style=\"color:#000000\"><span style=\"font-size:14px\"><em>Vendido em pacotes de 10 unidades.<\/em><\/span><\/span><\/div>\n","protected":false},"excerpt":{"rendered":"<p>Base de bolo redonda com borda ondulada, perfeita para as nossas elabora\u00e7\u00f5es devido \u00e0 sua grande rigidez.<\/p>\n","protected":false},"featured_media":153871,"comment_status":"open","ping_status":"closed","template":"","meta":{"_acf_changed":false},"pwb-brand":[],"product_brand":[],"product_cat":[3093,3093,3087,3087],"product_tag":[],"class_list":{"0":"post-388364","1":"product","2":"type-product","3":"status-publish","4":"has-post-thumbnail","6":"product_cat-bases-para-bolos-2","8":"product_cat-ordem-e-armazenamento","11":"first","12":"instock","13":"taxable","14":"shipping-taxable","15":"purchasable","16":"product-type-simple"},"acf":[],"df_price":11.88,"df_sale_price":"","df_regular_price":11.88,"df_image_link":"https:\/\/glotomania.com\/wp-content\/uploads\/2025\/09\/img_21153_159d121a182ce7dc91836b8997372736_1-300x300.png","brands":[],"_links":{"self":[{"href":"https:\/\/glotomania.com\/pt-pt\/wp-json\/wp\/v2\/product\/388364","targetHints":{"allow":["GET"]}}],"collection":[{"href":"https:\/\/glotomania.com\/pt-pt\/wp-json\/wp\/v2\/product"}],"about":[{"href":"https:\/\/glotomania.com\/pt-pt\/wp-json\/wp\/v2\/types\/product"}],"replies":[{"embeddable":true,"href":"https:\/\/glotomania.com\/pt-pt\/wp-json\/wp\/v2\/comments?post=388364"}],"wp:featuredmedia":[{"embeddable":true,"href":"https:\/\/glotomania.com\/pt-pt\/wp-json\/wp\/v2\/media\/153871"}],"wp:attachment":[{"href":"https:\/\/glotomania.com\/pt-pt\/wp-json\/wp\/v2\/media?parent=388364"}],"wp:term":[{"taxonomy":"pwb-brand","embeddable":true,"href":"https:\/\/glotomania.com\/pt-pt\/wp-json\/wp\/v2\/pwb-brand?post=388364"},{"taxonomy":"product_brand","embeddable":true,"href":"https:\/\/glotomania.com\/pt-pt\/wp-json\/wp\/v2\/product_brand?post=388364"},{"taxonomy":"product_cat","embeddable":true,"href":"https:\/\/glotomania.com\/pt-pt\/wp-json\/wp\/v2\/product_cat?post=388364"},{"taxonomy":"product_tag","embeddable":true,"href":"https:\/\/glotomania.com\/pt-pt\/wp-json\/wp\/v2\/product_tag?post=388364"}],"curies":[{"name":"wp","href":"https:\/\/api.w.org\/{rel}","templated":true}]}}