{"id":388365,"date":"2025-09-02T10:33:59","date_gmt":"2025-09-02T10:33:59","guid":{"rendered":"https:\/\/glotomania.com\/p\/set-boquillas-wilton-104-352-y-224-2\/"},"modified":"2026-04-13T22:54:17","modified_gmt":"2026-04-13T22:54:17","slug":"set-boquillas-wilton-104-352-y-224-2","status":"publish","type":"product","link":"https:\/\/glotomania.com\/pt-pt\/p\/set-boquillas-wilton-104-352-y-224-2\/","title":{"rendered":"Conjunto De Bicos Wilton &#8211; #104, #352 E #224"},"content":{"rendered":"<p>&nbsp;<\/p>\n<p><span style=\"font-size:14px\">O conjunto inclui:<\/span><\/p>\n<ul>\n<li><span style=\"font-size:14px\"><strong>Petal #104<\/strong>: bocal de metal para fazer p&eacute;talas, arcos, cortinas,&#8230;<\/span><\/li>\n<li><span style=\"font-size:14px\"><strong>Folha #352<\/strong>: bocal de metal para fazer folhas realistas, mas tamb&eacute;m conchas.<\/span><\/li>\n<li><span style=\"font-size:14px\"><strong>Flor #224<\/strong>: bocal de metal para fazer pequenas gotas de flor com 5 pontas.<\/span><\/li>\n<\/ul>\n<p><span style=\"font-size:14px\">Lavagem da lou&ccedil;a em seguran&ccedil;a.<\/span><\/p>\n<p><span style=\"font-size:14px\">Todos os bicos podem ser montados em adaptadores e sacos de tubagem padr&atilde;o.<\/span><\/p>\n","protected":false},"excerpt":{"rendered":"<p>Conjunto de bicos Wilton perfeito para decora\u00e7\u00f5es, inclui p\u00e9tala (104), folha (352) e flor (224).<\/p>\n","protected":false},"featured_media":343792,"comment_status":"open","ping_status":"closed","template":"","meta":{"_acf_changed":false},"pwb-brand":[],"product_brand":[],"product_cat":[1770,3087,3157,1767],"product_tag":[],"class_list":{"0":"post-388365","1":"product","2":"type-product","3":"status-publish","4":"has-post-thumbnail","6":"product_cat-boquilas","7":"product_cat-ordem-e-armazenamento","8":"product_cat-sets-de-bicos","9":"product_cat-utensilios","11":"first","12":"instock","13":"taxable","14":"shipping-taxable","15":"purchasable","16":"product-type-simple"},"acf":[],"df_price":4.28,"df_sale_price":"","df_regular_price":4.28,"df_image_link":"https:\/\/glotomania.com\/wp-content\/uploads\/2025\/11\/img_17066_93b68ecfe9a62da47ca6f581669d0fd0_1-24-300x300.jpg","brands":[],"_links":{"self":[{"href":"https:\/\/glotomania.com\/pt-pt\/wp-json\/wp\/v2\/product\/388365","targetHints":{"allow":["GET"]}}],"collection":[{"href":"https:\/\/glotomania.com\/pt-pt\/wp-json\/wp\/v2\/product"}],"about":[{"href":"https:\/\/glotomania.com\/pt-pt\/wp-json\/wp\/v2\/types\/product"}],"replies":[{"embeddable":true,"href":"https:\/\/glotomania.com\/pt-pt\/wp-json\/wp\/v2\/comments?post=388365"}],"wp:featuredmedia":[{"embeddable":true,"href":"https:\/\/glotomania.com\/pt-pt\/wp-json\/wp\/v2\/media\/343792"}],"wp:attachment":[{"href":"https:\/\/glotomania.com\/pt-pt\/wp-json\/wp\/v2\/media?parent=388365"}],"wp:term":[{"taxonomy":"pwb-brand","embeddable":true,"href":"https:\/\/glotomania.com\/pt-pt\/wp-json\/wp\/v2\/pwb-brand?post=388365"},{"taxonomy":"product_brand","embeddable":true,"href":"https:\/\/glotomania.com\/pt-pt\/wp-json\/wp\/v2\/product_brand?post=388365"},{"taxonomy":"product_cat","embeddable":true,"href":"https:\/\/glotomania.com\/pt-pt\/wp-json\/wp\/v2\/product_cat?post=388365"},{"taxonomy":"product_tag","embeddable":true,"href":"https:\/\/glotomania.com\/pt-pt\/wp-json\/wp\/v2\/product_tag?post=388365"}],"curies":[{"name":"wp","href":"https:\/\/api.w.org\/{rel}","templated":true}]}}