{"id":388371,"date":"2025-09-02T10:34:02","date_gmt":"2025-09-02T10:34:02","guid":{"rendered":"https:\/\/glotomania.com\/p\/rejilla-enfriadora-de-3-pisos-wilton-2\/"},"modified":"2026-03-10T16:12:04","modified_gmt":"2026-03-10T16:12:04","slug":"rejilla-enfriadora-de-3-pisos-wilton-2","status":"publish","type":"product","link":"https:\/\/glotomania.com\/pt-pt\/p\/rejilla-enfriadora-de-3-pisos-wilton-2\/","title":{"rendered":"Rack De Arrefecimento De 3 N\u00cdveis &#8211; Wilton"},"content":{"rendered":"<p>&nbsp;<\/p>\n<p><span style=\"font-size:14px\">&Eacute; tamb&eacute;m perfeito para a cobertura das nossas sobremesas com chocolate a pingar.&nbsp;<\/span><\/p>\n<p><span style=\"font-size:14px\">Feito de metal de alta qualidade, adequado para uso alimentar. Tem um revestimento anti-aderente.&nbsp;<\/span><\/p>\n<p><span style=\"font-size:14px\"><strong>Medidas:<\/strong> 40,3 x 25,1 cm.<\/span><\/p>\n","protected":false},"excerpt":{"rendered":"<p>Grelha de refrigera\u00e7\u00e3o Wilton, com revestimento anti-aderente e 3 n\u00edveis, ideal para arrefecer muitas prepara\u00e7\u00f5es ao mesmo tempo.<\/p>\n","protected":false},"featured_media":349833,"comment_status":"open","ping_status":"closed","template":"","meta":{"_acf_changed":false},"pwb-brand":[],"product_brand":[],"product_cat":[3106,3137,3087,1820,1826,1767],"product_tag":[],"class_list":{"0":"post-388371","1":"product","2":"type-product","3":"status-publish","4":"has-post-thumbnail","6":"product_cat-basicos-de-pastelaria","7":"product_cat-grelhas-de-arrefecimento-2","8":"product_cat-ordem-e-armazenamento","9":"product_cat-basicos","10":"product_cat-rejillas-enfiradoras","11":"product_cat-utensilios","13":"first","14":"instock","15":"taxable","16":"shipping-taxable","17":"purchasable","18":"product-type-simple"},"acf":[],"df_price":11.58,"df_sale_price":"","df_regular_price":11.58,"df_image_link":"https:\/\/glotomania.com\/wp-content\/uploads\/2025\/11\/img_17097_199b250589e470743681ccb41e4ca2bc_1-32-300x300.jpg","brands":[],"_links":{"self":[{"href":"https:\/\/glotomania.com\/pt-pt\/wp-json\/wp\/v2\/product\/388371","targetHints":{"allow":["GET"]}}],"collection":[{"href":"https:\/\/glotomania.com\/pt-pt\/wp-json\/wp\/v2\/product"}],"about":[{"href":"https:\/\/glotomania.com\/pt-pt\/wp-json\/wp\/v2\/types\/product"}],"replies":[{"embeddable":true,"href":"https:\/\/glotomania.com\/pt-pt\/wp-json\/wp\/v2\/comments?post=388371"}],"wp:featuredmedia":[{"embeddable":true,"href":"https:\/\/glotomania.com\/pt-pt\/wp-json\/wp\/v2\/media\/349833"}],"wp:attachment":[{"href":"https:\/\/glotomania.com\/pt-pt\/wp-json\/wp\/v2\/media?parent=388371"}],"wp:term":[{"taxonomy":"pwb-brand","embeddable":true,"href":"https:\/\/glotomania.com\/pt-pt\/wp-json\/wp\/v2\/pwb-brand?post=388371"},{"taxonomy":"product_brand","embeddable":true,"href":"https:\/\/glotomania.com\/pt-pt\/wp-json\/wp\/v2\/product_brand?post=388371"},{"taxonomy":"product_cat","embeddable":true,"href":"https:\/\/glotomania.com\/pt-pt\/wp-json\/wp\/v2\/product_cat?post=388371"},{"taxonomy":"product_tag","embeddable":true,"href":"https:\/\/glotomania.com\/pt-pt\/wp-json\/wp\/v2\/product_tag?post=388371"}],"curies":[{"name":"wp","href":"https:\/\/api.w.org\/{rel}","templated":true}]}}