{"id":388376,"date":"2025-09-02T10:34:04","date_gmt":"2025-09-02T10:34:04","guid":{"rendered":"https:\/\/glotomania.com\/p\/mangas-pasteleras-para-ninos-30-cm-patisse-2\/"},"modified":"2026-04-24T01:14:40","modified_gmt":"2026-04-24T01:14:40","slug":"mangas-pasteleras-para-ninos-30-cm-patisse-2","status":"publish","type":"product","link":"https:\/\/glotomania.com\/pt-pt\/p\/mangas-pasteleras-para-ninos-30-cm-patisse-2\/","title":{"rendered":"Sacos De Pasteleiro Para Crian\u00c7as (30 Cm) &#8211; Patisse"},"content":{"rendered":"<p>&nbsp;<\/p>\n<p><span style=\"font-size:14px\">Feito de pl&aacute;stico, adequado para uso alimentar.<\/span><\/p>\n<p><span style=\"font-size:14px\"><strong>Medidas:<\/strong> 30 cm<\/span><\/p>\n<p><span style=\"font-size:14px\"><em>Inclui 24 unidades.<\/em><\/span><\/p>\n","protected":false},"excerpt":{"rendered":"<p>Gra\u00e7as ao seu tamanho, estes sacos de pasteleiro descart\u00e1veis Patisse s\u00e3o ideais para os mais pequenos.<\/p>\n","protected":false},"featured_media":153889,"comment_status":"open","ping_status":"closed","template":"","meta":{"_acf_changed":false},"pwb-brand":[],"product_brand":[],"product_cat":[3106,1820,1883,3087,3126,1767],"product_tag":[],"class_list":{"0":"post-388376","1":"product","2":"type-product","3":"status-publish","4":"has-post-thumbnail","6":"product_cat-basicos-de-pastelaria","7":"product_cat-basicos","8":"product_cat-mangas-pasteleras","9":"product_cat-ordem-e-armazenamento","10":"product_cat-sacos-de-pasteleiro-e-acessorios-2","11":"product_cat-utensilios","13":"first","14":"instock","15":"taxable","16":"shipping-taxable","17":"purchasable","18":"product-type-simple"},"acf":[],"df_price":5.03,"df_sale_price":"","df_regular_price":5.03,"df_image_link":"https:\/\/glotomania.com\/wp-content\/uploads\/2025\/09\/img_17104_b29e1c137015948022e599a359055af2_1-300x300.png","brands":[],"_links":{"self":[{"href":"https:\/\/glotomania.com\/pt-pt\/wp-json\/wp\/v2\/product\/388376","targetHints":{"allow":["GET"]}}],"collection":[{"href":"https:\/\/glotomania.com\/pt-pt\/wp-json\/wp\/v2\/product"}],"about":[{"href":"https:\/\/glotomania.com\/pt-pt\/wp-json\/wp\/v2\/types\/product"}],"replies":[{"embeddable":true,"href":"https:\/\/glotomania.com\/pt-pt\/wp-json\/wp\/v2\/comments?post=388376"}],"wp:featuredmedia":[{"embeddable":true,"href":"https:\/\/glotomania.com\/pt-pt\/wp-json\/wp\/v2\/media\/153889"}],"wp:attachment":[{"href":"https:\/\/glotomania.com\/pt-pt\/wp-json\/wp\/v2\/media?parent=388376"}],"wp:term":[{"taxonomy":"pwb-brand","embeddable":true,"href":"https:\/\/glotomania.com\/pt-pt\/wp-json\/wp\/v2\/pwb-brand?post=388376"},{"taxonomy":"product_brand","embeddable":true,"href":"https:\/\/glotomania.com\/pt-pt\/wp-json\/wp\/v2\/product_brand?post=388376"},{"taxonomy":"product_cat","embeddable":true,"href":"https:\/\/glotomania.com\/pt-pt\/wp-json\/wp\/v2\/product_cat?post=388376"},{"taxonomy":"product_tag","embeddable":true,"href":"https:\/\/glotomania.com\/pt-pt\/wp-json\/wp\/v2\/product_tag?post=388376"}],"curies":[{"name":"wp","href":"https:\/\/api.w.org\/{rel}","templated":true}]}}