{"id":388379,"date":"2025-09-02T10:34:12","date_gmt":"2025-09-02T10:34:12","guid":{"rendered":"https:\/\/glotomania.com\/p\/topper-para-tarta-dekora-mujer-embarazada-2\/"},"modified":"2026-03-10T16:12:24","modified_gmt":"2026-03-10T16:12:24","slug":"topper-para-tarta-dekora-mujer-embarazada-2","status":"publish","type":"product","link":"https:\/\/glotomania.com\/pt-pt\/p\/topper-para-tarta-dekora-mujer-embarazada-2\/","title":{"rendered":"Topper Para Bolo Dekora &#8211; Mulher Gravida"},"content":{"rendered":"<p>&nbsp;<\/p>\n<p><span style=\"font-size: 14px\">Figura n&atilde;o comest&iacute;vel, deve ser removida antes de comer o bolo.&nbsp;<\/span><\/p>\n<p><span style=\"font-size: 14px\">Produto feito de pl&aacute;stico, PVC, com excelente acabamento.&nbsp;<\/span><\/p>\n<p><em><span style=\"font-size: 14px\">Regulamento&nbsp;<strong>(UE) 1935\/2004:<\/strong>&nbsp;materiais e objectos destinados a entrar em contacto directo com os alimentos.&nbsp;<\/span><\/em><\/p>\n<p><span style=\"font-size: 14px\"><strong>Medidas<\/strong>: 16 x 6 cm.<\/span><\/p>\n<p><span style=\"font-size: 14px\"><u><strong>Armazenamento<\/strong><\/u>: &eacute; essencial mant&ecirc;-lo na sua embalagem original e caixa durante o armazenamento.<\/span><\/p>\n","protected":false},"excerpt":{"rendered":"<p>Decora\u00e7\u00e3o perfeita para coroar os nossos bolos na \u00e9poca mais especial do ano para todas as m\u00e3es.<\/p>\n","protected":false},"featured_media":153900,"comment_status":"open","ping_status":"closed","template":"","meta":{"_acf_changed":false},"pwb-brand":[],"product_brand":[],"product_cat":[2908,1792,3200,2913,2907,3087,1885,1851,1849,3208,1793,1767],"product_tag":[],"class_list":{"0":"post-388379","1":"product","2":"type-product","3":"status-publish","4":"has-post-thumbnail","6":"product_cat-batizados","7":"product_cat-decoracion-no-comestible","8":"product_cat-decoracoes-nao-comestiveis","9":"product_cat-dia-das-maes","10":"product_cat-festas","11":"product_cat-ordem-e-armazenamento","12":"product_cat-bautizos","13":"product_cat-dia-de-la-madre","14":"product_cat-fiestas","15":"product_cat-toppers-para-bolos","16":"product_cat-toppers","17":"product_cat-utensilios","19":"first","20":"instock","21":"taxable","22":"shipping-taxable","23":"purchasable","24":"product-type-simple"},"acf":[],"df_price":2.05,"df_sale_price":"","df_regular_price":2.05,"df_image_link":"https:\/\/glotomania.com\/wp-content\/uploads\/2025\/09\/img_17228_d37cb7ea41c286ce1730bf6cc01df285_1-300x300.png","brands":[],"_links":{"self":[{"href":"https:\/\/glotomania.com\/pt-pt\/wp-json\/wp\/v2\/product\/388379","targetHints":{"allow":["GET"]}}],"collection":[{"href":"https:\/\/glotomania.com\/pt-pt\/wp-json\/wp\/v2\/product"}],"about":[{"href":"https:\/\/glotomania.com\/pt-pt\/wp-json\/wp\/v2\/types\/product"}],"replies":[{"embeddable":true,"href":"https:\/\/glotomania.com\/pt-pt\/wp-json\/wp\/v2\/comments?post=388379"}],"wp:featuredmedia":[{"embeddable":true,"href":"https:\/\/glotomania.com\/pt-pt\/wp-json\/wp\/v2\/media\/153900"}],"wp:attachment":[{"href":"https:\/\/glotomania.com\/pt-pt\/wp-json\/wp\/v2\/media?parent=388379"}],"wp:term":[{"taxonomy":"pwb-brand","embeddable":true,"href":"https:\/\/glotomania.com\/pt-pt\/wp-json\/wp\/v2\/pwb-brand?post=388379"},{"taxonomy":"product_brand","embeddable":true,"href":"https:\/\/glotomania.com\/pt-pt\/wp-json\/wp\/v2\/product_brand?post=388379"},{"taxonomy":"product_cat","embeddable":true,"href":"https:\/\/glotomania.com\/pt-pt\/wp-json\/wp\/v2\/product_cat?post=388379"},{"taxonomy":"product_tag","embeddable":true,"href":"https:\/\/glotomania.com\/pt-pt\/wp-json\/wp\/v2\/product_tag?post=388379"}],"curies":[{"name":"wp","href":"https:\/\/api.w.org\/{rel}","templated":true}]}}