{"id":388384,"date":"2025-09-02T10:34:16","date_gmt":"2025-09-02T10:34:16","guid":{"rendered":"https:\/\/glotomania.com\/p\/atril-de-madera-para-libros-de-cocina-rosanna-pansino-wilton-2\/"},"modified":"2026-04-29T00:21:05","modified_gmt":"2026-04-29T00:21:05","slug":"atril-de-madera-para-libros-de-cocina-rosanna-pansino-wilton-2","status":"publish","type":"product","link":"https:\/\/glotomania.com\/pt-pt\/p\/atril-de-madera-para-libros-de-cocina-rosanna-pansino-wilton-2\/","title":{"rendered":"Suporte Para Livros De Cozinha Em Madeira Wilton &#8211; &#8220;rosanna Pansino&#8221;"},"content":{"rendered":"<p>&nbsp;<\/p>\n<p><span style=\"font-size:14px\">A parte de tr&aacute;s do suporte<strong> dobra-se para facilitar o armazenamento <\/strong>quando n&atilde;o est&aacute; a ser utilizado. Al&eacute;m disso, o suporte frontal tem um recesso curvo que permite o acesso ao bot&atilde;o de inicio das tablets.<\/span><\/p>\n<p><span style=\"font-size:14px\">Feito de madeira robusta.&nbsp;<\/span><\/p>\n<p><span style=\"font-size:14px\"><strong>Dimens&otilde;es aproximadas: <\/strong>23,5 x 37 x 17,5 cm.<\/span><\/p>\n<p><span style=\"font-size:14px\">Recomenda-se a limpeza com um pano h&uacute;mido.<\/span><\/p>\n<p><em><span style=\"font-size:14px\">Da colec&ccedil;&atilde;o Rosanna Pansino de Wilton.<\/span><\/em><\/p>\n","protected":false},"excerpt":{"rendered":"<p>Suporte de madeira por Wilton, ideal para um \u00e2ngulo de vis\u00e3o perfeito para dispositivos electr\u00f3nicos tais como comprimidos ou livros de cozinha.<\/p>\n","protected":false},"featured_media":35693,"comment_status":"open","ping_status":"closed","template":"","meta":{"_acf_changed":false},"pwb-brand":[],"product_brand":[],"product_cat":[3093,3106,3087,1768,1820,1767],"product_tag":[],"class_list":{"0":"post-388384","1":"product","2":"type-product","3":"status-publish","4":"has-post-thumbnail","6":"product_cat-bases-para-bolos-2","7":"product_cat-basicos-de-pastelaria","8":"product_cat-ordem-e-armazenamento","9":"product_cat-bases","10":"product_cat-basicos","11":"product_cat-utensilios","13":"first","14":"instock","15":"taxable","16":"shipping-taxable","17":"purchasable","18":"product-type-simple"},"acf":[],"df_price":35.66,"df_sale_price":24.96,"df_regular_price":35.66,"df_image_link":"https:\/\/glotomania.com\/wp-content\/uploads\/2022\/09\/img_17242_35b659de3fee7ba0f246001968d7b98a_1-300x300.png","brands":[],"_links":{"self":[{"href":"https:\/\/glotomania.com\/pt-pt\/wp-json\/wp\/v2\/product\/388384","targetHints":{"allow":["GET"]}}],"collection":[{"href":"https:\/\/glotomania.com\/pt-pt\/wp-json\/wp\/v2\/product"}],"about":[{"href":"https:\/\/glotomania.com\/pt-pt\/wp-json\/wp\/v2\/types\/product"}],"replies":[{"embeddable":true,"href":"https:\/\/glotomania.com\/pt-pt\/wp-json\/wp\/v2\/comments?post=388384"}],"wp:featuredmedia":[{"embeddable":true,"href":"https:\/\/glotomania.com\/pt-pt\/wp-json\/wp\/v2\/media\/35693"}],"wp:attachment":[{"href":"https:\/\/glotomania.com\/pt-pt\/wp-json\/wp\/v2\/media?parent=388384"}],"wp:term":[{"taxonomy":"pwb-brand","embeddable":true,"href":"https:\/\/glotomania.com\/pt-pt\/wp-json\/wp\/v2\/pwb-brand?post=388384"},{"taxonomy":"product_brand","embeddable":true,"href":"https:\/\/glotomania.com\/pt-pt\/wp-json\/wp\/v2\/product_brand?post=388384"},{"taxonomy":"product_cat","embeddable":true,"href":"https:\/\/glotomania.com\/pt-pt\/wp-json\/wp\/v2\/product_cat?post=388384"},{"taxonomy":"product_tag","embeddable":true,"href":"https:\/\/glotomania.com\/pt-pt\/wp-json\/wp\/v2\/product_tag?post=388384"}],"curies":[{"name":"wp","href":"https:\/\/api.w.org\/{rel}","templated":true}]}}