{"id":388386,"date":"2025-09-02T10:34:17","date_gmt":"2025-09-02T10:34:17","guid":{"rendered":"https:\/\/glotomania.com\/p\/capsulas-cupcake-wilton-pies-de-bebe-2\/"},"modified":"2026-04-12T05:07:04","modified_gmt":"2026-04-12T05:07:04","slug":"capsulas-cupcake-wilton-pies-de-bebe-2","status":"publish","type":"product","link":"https:\/\/glotomania.com\/pt-pt\/p\/capsulas-cupcake-wilton-pies-de-bebe-2\/","title":{"rendered":"C\u00c1psulas De Cupcake Wilton &#8211; P\u00c9s De Beb\u00c9"},"content":{"rendered":"<p>&nbsp;<\/p>\n<p><span style=\"font-size:14px\">Papel adequado para micro-ondas.<\/span><\/p>\n<p><span style=\"font-size:14px\"><strong>Dimens&otilde;es aproximadas: <\/strong>&Oslash; 5 cm.<\/span><\/p>\n","protected":false},"excerpt":{"rendered":"<p>Pacote de 75 cupcakes e c\u00e1psulas de muffin Wilton, com um design perfeito para os mais pequenos.<\/p>\n","protected":false},"featured_media":349848,"comment_status":"open","ping_status":"closed","template":"","meta":{"_acf_changed":false,"_joinchat":[]},"pwb-brand":[],"product_brand":[],"product_cat":[2908,3191,3193,2907,3087,2009,2010,1885,1849,1767],"product_tag":[],"class_list":{"0":"post-388386","1":"product","2":"type-product","3":"status-publish","4":"has-post-thumbnail","6":"product_cat-batizados","7":"product_cat-capacillos-de-papel-2","8":"product_cat-capsulas-para-cupcakes-2","9":"product_cat-festas","10":"product_cat-ordem-e-armazenamento","11":"product_cat-capsulas","12":"product_cat-capsulas-cupcakes","13":"product_cat-bautizos","14":"product_cat-fiestas","15":"product_cat-utensilios","17":"first","18":"instock","19":"taxable","20":"shipping-taxable","21":"purchasable","22":"product-type-simple"},"acf":[],"df_price":2.35,"df_sale_price":1.65,"df_regular_price":2.35,"df_image_link":"https:\/\/e622tfk5wxd.exactdn.com\/wp-content\/uploads\/2025\/11\/img_17249_85174d2d4e05865dfe74e8a8eba2ae39_1-25-300x300.jpg?strip=all","brands":[],"_links":{"self":[{"href":"https:\/\/glotomania.com\/pt-pt\/wp-json\/wp\/v2\/product\/388386","targetHints":{"allow":["GET"]}}],"collection":[{"href":"https:\/\/glotomania.com\/pt-pt\/wp-json\/wp\/v2\/product"}],"about":[{"href":"https:\/\/glotomania.com\/pt-pt\/wp-json\/wp\/v2\/types\/product"}],"replies":[{"embeddable":true,"href":"https:\/\/glotomania.com\/pt-pt\/wp-json\/wp\/v2\/comments?post=388386"}],"wp:featuredmedia":[{"embeddable":true,"href":"https:\/\/glotomania.com\/pt-pt\/wp-json\/wp\/v2\/media\/349848"}],"wp:attachment":[{"href":"https:\/\/glotomania.com\/pt-pt\/wp-json\/wp\/v2\/media?parent=388386"}],"wp:term":[{"taxonomy":"pwb-brand","embeddable":true,"href":"https:\/\/glotomania.com\/pt-pt\/wp-json\/wp\/v2\/pwb-brand?post=388386"},{"taxonomy":"product_brand","embeddable":true,"href":"https:\/\/glotomania.com\/pt-pt\/wp-json\/wp\/v2\/product_brand?post=388386"},{"taxonomy":"product_cat","embeddable":true,"href":"https:\/\/glotomania.com\/pt-pt\/wp-json\/wp\/v2\/product_cat?post=388386"},{"taxonomy":"product_tag","embeddable":true,"href":"https:\/\/glotomania.com\/pt-pt\/wp-json\/wp\/v2\/product_tag?post=388386"}],"curies":[{"name":"wp","href":"https:\/\/api.w.org\/{rel}","templated":true}]}}