{"id":388387,"date":"2025-09-02T10:34:18","date_gmt":"2025-09-02T10:34:18","guid":{"rendered":"https:\/\/glotomania.com\/p\/capsulas-cupcake-wilton-rueda-colores-2\/"},"modified":"2026-04-14T05:34:35","modified_gmt":"2026-04-14T05:34:35","slug":"capsulas-cupcake-wilton-rueda-colores-2","status":"publish","type":"product","link":"https:\/\/glotomania.com\/pt-pt\/p\/capsulas-cupcake-wilton-rueda-colores-2\/","title":{"rendered":"C\u00c1psulas De Cupcake Wilton &#8211; Roda De Cor"},"content":{"rendered":"<p>&nbsp;<\/p>\n<p><span style=\"font-size:14px\">S&atilde;o perfeitos para cozer queques, bolos, brownies e muito mais.<\/span><\/p>\n<p><span style=\"font-size:14px\"><strong>Dimens&otilde;es aproximadas:<\/strong> &Oslash; 5 cm.<\/span><\/p>\n","protected":false},"excerpt":{"rendered":"<p>Pacote de 75 cupcakes e c\u00e1psulas de muffin Wilton, com um design perfeito para as nossas celebra\u00e7\u00f5es.<\/p>\n","protected":false},"featured_media":349817,"comment_status":"open","ping_status":"closed","template":"","meta":{"_acf_changed":false,"_joinchat":[]},"pwb-brand":[],"product_brand":[],"product_cat":[3191,2009,3193,2010,2907,3087,1849,1767],"product_tag":[],"class_list":{"0":"post-388387","1":"product","2":"type-product","3":"status-publish","4":"has-post-thumbnail","6":"product_cat-capacillos-de-papel-2","7":"product_cat-capsulas","8":"product_cat-capsulas-para-cupcakes-2","9":"product_cat-capsulas-cupcakes","10":"product_cat-festas","11":"product_cat-ordem-e-armazenamento","12":"product_cat-fiestas","13":"product_cat-utensilios","15":"first","16":"instock","17":"taxable","18":"shipping-taxable","19":"purchasable","20":"product-type-simple"},"acf":[],"df_price":1.65,"df_sale_price":1.65,"df_regular_price":2.35,"df_image_link":"https:\/\/glotomania.com\/wp-content\/uploads\/2025\/11\/img_17251_b0ab607f1caedf092a749fe9ddff42ee_1-19-300x300.jpg","brands":[],"_links":{"self":[{"href":"https:\/\/glotomania.com\/pt-pt\/wp-json\/wp\/v2\/product\/388387","targetHints":{"allow":["GET"]}}],"collection":[{"href":"https:\/\/glotomania.com\/pt-pt\/wp-json\/wp\/v2\/product"}],"about":[{"href":"https:\/\/glotomania.com\/pt-pt\/wp-json\/wp\/v2\/types\/product"}],"replies":[{"embeddable":true,"href":"https:\/\/glotomania.com\/pt-pt\/wp-json\/wp\/v2\/comments?post=388387"}],"wp:featuredmedia":[{"embeddable":true,"href":"https:\/\/glotomania.com\/pt-pt\/wp-json\/wp\/v2\/media\/349817"}],"wp:attachment":[{"href":"https:\/\/glotomania.com\/pt-pt\/wp-json\/wp\/v2\/media?parent=388387"}],"wp:term":[{"taxonomy":"pwb-brand","embeddable":true,"href":"https:\/\/glotomania.com\/pt-pt\/wp-json\/wp\/v2\/pwb-brand?post=388387"},{"taxonomy":"product_brand","embeddable":true,"href":"https:\/\/glotomania.com\/pt-pt\/wp-json\/wp\/v2\/product_brand?post=388387"},{"taxonomy":"product_cat","embeddable":true,"href":"https:\/\/glotomania.com\/pt-pt\/wp-json\/wp\/v2\/product_cat?post=388387"},{"taxonomy":"product_tag","embeddable":true,"href":"https:\/\/glotomania.com\/pt-pt\/wp-json\/wp\/v2\/product_tag?post=388387"}],"curies":[{"name":"wp","href":"https:\/\/api.w.org\/{rel}","templated":true}]}}