{"id":388389,"date":"2025-09-02T10:34:19","date_gmt":"2025-09-02T10:34:19","guid":{"rendered":"https:\/\/glotomania.com\/p\/set-decoracion-de-lujo-wilton-2\/"},"modified":"2026-04-24T00:18:47","modified_gmt":"2026-04-24T00:18:47","slug":"set-decoracion-de-lujo-wilton-2","status":"publish","type":"product","link":"https:\/\/glotomania.com\/pt-pt\/p\/set-decoracion-de-lujo-wilton-2\/","title":{"rendered":"Conjunto De Decora\u00c7\u00c3o Wilton Deluxe"},"content":{"rendered":"<p>&nbsp;<\/p>\n<p><span style=\"font-size:14px\">Este conjunto &eacute; composto pelos seguintes bicos Wilton (18 pe&ccedil;as):&nbsp;<\/span><\/p>\n<ul>\n<li><span style=\"font-size:14px\"><strong>Redondos<\/strong>: 3, 6, 12, 2A.&nbsp;<\/span><\/li>\n<li><span style=\"font-size:14px\"><strong>Estrela aberta e fechada<\/strong>: 4B, 1M, 16, 21, 32.&nbsp;<\/span><\/li>\n<li><span style=\"font-size:14px\"><strong>Folhas<\/strong>: 352, 366.&nbsp;<\/span><\/li>\n<li><span style=\"font-size:14px\"><strong>Ruffles<\/strong>: 86.&nbsp;<\/span><\/li>\n<li><span style=\"font-size:14px\"><strong>P&eacute;talas<\/strong>: 104, 127.<\/span><\/li>\n<li><span style=\"font-size:14px\"><strong>Flores da gota<\/strong>: 2D, 129.&nbsp;<\/span><\/li>\n<li><span style=\"font-size:14px\"><strong>Especiales<\/strong>: 48, 233.<\/span><\/li>\n<\/ul>\n<p><span style=\"font-size:14px\">Tamb&eacute;m inclui uma caixa organizadora de bicos, <strong>24 sacos de tubagem <\/strong>de 30 cm, <strong>um acoplador Twist Quick<\/strong> para trocar facilmente os seus bicos, e <strong>uma esp&aacute;tula de 22,8 cm.<\/strong><\/span><\/p>\n<p><em><span style=\"font-size:14px\">Antes e depois de cada utiliza&ccedil;&atilde;o, lavar &agrave; m&atilde;o com &aacute;gua morna e com sab&atilde;o; enxaguar e secar bem.<\/span><\/em><\/p>\n","protected":false},"excerpt":{"rendered":"<p>Inclui 46 pe\u00e7as Wilton, com este conjunto n\u00e3o perder\u00e1 nenhum detalhe ao decorar as suas cria\u00e7\u00f5es.<\/p>\n","protected":false},"featured_media":347200,"comment_status":"open","ping_status":"closed","template":"","meta":{"_acf_changed":false},"pwb-brand":[],"product_brand":[],"product_cat":[3106,3087,3126,3157,1820,1770,1883,1767],"product_tag":[],"class_list":{"0":"post-388389","1":"product","2":"type-product","3":"status-publish","4":"has-post-thumbnail","6":"product_cat-basicos-de-pastelaria","7":"product_cat-ordem-e-armazenamento","8":"product_cat-sacos-de-pasteleiro-e-acessorios-2","9":"product_cat-sets-de-bicos","10":"product_cat-basicos","11":"product_cat-boquilas","12":"product_cat-mangas-pasteleras","13":"product_cat-utensilios","15":"first","16":"instock","17":"taxable","18":"shipping-taxable","19":"purchasable","20":"product-type-simple"},"acf":[],"df_price":25.17,"df_sale_price":25.17,"df_regular_price":35.95,"df_image_link":"https:\/\/glotomania.com\/wp-content\/uploads\/2025\/11\/img_17257_dee20df1f83117f5e7f83e3d3596bc4b_1-21-300x300.jpg","brands":[],"_links":{"self":[{"href":"https:\/\/glotomania.com\/pt-pt\/wp-json\/wp\/v2\/product\/388389","targetHints":{"allow":["GET"]}}],"collection":[{"href":"https:\/\/glotomania.com\/pt-pt\/wp-json\/wp\/v2\/product"}],"about":[{"href":"https:\/\/glotomania.com\/pt-pt\/wp-json\/wp\/v2\/types\/product"}],"replies":[{"embeddable":true,"href":"https:\/\/glotomania.com\/pt-pt\/wp-json\/wp\/v2\/comments?post=388389"}],"wp:featuredmedia":[{"embeddable":true,"href":"https:\/\/glotomania.com\/pt-pt\/wp-json\/wp\/v2\/media\/347200"}],"wp:attachment":[{"href":"https:\/\/glotomania.com\/pt-pt\/wp-json\/wp\/v2\/media?parent=388389"}],"wp:term":[{"taxonomy":"pwb-brand","embeddable":true,"href":"https:\/\/glotomania.com\/pt-pt\/wp-json\/wp\/v2\/pwb-brand?post=388389"},{"taxonomy":"product_brand","embeddable":true,"href":"https:\/\/glotomania.com\/pt-pt\/wp-json\/wp\/v2\/product_brand?post=388389"},{"taxonomy":"product_cat","embeddable":true,"href":"https:\/\/glotomania.com\/pt-pt\/wp-json\/wp\/v2\/product_cat?post=388389"},{"taxonomy":"product_tag","embeddable":true,"href":"https:\/\/glotomania.com\/pt-pt\/wp-json\/wp\/v2\/product_tag?post=388389"}],"curies":[{"name":"wp","href":"https:\/\/api.w.org\/{rel}","templated":true}]}}