{"id":388390,"date":"2025-09-02T10:34:20","date_gmt":"2025-09-02T10:34:20","guid":{"rendered":"https:\/\/glotomania.com\/p\/manga-pastelera-uso-multiple-wilton-40-cm-2\/"},"modified":"2026-04-24T00:18:48","modified_gmt":"2026-04-24T00:18:48","slug":"manga-pastelera-uso-multiple-wilton-40-cm-2","status":"publish","type":"product","link":"https:\/\/glotomania.com\/pt-pt\/p\/manga-pastelera-uso-multiple-wilton-40-cm-2\/","title":{"rendered":"Saco De Pasteleiro Multiusos Wilton &#8211; 40 Cm"},"content":{"rendered":"<p>&nbsp;<\/p>\n<p><span style=\"color:#000000\"><span style=\"font-size:14px\">Material de revestimento para repelir a gordura.&nbsp;<\/span><\/span><\/p>\n<p><span style=\"color:#000000\"><span style=\"font-size:14px\"><strong>Medidas: <\/strong>40 cm.<\/span><\/span><\/p>\n<p><span style=\"color:#000000\"><em><span style=\"font-size:14px\">Lav&aacute;vel em &aacute;gua quente e na m&aacute;quina de lavar lou&ccedil;a.<\/span><\/em><\/span><\/p>\n","protected":false},"excerpt":{"rendered":"<p>Saco pasteleiero Wilton multiusos. Leve, resistente e feito de poli\u00e9ster flex\u00edvel, permanece flex\u00edvel.<\/p>\n","protected":false},"featured_media":349857,"comment_status":"open","ping_status":"closed","template":"","meta":{"_acf_changed":false},"pwb-brand":[],"product_brand":[],"product_cat":[3106,1820,1883,3087,3126,1767],"product_tag":[],"class_list":{"0":"post-388390","1":"product","2":"type-product","3":"status-publish","4":"has-post-thumbnail","6":"product_cat-basicos-de-pastelaria","7":"product_cat-basicos","8":"product_cat-mangas-pasteleras","9":"product_cat-ordem-e-armazenamento","10":"product_cat-sacos-de-pasteleiro-e-acessorios-2","11":"product_cat-utensilios","13":"first","14":"instock","15":"taxable","16":"shipping-taxable","17":"purchasable","18":"product-type-simple"},"acf":[],"df_price":7.18,"df_sale_price":7.18,"df_regular_price":10.25,"df_image_link":"https:\/\/glotomania.com\/wp-content\/uploads\/2025\/11\/img_17263_757d745b3d7b245f3e495654874a1f4a_1-24-300x300.jpg","brands":[],"_links":{"self":[{"href":"https:\/\/glotomania.com\/pt-pt\/wp-json\/wp\/v2\/product\/388390","targetHints":{"allow":["GET"]}}],"collection":[{"href":"https:\/\/glotomania.com\/pt-pt\/wp-json\/wp\/v2\/product"}],"about":[{"href":"https:\/\/glotomania.com\/pt-pt\/wp-json\/wp\/v2\/types\/product"}],"replies":[{"embeddable":true,"href":"https:\/\/glotomania.com\/pt-pt\/wp-json\/wp\/v2\/comments?post=388390"}],"wp:featuredmedia":[{"embeddable":true,"href":"https:\/\/glotomania.com\/pt-pt\/wp-json\/wp\/v2\/media\/349857"}],"wp:attachment":[{"href":"https:\/\/glotomania.com\/pt-pt\/wp-json\/wp\/v2\/media?parent=388390"}],"wp:term":[{"taxonomy":"pwb-brand","embeddable":true,"href":"https:\/\/glotomania.com\/pt-pt\/wp-json\/wp\/v2\/pwb-brand?post=388390"},{"taxonomy":"product_brand","embeddable":true,"href":"https:\/\/glotomania.com\/pt-pt\/wp-json\/wp\/v2\/product_brand?post=388390"},{"taxonomy":"product_cat","embeddable":true,"href":"https:\/\/glotomania.com\/pt-pt\/wp-json\/wp\/v2\/product_cat?post=388390"},{"taxonomy":"product_tag","embeddable":true,"href":"https:\/\/glotomania.com\/pt-pt\/wp-json\/wp\/v2\/product_tag?post=388390"}],"curies":[{"name":"wp","href":"https:\/\/api.w.org\/{rel}","templated":true}]}}