{"id":388395,"date":"2025-09-02T10:34:24","date_gmt":"2025-09-02T10:34:24","guid":{"rendered":"https:\/\/glotomania.com\/p\/perlas-de-azucar-nonpareils-funcakes-azul-claro-80-g-2\/"},"modified":"2026-04-15T13:13:09","modified_gmt":"2026-04-15T13:13:09","slug":"perlas-de-azucar-nonpareils-funcakes-azul-claro-80-g-2","status":"publish","type":"product","link":"https:\/\/glotomania.com\/pt-pt\/p\/perlas-de-azucar-nonpareils-funcakes-azul-claro-80-g-2\/","title":{"rendered":"P\u00c9rolas De A\u00c7\u00dacar Funcakes (nonpareils) &#8211; Azul Claro 80 G"},"content":{"rendered":"","protected":false},"excerpt":{"rendered":"<p>P\u00e9rolas de a\u00e7\u00facar comest\u00edveis Funcakes, de cor azul, perfeitos para decorar todo o tipo de cria\u00e7\u00f5es.<\/p>\n","protected":false},"featured_media":349828,"comment_status":"open","ping_status":"closed","template":"","meta":{"_acf_changed":false},"pwb-brand":[],"product_brand":[],"product_cat":[2908,2911,1839,1840,2979,2982,2916,2907,1845,2921,1862,1885,1951,1849,1858,3001],"product_tag":[],"class_list":{"0":"post-388395","1":"product","2":"type-product","3":"status-publish","4":"has-post-thumbnail","6":"product_cat-batizados","7":"product_cat-comunhoes","8":"product_cat-decoracion-comestible","9":"product_cat-decoraciones-azucar-comestibles","10":"product_cat-decoracoes-comestiveis-2","11":"product_cat-decoracoes-de-acucar","12":"product_cat-dia-dos-pais-2","13":"product_cat-festas","14":"product_cat-dieta-sin-e-171","15":"product_cat-pascoa","16":"product_cat-comuniones","17":"product_cat-bautizos","18":"product_cat-dia-del-padre","19":"product_cat-fiestas","20":"product_cat-pascua","21":"product_cat-sem-e-171-2","23":"first","24":"outofstock","25":"taxable","26":"shipping-taxable","27":"purchasable","28":"product-type-simple"},"acf":[],"df_price":2.45,"df_sale_price":"","df_regular_price":2.45,"df_image_link":"https:\/\/glotomania.com\/wp-content\/uploads\/2025\/11\/img_17321_a01e04aefc5b3427648ab0ac139f3a2b_1-27-300x300.jpg","brands":[],"_links":{"self":[{"href":"https:\/\/glotomania.com\/pt-pt\/wp-json\/wp\/v2\/product\/388395","targetHints":{"allow":["GET"]}}],"collection":[{"href":"https:\/\/glotomania.com\/pt-pt\/wp-json\/wp\/v2\/product"}],"about":[{"href":"https:\/\/glotomania.com\/pt-pt\/wp-json\/wp\/v2\/types\/product"}],"replies":[{"embeddable":true,"href":"https:\/\/glotomania.com\/pt-pt\/wp-json\/wp\/v2\/comments?post=388395"}],"wp:featuredmedia":[{"embeddable":true,"href":"https:\/\/glotomania.com\/pt-pt\/wp-json\/wp\/v2\/media\/349828"}],"wp:attachment":[{"href":"https:\/\/glotomania.com\/pt-pt\/wp-json\/wp\/v2\/media?parent=388395"}],"wp:term":[{"taxonomy":"pwb-brand","embeddable":true,"href":"https:\/\/glotomania.com\/pt-pt\/wp-json\/wp\/v2\/pwb-brand?post=388395"},{"taxonomy":"product_brand","embeddable":true,"href":"https:\/\/glotomania.com\/pt-pt\/wp-json\/wp\/v2\/product_brand?post=388395"},{"taxonomy":"product_cat","embeddable":true,"href":"https:\/\/glotomania.com\/pt-pt\/wp-json\/wp\/v2\/product_cat?post=388395"},{"taxonomy":"product_tag","embeddable":true,"href":"https:\/\/glotomania.com\/pt-pt\/wp-json\/wp\/v2\/product_tag?post=388395"}],"curies":[{"name":"wp","href":"https:\/\/api.w.org\/{rel}","templated":true}]}}