{"id":388397,"date":"2025-09-02T10:34:25","date_gmt":"2025-09-02T10:34:25","guid":{"rendered":"https:\/\/glotomania.com\/p\/perlas-de-azucar-nonpareils-funcakes-disco-80-g-2\/"},"modified":"2026-04-08T10:00:55","modified_gmt":"2026-04-08T10:00:55","slug":"perlas-de-azucar-nonpareils-funcakes-disco-80-g-2","status":"publish","type":"product","link":"https:\/\/glotomania.com\/pt-pt\/p\/perlas-de-azucar-nonpareils-funcakes-disco-80-g-2\/","title":{"rendered":"P\u00c9rolas De A\u00c7\u00dacar Funcakes (nonpareils) &#8211; Disco 80 G"},"content":{"rendered":"","protected":false},"excerpt":{"rendered":"<p>P\u00e9rolas de a\u00e7\u00facar comest\u00edveis Funcakes, de cores, perfeitos para decorar todo o tipo de cria\u00e7\u00f5es.<\/p>\n","protected":false},"featured_media":36220,"comment_status":"open","ping_status":"closed","template":"","meta":{"_acf_changed":false},"pwb-brand":[],"product_brand":[],"product_cat":[1839,1840,2979,2982,2907,1845,2921,1849,1858,3001],"product_tag":[],"class_list":{"0":"post-388397","1":"product","2":"type-product","3":"status-publish","4":"has-post-thumbnail","6":"product_cat-decoracion-comestible","7":"product_cat-decoraciones-azucar-comestibles","8":"product_cat-decoracoes-comestiveis-2","9":"product_cat-decoracoes-de-acucar","10":"product_cat-festas","11":"product_cat-dieta-sin-e-171","12":"product_cat-pascoa","13":"product_cat-fiestas","14":"product_cat-pascua","15":"product_cat-sem-e-171-2","17":"first","18":"instock","19":"taxable","20":"shipping-taxable","21":"purchasable","22":"product-type-simple"},"acf":[],"df_price":2.45,"df_sale_price":"","df_regular_price":2.45,"df_image_link":"https:\/\/glotomania.com\/wp-content\/uploads\/2022\/09\/img_17334_c8517792a89714f720a2f621ac287558_1-300x300.png","brands":[],"_links":{"self":[{"href":"https:\/\/glotomania.com\/pt-pt\/wp-json\/wp\/v2\/product\/388397","targetHints":{"allow":["GET"]}}],"collection":[{"href":"https:\/\/glotomania.com\/pt-pt\/wp-json\/wp\/v2\/product"}],"about":[{"href":"https:\/\/glotomania.com\/pt-pt\/wp-json\/wp\/v2\/types\/product"}],"replies":[{"embeddable":true,"href":"https:\/\/glotomania.com\/pt-pt\/wp-json\/wp\/v2\/comments?post=388397"}],"wp:featuredmedia":[{"embeddable":true,"href":"https:\/\/glotomania.com\/pt-pt\/wp-json\/wp\/v2\/media\/36220"}],"wp:attachment":[{"href":"https:\/\/glotomania.com\/pt-pt\/wp-json\/wp\/v2\/media?parent=388397"}],"wp:term":[{"taxonomy":"pwb-brand","embeddable":true,"href":"https:\/\/glotomania.com\/pt-pt\/wp-json\/wp\/v2\/pwb-brand?post=388397"},{"taxonomy":"product_brand","embeddable":true,"href":"https:\/\/glotomania.com\/pt-pt\/wp-json\/wp\/v2\/product_brand?post=388397"},{"taxonomy":"product_cat","embeddable":true,"href":"https:\/\/glotomania.com\/pt-pt\/wp-json\/wp\/v2\/product_cat?post=388397"},{"taxonomy":"product_tag","embeddable":true,"href":"https:\/\/glotomania.com\/pt-pt\/wp-json\/wp\/v2\/product_tag?post=388397"}],"curies":[{"name":"wp","href":"https:\/\/api.w.org\/{rel}","templated":true}]}}