{"id":388398,"date":"2025-09-02T10:34:26","date_gmt":"2025-09-02T10:34:26","guid":{"rendered":"https:\/\/glotomania.com\/p\/cremor-tartaro-funcakes-80-g-2\/"},"modified":"2026-03-24T13:17:53","modified_gmt":"2026-03-24T13:17:53","slug":"cremor-tartaro-funcakes-80-g-2","status":"publish","type":"product","link":"https:\/\/glotomania.com\/pt-pt\/p\/cremor-tartaro-funcakes-80-g-2\/","title":{"rendered":"Funcakes Cremor Tartaro &#8211; 80 G"},"content":{"rendered":"<p>&nbsp;<\/p>\n<p>&nbsp;<\/p>\n","protected":false},"excerpt":{"rendered":"<p>Trata-se de um sal natural obtido da produ\u00e7\u00e3o de vinho, normalmente utilizado em combina\u00e7\u00e3o com bicarbonato de s\u00f3dio como agente levedante em produtos alimentares.<\/p>\n","protected":false},"featured_media":349863,"comment_status":"open","ping_status":"closed","template":"","meta":{"_acf_changed":false,"_joinchat":[]},"pwb-brand":[],"product_brand":[],"product_cat":[3020,1959,3018,1844],"product_tag":[],"class_list":{"0":"post-388398","1":"product","2":"type-product","3":"status-publish","4":"has-post-thumbnail","6":"product_cat-aditivos-e-melhoradores","7":"product_cat-aditivos","8":"product_cat-ingredientes-de-pastelaria-2","9":"product_cat-ingredientes-reposteria","11":"first","12":"instock","13":"taxable","14":"shipping-taxable","15":"purchasable","16":"product-type-simple"},"acf":[],"df_price":4.85,"df_sale_price":"","df_regular_price":4.85,"df_image_link":"https:\/\/glotomania.com\/wp-content\/uploads\/2025\/11\/img_17336_734e41ffa29c4441763f15d2e959a074_1-29-300x300.jpg","brands":[],"_links":{"self":[{"href":"https:\/\/glotomania.com\/pt-pt\/wp-json\/wp\/v2\/product\/388398","targetHints":{"allow":["GET"]}}],"collection":[{"href":"https:\/\/glotomania.com\/pt-pt\/wp-json\/wp\/v2\/product"}],"about":[{"href":"https:\/\/glotomania.com\/pt-pt\/wp-json\/wp\/v2\/types\/product"}],"replies":[{"embeddable":true,"href":"https:\/\/glotomania.com\/pt-pt\/wp-json\/wp\/v2\/comments?post=388398"}],"wp:featuredmedia":[{"embeddable":true,"href":"https:\/\/glotomania.com\/pt-pt\/wp-json\/wp\/v2\/media\/349863"}],"wp:attachment":[{"href":"https:\/\/glotomania.com\/pt-pt\/wp-json\/wp\/v2\/media?parent=388398"}],"wp:term":[{"taxonomy":"pwb-brand","embeddable":true,"href":"https:\/\/glotomania.com\/pt-pt\/wp-json\/wp\/v2\/pwb-brand?post=388398"},{"taxonomy":"product_brand","embeddable":true,"href":"https:\/\/glotomania.com\/pt-pt\/wp-json\/wp\/v2\/product_brand?post=388398"},{"taxonomy":"product_cat","embeddable":true,"href":"https:\/\/glotomania.com\/pt-pt\/wp-json\/wp\/v2\/product_cat?post=388398"},{"taxonomy":"product_tag","embeddable":true,"href":"https:\/\/glotomania.com\/pt-pt\/wp-json\/wp\/v2\/product_tag?post=388398"}],"curies":[{"name":"wp","href":"https:\/\/api.w.org\/{rel}","templated":true}]}}