{"id":388401,"date":"2025-09-02T10:34:27","date_gmt":"2025-09-02T10:34:27","guid":{"rendered":"https:\/\/glotomania.com\/p\/cortador-para-galletas-patisse-love-2\/"},"modified":"2026-03-10T16:13:24","modified_gmt":"2026-03-10T16:13:24","slug":"cortador-para-galletas-patisse-love-2","status":"publish","type":"product","link":"https:\/\/glotomania.com\/pt-pt\/p\/cortador-para-galletas-patisse-love-2\/","title":{"rendered":"Cortador De Biscoitos Patisse &#8211; Love"},"content":{"rendered":"<p>&nbsp;<\/p>\n<p><span style=\"font-size:14px\">Perfeito para os amantes.<\/span><\/p>\n<p><span style=\"font-size:14px\">Fabricado em <strong>a&ccedil;o inoxid&aacute;vel <\/strong>de alta qualidade, seguro para alimentos.<\/span><\/p>\n<p><span style=\"font-size:14px\"><strong>Dimens&otilde;es aproximadas:<\/strong> 11 cm.<\/span><\/p>\n","protected":false},"excerpt":{"rendered":"<p>Fa\u00e7a bonitos biscoitos com a palavra LOVE com este cortador Patisse! Tamb\u00e9m \u00e9 \u00f3timo para cortar fondant ou ma\u00e7ap\u00e3o.<\/p>\n","protected":false},"featured_media":349835,"comment_status":"open","ping_status":"closed","template":"","meta":{"_acf_changed":false},"pwb-brand":[],"product_brand":[],"product_cat":[2910,3199,2907,3087,2924,1852,1788,1888,1849,1767],"product_tag":[],"class_list":{"0":"post-388401","1":"product","2":"type-product","3":"status-publish","4":"has-post-thumbnail","6":"product_cat-casamentos-2","7":"product_cat-cortadores-de-metal","8":"product_cat-festas","9":"product_cat-ordem-e-armazenamento","10":"product_cat-sao-valentim-2","11":"product_cat-san-valentin","12":"product_cat-cortadores-de-cobre","13":"product_cat-bodas","14":"product_cat-fiestas","15":"product_cat-utensilios","17":"first","18":"instock","19":"taxable","20":"shipping-taxable","21":"purchasable","22":"product-type-simple"},"acf":[],"df_price":6.5,"df_sale_price":"","df_regular_price":6.5,"df_image_link":"https:\/\/glotomania.com\/wp-content\/uploads\/2025\/11\/img_17352_1bd5c34ad2ddd05923bef3026fb956e7_1-27-300x300.jpg","brands":[],"_links":{"self":[{"href":"https:\/\/glotomania.com\/pt-pt\/wp-json\/wp\/v2\/product\/388401","targetHints":{"allow":["GET"]}}],"collection":[{"href":"https:\/\/glotomania.com\/pt-pt\/wp-json\/wp\/v2\/product"}],"about":[{"href":"https:\/\/glotomania.com\/pt-pt\/wp-json\/wp\/v2\/types\/product"}],"replies":[{"embeddable":true,"href":"https:\/\/glotomania.com\/pt-pt\/wp-json\/wp\/v2\/comments?post=388401"}],"wp:featuredmedia":[{"embeddable":true,"href":"https:\/\/glotomania.com\/pt-pt\/wp-json\/wp\/v2\/media\/349835"}],"wp:attachment":[{"href":"https:\/\/glotomania.com\/pt-pt\/wp-json\/wp\/v2\/media?parent=388401"}],"wp:term":[{"taxonomy":"pwb-brand","embeddable":true,"href":"https:\/\/glotomania.com\/pt-pt\/wp-json\/wp\/v2\/pwb-brand?post=388401"},{"taxonomy":"product_brand","embeddable":true,"href":"https:\/\/glotomania.com\/pt-pt\/wp-json\/wp\/v2\/product_brand?post=388401"},{"taxonomy":"product_cat","embeddable":true,"href":"https:\/\/glotomania.com\/pt-pt\/wp-json\/wp\/v2\/product_cat?post=388401"},{"taxonomy":"product_tag","embeddable":true,"href":"https:\/\/glotomania.com\/pt-pt\/wp-json\/wp\/v2\/product_tag?post=388401"}],"curies":[{"name":"wp","href":"https:\/\/api.w.org\/{rel}","templated":true}]}}