{"id":388409,"date":"2025-09-02T10:34:32","date_gmt":"2025-09-02T10:34:32","guid":{"rendered":"https:\/\/glotomania.com\/p\/molde-de-acero-scrapcooking-corazon-xxl-2\/"},"modified":"2026-05-02T00:21:02","modified_gmt":"2026-05-02T00:21:02","slug":"molde-de-acero-scrapcooking-corazon-xxl-2","status":"publish","type":"product","link":"https:\/\/glotomania.com\/pt-pt\/p\/molde-de-acero-scrapcooking-corazon-xxl-2\/","title":{"rendered":"Molde De A\u00c7o Scrapcooking &#8211; Cora\u00c7\u00c3o Xxl"},"content":{"rendered":"<p>&nbsp;<\/p>\n<p><span style=\"font-size:14px\">Feito de a&ccedil;o inoxid&aacute;vel, adequado para uso alimentar. <\/span><\/p>\n<p><span style=\"font-size:14px\"><strong>Instru&ccedil;&otilde;es de limpeza: <\/strong>ap&oacute;s cada utiliza&ccedil;&atilde;o, lave o cortador de biscoitos em &aacute;gua morna e depois seque-o. <\/span><\/p>\n<p><span style=\"font-size:14px\"><strong>Dimens&otilde;es: <\/strong>24 x 27,5 cm. <\/span><\/p>\n<p><em><span style=\"font-size:14px\">Este produto n&atilde;o est&aacute; dispon&iacute;vel para a B&eacute;lgica, Fran&ccedil;a e Su&iacute;&ccedil;a.<\/span><\/em><\/p>\n","protected":false},"excerpt":{"rendered":"<p>Molde Scrapcooking XXL, ideal para cozer p\u00e3o de l\u00f3, preparar uma sobremesa ou cortar um biscoito gigante em forma de cora\u00e7\u00e3o.<\/p>\n","protected":false},"featured_media":349881,"comment_status":"open","ping_status":"closed","template":"","meta":{"_acf_changed":false},"pwb-brand":[],"product_brand":[],"product_cat":[3199,2907,3087,2924,1852,1788,1849,1767],"product_tag":[],"class_list":{"0":"post-388409","1":"product","2":"type-product","3":"status-publish","4":"has-post-thumbnail","6":"product_cat-cortadores-de-metal","7":"product_cat-festas","8":"product_cat-ordem-e-armazenamento","9":"product_cat-sao-valentim-2","10":"product_cat-san-valentin","11":"product_cat-cortadores-de-cobre","12":"product_cat-fiestas","13":"product_cat-utensilios","15":"first","16":"instock","17":"taxable","18":"shipping-taxable","19":"purchasable","20":"product-type-simple"},"acf":[],"df_price":9.45,"df_sale_price":9.45,"df_regular_price":13.5,"df_image_link":"https:\/\/glotomania.com\/wp-content\/uploads\/2025\/11\/img_17378_7b8a1d5a6d3a09f5266d96acbdd90f28_1-30-300x300.jpg","brands":[],"_links":{"self":[{"href":"https:\/\/glotomania.com\/pt-pt\/wp-json\/wp\/v2\/product\/388409","targetHints":{"allow":["GET"]}}],"collection":[{"href":"https:\/\/glotomania.com\/pt-pt\/wp-json\/wp\/v2\/product"}],"about":[{"href":"https:\/\/glotomania.com\/pt-pt\/wp-json\/wp\/v2\/types\/product"}],"replies":[{"embeddable":true,"href":"https:\/\/glotomania.com\/pt-pt\/wp-json\/wp\/v2\/comments?post=388409"}],"wp:featuredmedia":[{"embeddable":true,"href":"https:\/\/glotomania.com\/pt-pt\/wp-json\/wp\/v2\/media\/349881"}],"wp:attachment":[{"href":"https:\/\/glotomania.com\/pt-pt\/wp-json\/wp\/v2\/media?parent=388409"}],"wp:term":[{"taxonomy":"pwb-brand","embeddable":true,"href":"https:\/\/glotomania.com\/pt-pt\/wp-json\/wp\/v2\/pwb-brand?post=388409"},{"taxonomy":"product_brand","embeddable":true,"href":"https:\/\/glotomania.com\/pt-pt\/wp-json\/wp\/v2\/product_brand?post=388409"},{"taxonomy":"product_cat","embeddable":true,"href":"https:\/\/glotomania.com\/pt-pt\/wp-json\/wp\/v2\/product_cat?post=388409"},{"taxonomy":"product_tag","embeddable":true,"href":"https:\/\/glotomania.com\/pt-pt\/wp-json\/wp\/v2\/product_tag?post=388409"}],"curies":[{"name":"wp","href":"https:\/\/api.w.org\/{rel}","templated":true}]}}