{"id":388410,"date":"2025-09-02T10:34:32","date_gmt":"2025-09-02T10:34:32","guid":{"rendered":"https:\/\/glotomania.com\/p\/molde-silicona-funfetti-scrapcooking-corazones-2\/"},"modified":"2026-05-02T00:21:02","modified_gmt":"2026-05-02T00:21:02","slug":"molde-silicona-funfetti-scrapcooking-corazones-2","status":"publish","type":"product","link":"https:\/\/glotomania.com\/pt-pt\/p\/molde-silicona-funfetti-scrapcooking-corazones-2\/","title":{"rendered":"Molde De Silicone Funfetti&#8221; Scrapcooking &#8211; Cora\u00c7\u00d5es"},"content":{"rendered":"<div>&nbsp;<\/div>\n<div><span style=\"font-size:14px\">Adequado para utiliza&ccedil;&atilde;o no forno, no micro-ondas, no frigor&iacute;fico ou no congelador. Adequado para temperaturas de <\/span><span style=\"font-size: 14px\">&nbsp;-20&deg;C a + 230&deg;C.&nbsp;<\/span><span style=\"font-size:14px\">. Adequado para m&aacute;quina de lavar lou&ccedil;a, fornos el&eacute;ctricos e convencionais. Adequado para m&aacute;quina de lavar lou&ccedil;a, fornos el&eacute;ctricos e convencionais. Feito de silicone de alta qualidade, adequado para uso alimentar. <\/span><\/div>\n<div>&nbsp;<\/div>\n<div><span style=\"font-size:14px\"><strong>Recomenda&ccedil;&otilde;es de utiliza&ccedil;&atilde;o: <\/strong><\/span><\/div>\n<ul>\n<li><span style=\"font-size:14px\">N&atilde;o coloque o molde em contacto direto com uma chama ou numa placa de aquecimento el&eacute;ctrica. <span style=\"white-space:pre\"> <\/span><\/span><\/li>\n<li><span style=\"font-size:14px\">N&atilde;o utilizar utens&iacute;lios com arestas vivas sobre o molde. <span style=\"white-space:pre\"> <\/span><\/span><\/li>\n<li><span style=\"font-size:14px\">Antes da primeira utiliza&ccedil;&atilde;o e ap&oacute;s cada utiliza&ccedil;&atilde;o, lavar a forma em &aacute;gua morna sem detergente ou na m&aacute;quina de lavar lou&ccedil;a. <span style=\"white-space:pre\"> <\/span><\/span><\/li>\n<li><span style=\"font-size:14px\">Unte a forma apenas quando a utilizar pela primeira vez. <span style=\"white-space:pre\"> <\/span><\/span><\/li>\n<li><span style=\"font-size:14px\">N&atilde;o colocar a forma no forno sem que todas as cavidades estejam cheias (encher as cavidades vazias com &aacute;gua). <\/span><\/li>\n<li><span style=\"font-size:14px\">Depois de encher as cavidades com massa, limpar os bordos das cavidades ou da forma antes de a colocar no forno. <\/span><\/li>\n<\/ul>\n<p><span style=\"font-size:14px\"><strong>Dimens&otilde;es:<\/strong> 5,8 x 6,2 x 3,5 cm. <\/span><\/p>\n<p><em><span style=\"font-size:14px\">Este produto n&atilde;o est&aacute; dispon&iacute;vel para a B&eacute;lgica, Fran&ccedil;a e Su&iacute;&ccedil;a.<\/span><\/em><\/p>\n","protected":false},"excerpt":{"rendered":"<p>Molde de Scrapcooking ultra flex\u00edvel e anti-aderente. Feito de silicone para 8 belos bolos em forma de cora\u00e7\u00e3o, perfeito para sobremesas.<\/p>\n","protected":false},"featured_media":347191,"comment_status":"open","ping_status":"closed","template":"","meta":{"_acf_changed":false},"pwb-brand":[],"product_brand":[],"product_cat":[2907,3214,3222,3087,2924,1852,1801,1810,1849,1767],"product_tag":[],"class_list":{"0":"post-388410","1":"product","2":"type-product","3":"status-publish","4":"has-post-thumbnail","6":"product_cat-festas","7":"product_cat-moldes-de-pastelaria","8":"product_cat-moldes-de-silicone","9":"product_cat-ordem-e-armazenamento","10":"product_cat-sao-valentim-2","11":"product_cat-san-valentin","12":"product_cat-moldes","13":"product_cat-moldes-silicona","14":"product_cat-fiestas","15":"product_cat-utensilios","17":"first","18":"instock","19":"taxable","20":"shipping-taxable","21":"purchasable","22":"product-type-simple"},"acf":[],"df_price":9.45,"df_sale_price":9.45,"df_regular_price":13.5,"df_image_link":"https:\/\/glotomania.com\/wp-content\/uploads\/2025\/11\/img_17380_276282c0c00288c08ce9efb01206ff9e_1-25-300x300.jpg","brands":[],"_links":{"self":[{"href":"https:\/\/glotomania.com\/pt-pt\/wp-json\/wp\/v2\/product\/388410","targetHints":{"allow":["GET"]}}],"collection":[{"href":"https:\/\/glotomania.com\/pt-pt\/wp-json\/wp\/v2\/product"}],"about":[{"href":"https:\/\/glotomania.com\/pt-pt\/wp-json\/wp\/v2\/types\/product"}],"replies":[{"embeddable":true,"href":"https:\/\/glotomania.com\/pt-pt\/wp-json\/wp\/v2\/comments?post=388410"}],"wp:featuredmedia":[{"embeddable":true,"href":"https:\/\/glotomania.com\/pt-pt\/wp-json\/wp\/v2\/media\/347191"}],"wp:attachment":[{"href":"https:\/\/glotomania.com\/pt-pt\/wp-json\/wp\/v2\/media?parent=388410"}],"wp:term":[{"taxonomy":"pwb-brand","embeddable":true,"href":"https:\/\/glotomania.com\/pt-pt\/wp-json\/wp\/v2\/pwb-brand?post=388410"},{"taxonomy":"product_brand","embeddable":true,"href":"https:\/\/glotomania.com\/pt-pt\/wp-json\/wp\/v2\/product_brand?post=388410"},{"taxonomy":"product_cat","embeddable":true,"href":"https:\/\/glotomania.com\/pt-pt\/wp-json\/wp\/v2\/product_cat?post=388410"},{"taxonomy":"product_tag","embeddable":true,"href":"https:\/\/glotomania.com\/pt-pt\/wp-json\/wp\/v2\/product_tag?post=388410"}],"curies":[{"name":"wp","href":"https:\/\/api.w.org\/{rel}","templated":true}]}}