{"id":388411,"date":"2025-09-02T10:34:33","date_gmt":"2025-09-02T10:34:33","guid":{"rendered":"https:\/\/glotomania.com\/p\/topper-para-tarta-scrapcooking-love-2\/"},"modified":"2026-04-28T00:14:13","modified_gmt":"2026-04-28T00:14:13","slug":"topper-para-tarta-scrapcooking-love-2","status":"publish","type":"product","link":"https:\/\/glotomania.com\/pt-pt\/p\/topper-para-tarta-scrapcooking-love-2\/","title":{"rendered":"Topo De Bolo Scrapcooking &#8211; Love"},"content":{"rendered":"<p>&nbsp;<\/p>\n<div><span style=\"font-size: 14px\">Fabricado em&nbsp;<strong>madeira&nbsp;<\/strong>de qualidade alimentar.<\/span><\/div>\n<div>&nbsp;<\/div>\n<div><span style=\"font-size: 14px\"><strong>Precau&ccedil;&otilde;es:&nbsp;<\/strong><span style=\"white-space: pre\"> <\/span><\/span><\/div>\n<ul>\n<li><span style=\"font-size: 14px\">O produto n&atilde;o pode ser lavado na m&aacute;quina de lavar lou&ccedil;a ou no forno.<span style=\"white-space: pre\"> <\/span><\/span><\/li>\n<li><span style=\"font-size: 14px\">N&atilde;o se dobra.<span style=\"white-space: pre\"> <\/span><\/span><\/li>\n<li><span style=\"font-size: 14px\">N&atilde;o colocar em contacto direto com uma chama aberta ou uma placa de aquecimento el&eacute;ctrica.<span style=\"white-space: pre\"> <\/span><\/span><\/li>\n<li><span style=\"font-size: 14px\">N&atilde;o utilizar ferramentas com arestas vivas.<span style=\"white-space: pre\"> <\/span><\/span><\/li>\n<li><span style=\"font-size: 14px\">N&atilde;o colocar na &aacute;gua.<\/span><\/li>\n<\/ul>\n<p><span style=\"font-size: 14px\"><strong>Dimens&otilde;es aproximadas:&nbsp;<\/strong><\/span><span style=\"font-size: 14px\">12,5&nbsp;x 11&nbsp;x 0,2&nbsp;cm.<\/span><\/p>\n<p><em><span style=\"font-size: 14px\">Este produto n&atilde;o est&aacute; dispon&iacute;vel para a B&eacute;lgica, Fran&ccedil;a e Su&iacute;&ccedil;a.<\/span><\/em><\/p>\n","protected":false},"excerpt":{"rendered":"<p>Decora\u00e7\u00e3o de bolos em madeira Scrapcooking, perfeita para coroar as nossas sobremesas mais rom\u00e2nticas.<\/p>\n","protected":false},"featured_media":349847,"comment_status":"open","ping_status":"closed","template":"","meta":{"_acf_changed":false},"pwb-brand":[],"product_brand":[],"product_cat":[3200,2907,3087,2924,3208,1852,1792,1849,1793,1767],"product_tag":[],"class_list":{"0":"post-388411","1":"product","2":"type-product","3":"status-publish","4":"has-post-thumbnail","6":"product_cat-decoracoes-nao-comestiveis","7":"product_cat-festas","8":"product_cat-ordem-e-armazenamento","9":"product_cat-sao-valentim-2","10":"product_cat-toppers-para-bolos","11":"product_cat-san-valentin","12":"product_cat-decoracion-no-comestible","13":"product_cat-fiestas","14":"product_cat-toppers","15":"product_cat-utensilios","17":"first","18":"instock","19":"taxable","20":"shipping-taxable","21":"purchasable","22":"product-type-simple"},"acf":[],"df_price":3.86,"df_sale_price":3.86,"df_regular_price":5.51,"df_image_link":"https:\/\/glotomania.com\/wp-content\/uploads\/2025\/11\/img_17381_cc4b2ffeef97614420ffc6a34c1df3a1_1-24-300x300.jpg","brands":[],"_links":{"self":[{"href":"https:\/\/glotomania.com\/pt-pt\/wp-json\/wp\/v2\/product\/388411","targetHints":{"allow":["GET"]}}],"collection":[{"href":"https:\/\/glotomania.com\/pt-pt\/wp-json\/wp\/v2\/product"}],"about":[{"href":"https:\/\/glotomania.com\/pt-pt\/wp-json\/wp\/v2\/types\/product"}],"replies":[{"embeddable":true,"href":"https:\/\/glotomania.com\/pt-pt\/wp-json\/wp\/v2\/comments?post=388411"}],"wp:featuredmedia":[{"embeddable":true,"href":"https:\/\/glotomania.com\/pt-pt\/wp-json\/wp\/v2\/media\/349847"}],"wp:attachment":[{"href":"https:\/\/glotomania.com\/pt-pt\/wp-json\/wp\/v2\/media?parent=388411"}],"wp:term":[{"taxonomy":"pwb-brand","embeddable":true,"href":"https:\/\/glotomania.com\/pt-pt\/wp-json\/wp\/v2\/pwb-brand?post=388411"},{"taxonomy":"product_brand","embeddable":true,"href":"https:\/\/glotomania.com\/pt-pt\/wp-json\/wp\/v2\/product_brand?post=388411"},{"taxonomy":"product_cat","embeddable":true,"href":"https:\/\/glotomania.com\/pt-pt\/wp-json\/wp\/v2\/product_cat?post=388411"},{"taxonomy":"product_tag","embeddable":true,"href":"https:\/\/glotomania.com\/pt-pt\/wp-json\/wp\/v2\/product_tag?post=388411"}],"curies":[{"name":"wp","href":"https:\/\/api.w.org\/{rel}","templated":true}]}}