{"id":388413,"date":"2025-09-02T10:34:34","date_gmt":"2025-09-02T10:34:34","guid":{"rendered":"https:\/\/glotomania.com\/p\/molde-silicona-3d-silikomart-batticuore-2\/"},"modified":"2026-04-26T00:20:19","modified_gmt":"2026-04-26T00:20:19","slug":"molde-silicona-3d-silikomart-batticuore-2","status":"publish","type":"product","link":"https:\/\/glotomania.com\/pt-pt\/p\/molde-silicona-3d-silikomart-batticuore-2\/","title":{"rendered":"Molde Silicone 3d Silikomart &#8211; Batticuore"},"content":{"rendered":"<p>&nbsp;<\/p>\n<p><span style=\"font-size:14px\">O molde Batticoure da SIlikomart garante resultados impec&aacute;veis n&atilde;o s&oacute; na vers&atilde;o semi-freddo e mousse, mas tamb&eacute;m na vers&atilde;o cozida. O molde tem um aro interior inovador no topo que dar&aacute; &agrave;s suas cria&ccedil;&otilde;es uma forma ligeiramente arredondada.<\/span><\/p>\n<p><span style=\"font-size:14px\">Este molde Silikomart &eacute; seguro para forno, frigor&iacute;fico, congelador e m&aacute;quina de lavar lou&ccedil;a. &Eacute; adequado para temperaturas de -60 &deg;C a + 230 &deg;C.<\/span><\/p>\n<p><span style=\"font-size:14px\">Fabricado em silicone de platina de alta qualidade e seguro para os alimentos.<\/span><\/p>\n<p><span style=\"font-size:14px\"><strong>Dimens&otilde;es<\/strong>: 20,5 x 19,8 x 6,2 cm.&nbsp;<\/span><\/p>\n<p><span style=\"font-size:14px\"><strong>Volume<\/strong>: 1500 ml.<\/span><\/p>\n","protected":false},"excerpt":{"rendered":"<p>Molde original de silicone Silikomart 3D em forma de cora\u00e7\u00e3o, perfeito para ocasi\u00f5es especiais.<\/p>\n","protected":false},"featured_media":347195,"comment_status":"open","ping_status":"closed","template":"","meta":{"_acf_changed":false},"pwb-brand":[],"product_brand":[],"product_cat":[1852,2907,3214,1801,1810,3222,3087,1849,2924,1767],"product_tag":[],"class_list":{"0":"post-388413","1":"product","2":"type-product","3":"status-publish","4":"has-post-thumbnail","6":"product_cat-san-valentin","7":"product_cat-festas","8":"product_cat-moldes-de-pastelaria","9":"product_cat-moldes","10":"product_cat-moldes-silicona","11":"product_cat-moldes-de-silicone","12":"product_cat-ordem-e-armazenamento","13":"product_cat-fiestas","14":"product_cat-sao-valentim-2","15":"product_cat-utensilios","17":"first","18":"instock","19":"taxable","20":"shipping-taxable","21":"purchasable","22":"product-type-simple"},"acf":[],"df_price":21.57,"df_sale_price":21.57,"df_regular_price":30.82,"df_image_link":"https:\/\/glotomania.com\/wp-content\/uploads\/2025\/11\/img_17386_cd72f8c4a590cf737220e4857bd486bf_1-30-300x300.jpg","brands":[],"_links":{"self":[{"href":"https:\/\/glotomania.com\/pt-pt\/wp-json\/wp\/v2\/product\/388413","targetHints":{"allow":["GET"]}}],"collection":[{"href":"https:\/\/glotomania.com\/pt-pt\/wp-json\/wp\/v2\/product"}],"about":[{"href":"https:\/\/glotomania.com\/pt-pt\/wp-json\/wp\/v2\/types\/product"}],"replies":[{"embeddable":true,"href":"https:\/\/glotomania.com\/pt-pt\/wp-json\/wp\/v2\/comments?post=388413"}],"wp:featuredmedia":[{"embeddable":true,"href":"https:\/\/glotomania.com\/pt-pt\/wp-json\/wp\/v2\/media\/347195"}],"wp:attachment":[{"href":"https:\/\/glotomania.com\/pt-pt\/wp-json\/wp\/v2\/media?parent=388413"}],"wp:term":[{"taxonomy":"pwb-brand","embeddable":true,"href":"https:\/\/glotomania.com\/pt-pt\/wp-json\/wp\/v2\/pwb-brand?post=388413"},{"taxonomy":"product_brand","embeddable":true,"href":"https:\/\/glotomania.com\/pt-pt\/wp-json\/wp\/v2\/product_brand?post=388413"},{"taxonomy":"product_cat","embeddable":true,"href":"https:\/\/glotomania.com\/pt-pt\/wp-json\/wp\/v2\/product_cat?post=388413"},{"taxonomy":"product_tag","embeddable":true,"href":"https:\/\/glotomania.com\/pt-pt\/wp-json\/wp\/v2\/product_tag?post=388413"}],"curies":[{"name":"wp","href":"https:\/\/api.w.org\/{rel}","templated":true}]}}