{"id":388414,"date":"2025-09-02T10:34:35","date_gmt":"2025-09-02T10:34:35","guid":{"rendered":"https:\/\/glotomania.com\/p\/tapete-para-macaron-silikomart-corazon-2\/"},"modified":"2026-04-26T00:20:20","modified_gmt":"2026-04-26T00:20:20","slug":"tapete-para-macaron-silikomart-corazon-2","status":"publish","type":"product","link":"https:\/\/glotomania.com\/pt-pt\/p\/tapete-para-macaron-silikomart-corazon-2\/","title":{"rendered":"Tapete Silikomart Macaron &#8211; Cora\u00c7\u00c3o"},"content":{"rendered":"<p>&nbsp;<\/p>\n<p><span style=\"font-size:14px\">Feito de silicone de platina de alta qualidade, seguro para alimentos. Resiste a temperaturas de &#8211; 60 &deg;C a + 230 &deg;C.<\/span><\/p>\n<p><span style=\"font-size:14px\"><strong>Dimens&otilde;es<\/strong>: Esteira 30 x 40 cm &#8211; Macaron &Oslash; 3,5 cm.<\/span><\/p>\n<p><em><span style=\"font-size:14px\">Tem 42 cavidades = 21 macarons<\/span><\/em><\/p>\n","protected":false},"excerpt":{"rendered":"<p>Perfeito para as nossas cria\u00e7\u00f5es mais rom\u00e2nticas. Tem 42 cavidades, pelo que se podem fazer 21 macarr\u00f5es.<\/p>\n","protected":false},"featured_media":349891,"comment_status":"open","ping_status":"closed","template":"","meta":{"_acf_changed":false},"pwb-brand":[],"product_brand":[],"product_cat":[3106,2907,3087,2924,3143,1852,1820,1849,1828,1767],"product_tag":[],"class_list":{"0":"post-388414","1":"product","2":"type-product","3":"status-publish","4":"has-post-thumbnail","6":"product_cat-basicos-de-pastelaria","7":"product_cat-festas","8":"product_cat-ordem-e-armazenamento","9":"product_cat-sao-valentim-2","10":"product_cat-tapetes-de-silicone-2","11":"product_cat-san-valentin","12":"product_cat-basicos","13":"product_cat-fiestas","14":"product_cat-tapetes-silicona","15":"product_cat-utensilios","17":"first","18":"instock","19":"taxable","20":"shipping-taxable","21":"purchasable","22":"product-type-simple"},"acf":[],"df_price":10.85,"df_sale_price":10.85,"df_regular_price":15.5,"df_image_link":"https:\/\/glotomania.com\/wp-content\/uploads\/2025\/11\/img_17392_b9935c78acb9683abc7a2cf4924185ee_1-31-300x300.jpg","brands":[],"_links":{"self":[{"href":"https:\/\/glotomania.com\/pt-pt\/wp-json\/wp\/v2\/product\/388414","targetHints":{"allow":["GET"]}}],"collection":[{"href":"https:\/\/glotomania.com\/pt-pt\/wp-json\/wp\/v2\/product"}],"about":[{"href":"https:\/\/glotomania.com\/pt-pt\/wp-json\/wp\/v2\/types\/product"}],"replies":[{"embeddable":true,"href":"https:\/\/glotomania.com\/pt-pt\/wp-json\/wp\/v2\/comments?post=388414"}],"wp:featuredmedia":[{"embeddable":true,"href":"https:\/\/glotomania.com\/pt-pt\/wp-json\/wp\/v2\/media\/349891"}],"wp:attachment":[{"href":"https:\/\/glotomania.com\/pt-pt\/wp-json\/wp\/v2\/media?parent=388414"}],"wp:term":[{"taxonomy":"pwb-brand","embeddable":true,"href":"https:\/\/glotomania.com\/pt-pt\/wp-json\/wp\/v2\/pwb-brand?post=388414"},{"taxonomy":"product_brand","embeddable":true,"href":"https:\/\/glotomania.com\/pt-pt\/wp-json\/wp\/v2\/product_brand?post=388414"},{"taxonomy":"product_cat","embeddable":true,"href":"https:\/\/glotomania.com\/pt-pt\/wp-json\/wp\/v2\/product_cat?post=388414"},{"taxonomy":"product_tag","embeddable":true,"href":"https:\/\/glotomania.com\/pt-pt\/wp-json\/wp\/v2\/product_tag?post=388414"}],"curies":[{"name":"wp","href":"https:\/\/api.w.org\/{rel}","templated":true}]}}