{"id":388415,"date":"2025-09-02T10:34:42","date_gmt":"2025-09-02T10:34:42","guid":{"rendered":"https:\/\/glotomania.com\/p\/sprinkles-funcakes-mariposas-50-g-2\/"},"modified":"2026-03-20T22:25:07","modified_gmt":"2026-03-20T22:25:07","slug":"sprinkles-funcakes-mariposas-50-g-2","status":"publish","type":"product","link":"https:\/\/glotomania.com\/pt-pt\/p\/sprinkles-funcakes-mariposas-50-g-2\/","title":{"rendered":"Sprinkles Funcakes &#8211; Borboletas 50 G"},"content":{"rendered":"<p>&nbsp;<\/p>\n<p><span style=\"font-size:14px\">Inclui borboletas brancas, cor-de-rosa e amarelas comest&iacute;veis.<\/span><\/p>\n","protected":false},"excerpt":{"rendered":"<p>Mistura de decora\u00e7\u00f5es comest\u00edveis de funcakes, ideal para decorar as nossas cria\u00e7\u00f5es de uma forma alegre e colorida.<\/p>\n","protected":false},"featured_media":347237,"comment_status":"open","ping_status":"closed","template":"","meta":{"_acf_changed":false},"pwb-brand":[],"product_brand":[],"product_cat":[2979,2982,2907,2921,1839,1840,1849,1858],"product_tag":[],"class_list":{"0":"post-388415","1":"product","2":"type-product","3":"status-publish","4":"has-post-thumbnail","6":"product_cat-decoracoes-comestiveis-2","7":"product_cat-decoracoes-de-acucar","8":"product_cat-festas","9":"product_cat-pascoa","10":"product_cat-decoracion-comestible","11":"product_cat-decoraciones-azucar-comestibles","12":"product_cat-fiestas","13":"product_cat-pascua","15":"first","16":"instock","17":"taxable","18":"shipping-taxable","19":"purchasable","20":"product-type-simple"},"acf":[],"df_price":2.97,"df_sale_price":"","df_regular_price":2.97,"df_image_link":"https:\/\/glotomania.com\/wp-content\/uploads\/2025\/11\/img_17424_bdfdd685efd0171e50236f906432d628_1-21-300x300.jpg","brands":[],"_links":{"self":[{"href":"https:\/\/glotomania.com\/pt-pt\/wp-json\/wp\/v2\/product\/388415","targetHints":{"allow":["GET"]}}],"collection":[{"href":"https:\/\/glotomania.com\/pt-pt\/wp-json\/wp\/v2\/product"}],"about":[{"href":"https:\/\/glotomania.com\/pt-pt\/wp-json\/wp\/v2\/types\/product"}],"replies":[{"embeddable":true,"href":"https:\/\/glotomania.com\/pt-pt\/wp-json\/wp\/v2\/comments?post=388415"}],"wp:featuredmedia":[{"embeddable":true,"href":"https:\/\/glotomania.com\/pt-pt\/wp-json\/wp\/v2\/media\/347237"}],"wp:attachment":[{"href":"https:\/\/glotomania.com\/pt-pt\/wp-json\/wp\/v2\/media?parent=388415"}],"wp:term":[{"taxonomy":"pwb-brand","embeddable":true,"href":"https:\/\/glotomania.com\/pt-pt\/wp-json\/wp\/v2\/pwb-brand?post=388415"},{"taxonomy":"product_brand","embeddable":true,"href":"https:\/\/glotomania.com\/pt-pt\/wp-json\/wp\/v2\/product_brand?post=388415"},{"taxonomy":"product_cat","embeddable":true,"href":"https:\/\/glotomania.com\/pt-pt\/wp-json\/wp\/v2\/product_cat?post=388415"},{"taxonomy":"product_tag","embeddable":true,"href":"https:\/\/glotomania.com\/pt-pt\/wp-json\/wp\/v2\/product_tag?post=388415"}],"curies":[{"name":"wp","href":"https:\/\/api.w.org\/{rel}","templated":true}]}}