{"id":388416,"date":"2025-09-02T10:34:42","date_gmt":"2025-09-02T10:34:42","guid":{"rendered":"https:\/\/glotomania.com\/p\/capsulas-cupcake-house-of-marie-margaritas-2\/"},"modified":"2026-05-05T00:21:00","modified_gmt":"2026-05-05T00:21:00","slug":"capsulas-cupcake-house-of-marie-margaritas-2","status":"publish","type":"product","link":"https:\/\/glotomania.com\/pt-pt\/p\/capsulas-cupcake-house-of-marie-margaritas-2\/","title":{"rendered":"C\u00c1psulas De Cupcake &#8220;house Of Marie&#8221; &#8211; Margaridas"},"content":{"rendered":"<p>Incluindo 50 c\u00e1psulas House of Marie, com um design floral verde, s\u00e3o perfeitas para cupcakes, muffins e muito mais.<\/p>\n","protected":false},"excerpt":{"rendered":"<p>Incluindo 50 capsulas Marie com design floral verde, perfeitas para bolos, queques e muito mais.<\/p>\n","protected":false},"featured_media":349901,"comment_status":"open","ping_status":"closed","template":"","meta":{"_acf_changed":false},"pwb-brand":[],"product_brand":[],"product_cat":[3191,3193,2907,3087,2921,2009,2010,1849,1858,1767],"product_tag":[],"class_list":{"0":"post-388416","1":"product","2":"type-product","3":"status-publish","4":"has-post-thumbnail","6":"product_cat-capacillos-de-papel-2","7":"product_cat-capsulas-para-cupcakes-2","8":"product_cat-festas","9":"product_cat-ordem-e-armazenamento","10":"product_cat-pascoa","11":"product_cat-capsulas","12":"product_cat-capsulas-cupcakes","13":"product_cat-fiestas","14":"product_cat-pascua","15":"product_cat-utensilios","17":"first","18":"instock","19":"taxable","20":"shipping-taxable","21":"purchasable","22":"product-type-simple"},"acf":[],"df_price":2.75,"df_sale_price":1.92,"df_regular_price":2.75,"df_image_link":"https:\/\/glotomania.com\/wp-content\/uploads\/2025\/11\/img_17425_de1aec4a1adeff67f7d4a4e34ba2212c_1-29-300x300.jpg","brands":[],"_links":{"self":[{"href":"https:\/\/glotomania.com\/pt-pt\/wp-json\/wp\/v2\/product\/388416","targetHints":{"allow":["GET"]}}],"collection":[{"href":"https:\/\/glotomania.com\/pt-pt\/wp-json\/wp\/v2\/product"}],"about":[{"href":"https:\/\/glotomania.com\/pt-pt\/wp-json\/wp\/v2\/types\/product"}],"replies":[{"embeddable":true,"href":"https:\/\/glotomania.com\/pt-pt\/wp-json\/wp\/v2\/comments?post=388416"}],"wp:featuredmedia":[{"embeddable":true,"href":"https:\/\/glotomania.com\/pt-pt\/wp-json\/wp\/v2\/media\/349901"}],"wp:attachment":[{"href":"https:\/\/glotomania.com\/pt-pt\/wp-json\/wp\/v2\/media?parent=388416"}],"wp:term":[{"taxonomy":"pwb-brand","embeddable":true,"href":"https:\/\/glotomania.com\/pt-pt\/wp-json\/wp\/v2\/pwb-brand?post=388416"},{"taxonomy":"product_brand","embeddable":true,"href":"https:\/\/glotomania.com\/pt-pt\/wp-json\/wp\/v2\/product_brand?post=388416"},{"taxonomy":"product_cat","embeddable":true,"href":"https:\/\/glotomania.com\/pt-pt\/wp-json\/wp\/v2\/product_cat?post=388416"},{"taxonomy":"product_tag","embeddable":true,"href":"https:\/\/glotomania.com\/pt-pt\/wp-json\/wp\/v2\/product_tag?post=388416"}],"curies":[{"name":"wp","href":"https:\/\/api.w.org\/{rel}","templated":true}]}}