{"id":388421,"date":"2025-09-02T10:34:44","date_gmt":"2025-09-02T10:34:44","guid":{"rendered":"https:\/\/glotomania.com\/p\/set-16-cortadores-para-galletas-scrapcooking-nature-2\/"},"modified":"2026-03-10T16:14:40","modified_gmt":"2026-03-10T16:14:40","slug":"set-16-cortadores-para-galletas-scrapcooking-nature-2","status":"publish","type":"product","link":"https:\/\/glotomania.com\/pt-pt\/p\/set-16-cortadores-para-galletas-scrapcooking-nature-2\/","title":{"rendered":"Set 16 Cortadores De Biscoitos Scrapcooking &#8211; Natureza"},"content":{"rendered":"<p>&nbsp;<\/p>\n<p><span style=\"font-size:14px\">Inclui diferentes desenhos: coelhinhos, ovos, cenoura, sol, flores, borboleta, guarda-chuva, regador, pato e ovelha.Feito de metal, seguro para alimentos.<\/span><\/p>\n<p><span style=\"font-size:14px\"><strong>Instru&ccedil;&otilde;es de limpeza:<\/strong> lave os cortadores de biscoitos em &aacute;gua morna ap&oacute;s cada utiliza&ccedil;&atilde;o e seque-os cuidadosamente.<\/span><\/p>\n<p><strong>&#8203;&#8203;<\/strong><span style=\"font-size:14px\"><strong>Dimens&otilde;es aproximadas:<\/strong> 3 x 2 x 6 cm a 8,5 x 10 x 2 cm.<\/span><\/p>\n<p><em><span style=\"font-size:14px\">Este produto n&atilde;o est&aacute; dispon&iacute;vel para a B&eacute;lgica, Fran&ccedil;a e Su&iacute;&ccedil;a.<\/span><\/em><\/p>\n","protected":false},"excerpt":{"rendered":"<p>Fant\u00e1stico conjunto de cortadores de metal Scrapcooking, com um tema natural perfeito para os nossos biscoitos e decora\u00e7\u00f5es.<\/p>\n","protected":false},"featured_media":349911,"comment_status":"open","ping_status":"closed","template":"","meta":{"_acf_changed":false},"pwb-brand":[],"product_brand":[],"product_cat":[1788,3199,2907,3087,2921,1849,1858,1767],"product_tag":[],"class_list":{"0":"post-388421","1":"product","2":"type-product","3":"status-publish","4":"has-post-thumbnail","6":"product_cat-cortadores-de-cobre","7":"product_cat-cortadores-de-metal","8":"product_cat-festas","9":"product_cat-ordem-e-armazenamento","10":"product_cat-pascoa","11":"product_cat-fiestas","12":"product_cat-pascua","13":"product_cat-utensilios","15":"first","16":"instock","17":"taxable","18":"shipping-taxable","19":"purchasable","20":"product-type-simple"},"acf":[],"df_price":11.25,"df_sale_price":"","df_regular_price":11.25,"df_image_link":"https:\/\/glotomania.com\/wp-content\/uploads\/2025\/11\/img_17435_821036a83ff7167fd3e99a73251ef145_1-23-300x300.jpg","brands":[],"_links":{"self":[{"href":"https:\/\/glotomania.com\/pt-pt\/wp-json\/wp\/v2\/product\/388421","targetHints":{"allow":["GET"]}}],"collection":[{"href":"https:\/\/glotomania.com\/pt-pt\/wp-json\/wp\/v2\/product"}],"about":[{"href":"https:\/\/glotomania.com\/pt-pt\/wp-json\/wp\/v2\/types\/product"}],"replies":[{"embeddable":true,"href":"https:\/\/glotomania.com\/pt-pt\/wp-json\/wp\/v2\/comments?post=388421"}],"wp:featuredmedia":[{"embeddable":true,"href":"https:\/\/glotomania.com\/pt-pt\/wp-json\/wp\/v2\/media\/349911"}],"wp:attachment":[{"href":"https:\/\/glotomania.com\/pt-pt\/wp-json\/wp\/v2\/media?parent=388421"}],"wp:term":[{"taxonomy":"pwb-brand","embeddable":true,"href":"https:\/\/glotomania.com\/pt-pt\/wp-json\/wp\/v2\/pwb-brand?post=388421"},{"taxonomy":"product_brand","embeddable":true,"href":"https:\/\/glotomania.com\/pt-pt\/wp-json\/wp\/v2\/product_brand?post=388421"},{"taxonomy":"product_cat","embeddable":true,"href":"https:\/\/glotomania.com\/pt-pt\/wp-json\/wp\/v2\/product_cat?post=388421"},{"taxonomy":"product_tag","embeddable":true,"href":"https:\/\/glotomania.com\/pt-pt\/wp-json\/wp\/v2\/product_tag?post=388421"}],"curies":[{"name":"wp","href":"https:\/\/api.w.org\/{rel}","templated":true}]}}