{"id":388423,"date":"2025-09-02T10:34:46","date_gmt":"2025-09-02T10:34:46","guid":{"rendered":"https:\/\/glotomania.com\/p\/100-palitos-de-madera-para-helados-silikomart-2\/"},"modified":"2026-03-10T16:14:44","modified_gmt":"2026-03-10T16:14:44","slug":"100-palitos-de-madera-para-helados-silikomart-2","status":"publish","type":"product","link":"https:\/\/glotomania.com\/pt-pt\/p\/100-palitos-de-madera-para-helados-silikomart-2\/","title":{"rendered":"100 Palitos De Gelado De Madeira &#8211; Silikomart"},"content":{"rendered":"<p>&nbsp;<\/p>\n<p><span style=\"font-size:14px\"><strong>Dimens&otilde;es aproximadas:<\/strong> 11,3 x 1 x 0,2 cm.<\/span><\/p>\n<p><span style=\"font-size:14px\">Inclui 100 unidades.<\/span><\/p>\n","protected":false},"excerpt":{"rendered":"<p>Pode us\u00e1-los n\u00e3o s\u00f3 para os seus gelados mas tamb\u00e9m para os seus bolos, chupa-chupas, como suporte extra para os seus bolos e muito mais.<\/p>\n","protected":false},"featured_media":343835,"comment_status":"open","ping_status":"closed","template":"","meta":{"_acf_changed":false},"pwb-brand":[],"product_brand":[],"product_cat":[3087,3128,1990,1767],"product_tag":[],"class_list":{"0":"post-388423","1":"product","2":"type-product","3":"status-publish","4":"has-post-thumbnail","6":"product_cat-ordem-e-armazenamento","7":"product_cat-palitos-de-madeira-2","8":"product_cat-palitos-madera-tartas","9":"product_cat-utensilios","11":"first","12":"instock","13":"taxable","14":"shipping-taxable","15":"purchasable","16":"product-type-simple"},"acf":[],"df_price":2.95,"df_sale_price":"","df_regular_price":2.95,"df_image_link":"https:\/\/glotomania.com\/wp-content\/uploads\/2025\/11\/img_17439_0b857295da2ba7f8a26754c8115cff7f_1-27-300x300.jpg","brands":[],"_links":{"self":[{"href":"https:\/\/glotomania.com\/pt-pt\/wp-json\/wp\/v2\/product\/388423","targetHints":{"allow":["GET"]}}],"collection":[{"href":"https:\/\/glotomania.com\/pt-pt\/wp-json\/wp\/v2\/product"}],"about":[{"href":"https:\/\/glotomania.com\/pt-pt\/wp-json\/wp\/v2\/types\/product"}],"replies":[{"embeddable":true,"href":"https:\/\/glotomania.com\/pt-pt\/wp-json\/wp\/v2\/comments?post=388423"}],"wp:featuredmedia":[{"embeddable":true,"href":"https:\/\/glotomania.com\/pt-pt\/wp-json\/wp\/v2\/media\/343835"}],"wp:attachment":[{"href":"https:\/\/glotomania.com\/pt-pt\/wp-json\/wp\/v2\/media?parent=388423"}],"wp:term":[{"taxonomy":"pwb-brand","embeddable":true,"href":"https:\/\/glotomania.com\/pt-pt\/wp-json\/wp\/v2\/pwb-brand?post=388423"},{"taxonomy":"product_brand","embeddable":true,"href":"https:\/\/glotomania.com\/pt-pt\/wp-json\/wp\/v2\/product_brand?post=388423"},{"taxonomy":"product_cat","embeddable":true,"href":"https:\/\/glotomania.com\/pt-pt\/wp-json\/wp\/v2\/product_cat?post=388423"},{"taxonomy":"product_tag","embeddable":true,"href":"https:\/\/glotomania.com\/pt-pt\/wp-json\/wp\/v2\/product_tag?post=388423"}],"curies":[{"name":"wp","href":"https:\/\/api.w.org\/{rel}","templated":true}]}}