{"id":388425,"date":"2025-09-02T10:34:47","date_gmt":"2025-09-02T10:34:47","guid":{"rendered":"https:\/\/glotomania.com\/p\/cortador-comfort-grip-wilton-mariposa-2\/"},"modified":"2026-05-05T00:21:02","modified_gmt":"2026-05-05T00:21:02","slug":"cortador-comfort-grip-wilton-mariposa-2","status":"publish","type":"product","link":"https:\/\/glotomania.com\/pt-pt\/p\/cortador-comfort-grip-wilton-mariposa-2\/","title":{"rendered":"Cortador &#8220;comfort Grip&#8221; Wilton &#8211; Borboletas"},"content":{"rendered":"<p>&nbsp;<\/p>\n<p><span style=\"font-size:14px\">A sua confort&aacute;vel ader&ecirc;ncia amortecida d&aacute;-lhe controlo e precis&atilde;o ao cortar, mesmo sobremesas espessas. Este desenho ergon&oacute;mico especial torna a sua utiliza&ccedil;&atilde;o muito segura para as crian&ccedil;as.&nbsp;<\/span><\/p>\n<p><span style=\"font-size:14px\"><strong>Medidas<\/strong>: 10 x 10 x 4,3 cm.<\/span><\/p>\n<p><em><span style=\"font-size:14px\">Receita inclu&iacute;da.<\/span><\/em><\/p>\n","protected":false},"excerpt":{"rendered":"<p>Cortador de a\u00e7o inoxid\u00e1vel de f\u00e1cil ader\u00eancia e original com lados extra profundos, com um belo desenho de borboleta.<\/p>\n","protected":false},"featured_media":349917,"comment_status":"open","ping_status":"closed","template":"","meta":{"_acf_changed":false},"pwb-brand":[],"product_brand":[],"product_cat":[3199,2907,3087,2921,1788,1849,1858,1767],"product_tag":[],"class_list":{"0":"post-388425","1":"product","2":"type-product","3":"status-publish","4":"has-post-thumbnail","6":"product_cat-cortadores-de-metal","7":"product_cat-festas","8":"product_cat-ordem-e-armazenamento","9":"product_cat-pascoa","10":"product_cat-cortadores-de-cobre","11":"product_cat-fiestas","12":"product_cat-pascua","13":"product_cat-utensilios","15":"first","16":"instock","17":"taxable","18":"shipping-taxable","19":"purchasable","20":"product-type-simple"},"acf":[],"df_price":4.36,"df_sale_price":3.05,"df_regular_price":4.36,"df_image_link":"https:\/\/glotomania.com\/wp-content\/uploads\/2025\/11\/img_17442_d382c5ebc36895bc298b74e9483db665_1-27-300x300.jpg","brands":[],"_links":{"self":[{"href":"https:\/\/glotomania.com\/pt-pt\/wp-json\/wp\/v2\/product\/388425","targetHints":{"allow":["GET"]}}],"collection":[{"href":"https:\/\/glotomania.com\/pt-pt\/wp-json\/wp\/v2\/product"}],"about":[{"href":"https:\/\/glotomania.com\/pt-pt\/wp-json\/wp\/v2\/types\/product"}],"replies":[{"embeddable":true,"href":"https:\/\/glotomania.com\/pt-pt\/wp-json\/wp\/v2\/comments?post=388425"}],"wp:featuredmedia":[{"embeddable":true,"href":"https:\/\/glotomania.com\/pt-pt\/wp-json\/wp\/v2\/media\/349917"}],"wp:attachment":[{"href":"https:\/\/glotomania.com\/pt-pt\/wp-json\/wp\/v2\/media?parent=388425"}],"wp:term":[{"taxonomy":"pwb-brand","embeddable":true,"href":"https:\/\/glotomania.com\/pt-pt\/wp-json\/wp\/v2\/pwb-brand?post=388425"},{"taxonomy":"product_brand","embeddable":true,"href":"https:\/\/glotomania.com\/pt-pt\/wp-json\/wp\/v2\/product_brand?post=388425"},{"taxonomy":"product_cat","embeddable":true,"href":"https:\/\/glotomania.com\/pt-pt\/wp-json\/wp\/v2\/product_cat?post=388425"},{"taxonomy":"product_tag","embeddable":true,"href":"https:\/\/glotomania.com\/pt-pt\/wp-json\/wp\/v2\/product_tag?post=388425"}],"curies":[{"name":"wp","href":"https:\/\/api.w.org\/{rel}","templated":true}]}}