{"id":388432,"date":"2025-09-02T10:34:54","date_gmt":"2025-09-02T10:34:54","guid":{"rendered":"https:\/\/glotomania.com\/p\/maquina-para-hacer-donuts-bestron-2\/"},"modified":"2026-03-10T16:15:18","modified_gmt":"2026-03-10T16:15:18","slug":"maquina-para-hacer-donuts-bestron-2","status":"publish","type":"product","link":"https:\/\/glotomania.com\/pt-pt\/p\/maquina-para-hacer-donuts-bestron-2\/","title":{"rendered":"Fabricante De Donuts Bestron"},"content":{"rendered":"<p>\u00a0<\/p>\n<ul>\n<li><span style=\"font-size:14px\">Tabuleiros de assar de alta qualidade com revestimento antiaderente.<\/span><\/li>\n<li><span style=\"font-size:14px\">Caixa e cabo resistentes ao calor. Elevada estabilidade devido a p\u00e9s antiderrapantes.<\/span><\/li>\n<li><span style=\"font-size:14px\">Com luz indicadora &#8220;pronto a usar&#8221; e &#8220;ligado\/desligado&#8221;.<\/span><\/li>\n<li><span style=\"font-size:14px\">Equipado com protec\u00e7\u00e3o contra o sobreaquecimento.<\/span><\/li>\n<li><span style=\"font-size:14px\">Com op\u00e7\u00e3o de armazenamento vertical e pr\u00e1tico armazenamento de cordas.<\/span><\/li>\n<li><span style=\"font-size:14px\">Inclui receitas.<\/span><\/li>\n<\/ul>\n<p><span style=\"font-size:14px\"><strong>Pot\u00eancia<\/strong>: 700 W &#8211; <strong>Cor<\/strong>: amarelo.<\/span><\/p>\n","protected":false},"excerpt":{"rendered":"<p>Pode fazer at\u00e9 7 donuts ao mesmo tempo e de uma forma muito simples com este fabricante de donuts Bestron original.<\/p>\n","protected":false},"featured_media":347279,"comment_status":"open","ping_status":"closed","template":"","meta":{"_acf_changed":false},"pwb-brand":[],"product_brand":[],"product_cat":[3087,3226,3226,3087],"product_tag":[],"class_list":{"0":"post-388432","1":"product","2":"type-product","3":"status-publish","4":"has-post-thumbnail","6":"product_cat-ordem-e-armazenamento","7":"product_cat-pequenos-eletrodomesticos","11":"first","12":"instock","13":"taxable","14":"shipping-taxable","15":"purchasable","16":"product-type-simple"},"acf":[],"df_price":33.49,"df_sale_price":"","df_regular_price":33.49,"df_image_link":"https:\/\/glotomania.com\/wp-content\/uploads\/2025\/11\/img_17512_ff90fa5a6f304ad61afc320fdd5913ab_1-23-300x300.jpg","brands":[],"_links":{"self":[{"href":"https:\/\/glotomania.com\/pt-pt\/wp-json\/wp\/v2\/product\/388432","targetHints":{"allow":["GET"]}}],"collection":[{"href":"https:\/\/glotomania.com\/pt-pt\/wp-json\/wp\/v2\/product"}],"about":[{"href":"https:\/\/glotomania.com\/pt-pt\/wp-json\/wp\/v2\/types\/product"}],"replies":[{"embeddable":true,"href":"https:\/\/glotomania.com\/pt-pt\/wp-json\/wp\/v2\/comments?post=388432"}],"wp:featuredmedia":[{"embeddable":true,"href":"https:\/\/glotomania.com\/pt-pt\/wp-json\/wp\/v2\/media\/347279"}],"wp:attachment":[{"href":"https:\/\/glotomania.com\/pt-pt\/wp-json\/wp\/v2\/media?parent=388432"}],"wp:term":[{"taxonomy":"pwb-brand","embeddable":true,"href":"https:\/\/glotomania.com\/pt-pt\/wp-json\/wp\/v2\/pwb-brand?post=388432"},{"taxonomy":"product_brand","embeddable":true,"href":"https:\/\/glotomania.com\/pt-pt\/wp-json\/wp\/v2\/product_brand?post=388432"},{"taxonomy":"product_cat","embeddable":true,"href":"https:\/\/glotomania.com\/pt-pt\/wp-json\/wp\/v2\/product_cat?post=388432"},{"taxonomy":"product_tag","embeddable":true,"href":"https:\/\/glotomania.com\/pt-pt\/wp-json\/wp\/v2\/product_tag?post=388432"}],"curies":[{"name":"wp","href":"https:\/\/api.w.org\/{rel}","templated":true}]}}