{"id":388435,"date":"2025-09-02T10:34:56","date_gmt":"2025-09-02T10:34:56","guid":{"rendered":"https:\/\/glotomania.com\/p\/alambres-para-flores-blancos-culpitt-calibre-20-2\/"},"modified":"2026-03-24T13:36:13","modified_gmt":"2026-03-24T13:36:13","slug":"alambres-para-flores-blancos-culpitt-calibre-20-2","status":"publish","type":"product","link":"https:\/\/glotomania.com\/pt-pt\/p\/alambres-para-flores-blancos-culpitt-calibre-20-2\/","title":{"rendered":"Fios De Flores Brancas Culpitt &#8211; Calibre 20"},"content":{"rendered":"<p>&nbsp;<\/p>\n<p><span style=\"font-size: 14px\">Amarrar os fios com fita floral e coloc&aacute;-los sobre o bolo formando ramos de flores dentro de um tubo especial para flores de arame ou, alternativamente, em cima do bolo como palhinhas.&nbsp;<\/span><\/p>\n<p><span style=\"font-size: 14px\"><strong>Medidas<\/strong>: calibre 22 &#8211;&nbsp;<strong>Espessura&nbsp;<\/strong>0,8 mm.<\/span><\/p>\n<p><span style=\"font-size: 14px\">Adequado para utiliza&ccedil;&atilde;o em contacto com alimentos.&nbsp;<\/span><\/p>\n","protected":false},"excerpt":{"rendered":"<p>Inclui 20 fios Culpitt, perfeitos para fixar decora\u00e7\u00f5es no caule ou para utiliza\u00e7\u00e3o directa no bolo.<\/p>\n","protected":false},"featured_media":37395,"comment_status":"open","ping_status":"closed","template":"","meta":{"_acf_changed":false},"pwb-brand":[],"product_brand":[],"product_cat":[3087,3230,1813,1767],"product_tag":[],"class_list":{"0":"post-388435","1":"product","2":"type-product","3":"status-publish","4":"has-post-thumbnail","6":"product_cat-ordem-e-armazenamento","7":"product_cat-tubos-para-flores","8":"product_cat-utensilios-flores","9":"product_cat-utensilios","11":"first","12":"instock","13":"taxable","14":"shipping-taxable","15":"purchasable","16":"product-type-simple"},"acf":[],"df_price":4.5,"df_sale_price":"","df_regular_price":4.5,"df_image_link":"https:\/\/glotomania.com\/wp-content\/uploads\/2022\/09\/img_17527_a6d3a7ca86046ef0af2eeec78c8d552c_1-300x300.png","brands":[],"_links":{"self":[{"href":"https:\/\/glotomania.com\/pt-pt\/wp-json\/wp\/v2\/product\/388435","targetHints":{"allow":["GET"]}}],"collection":[{"href":"https:\/\/glotomania.com\/pt-pt\/wp-json\/wp\/v2\/product"}],"about":[{"href":"https:\/\/glotomania.com\/pt-pt\/wp-json\/wp\/v2\/types\/product"}],"replies":[{"embeddable":true,"href":"https:\/\/glotomania.com\/pt-pt\/wp-json\/wp\/v2\/comments?post=388435"}],"wp:featuredmedia":[{"embeddable":true,"href":"https:\/\/glotomania.com\/pt-pt\/wp-json\/wp\/v2\/media\/37395"}],"wp:attachment":[{"href":"https:\/\/glotomania.com\/pt-pt\/wp-json\/wp\/v2\/media?parent=388435"}],"wp:term":[{"taxonomy":"pwb-brand","embeddable":true,"href":"https:\/\/glotomania.com\/pt-pt\/wp-json\/wp\/v2\/pwb-brand?post=388435"},{"taxonomy":"product_brand","embeddable":true,"href":"https:\/\/glotomania.com\/pt-pt\/wp-json\/wp\/v2\/product_brand?post=388435"},{"taxonomy":"product_cat","embeddable":true,"href":"https:\/\/glotomania.com\/pt-pt\/wp-json\/wp\/v2\/product_cat?post=388435"},{"taxonomy":"product_tag","embeddable":true,"href":"https:\/\/glotomania.com\/pt-pt\/wp-json\/wp\/v2\/product_tag?post=388435"}],"curies":[{"name":"wp","href":"https:\/\/api.w.org\/{rel}","templated":true}]}}