{"id":388436,"date":"2025-09-02T10:34:57","date_gmt":"2025-09-02T10:34:57","guid":{"rendered":"https:\/\/glotomania.com\/p\/alambres-para-flores-blancos-culpitt-calibre-18-2\/"},"modified":"2026-04-27T07:13:40","modified_gmt":"2026-04-27T07:13:40","slug":"alambres-para-flores-blancos-culpitt-calibre-18-2","status":"publish","type":"product","link":"https:\/\/glotomania.com\/pt-pt\/p\/alambres-para-flores-blancos-culpitt-calibre-18-2\/","title":{"rendered":"Fios De Flores Brancas Culpitt &#8211; Calibre 18"},"content":{"rendered":"<p>&nbsp;<\/p>\n<p><span style=\"font-size: 14px\">Amarrar os fios com fita floral e coloc&aacute;-los sobre o bolo formando ramos de flores dentro de um tubo especial para flores de arame ou, alternativamente, em cima do bolo como palhinhas.&nbsp;<\/span><\/p>\n<p><span style=\"font-size: 14px\"><strong>Medidas<\/strong>: calibre 22 &#8211;&nbsp;<strong>Espessura&nbsp;<\/strong>1.02&nbsp;mm.<\/span><\/p>\n<p><span style=\"font-size: 14px\">Adequado para utiliza&ccedil;&atilde;o em contacto com alimentos.&nbsp;<\/span><\/p>\n","protected":false},"excerpt":{"rendered":"<p>Inclui 20 fios Culpitt, perfeitos para fixar decora\u00e7\u00f5es no caule ou para utiliza\u00e7\u00e3o directa no bolo.<\/p>\n","protected":false},"featured_media":349946,"comment_status":"open","ping_status":"closed","template":"","meta":{"_acf_changed":false},"pwb-brand":[],"product_brand":[],"product_cat":[3087,3230,1813,1767],"product_tag":[],"class_list":{"0":"post-388436","1":"product","2":"type-product","3":"status-publish","4":"has-post-thumbnail","6":"product_cat-ordem-e-armazenamento","7":"product_cat-tubos-para-flores","8":"product_cat-utensilios-flores","9":"product_cat-utensilios","11":"first","12":"instock","13":"taxable","14":"shipping-taxable","15":"purchasable","16":"product-type-simple"},"acf":[],"df_price":5.85,"df_sale_price":"","df_regular_price":5.85,"df_image_link":"https:\/\/glotomania.com\/wp-content\/uploads\/2025\/11\/img_17528_ee5b8c8e66de6d6fcd7a135f89d078ec_1-26-300x300.jpg","brands":[],"_links":{"self":[{"href":"https:\/\/glotomania.com\/pt-pt\/wp-json\/wp\/v2\/product\/388436","targetHints":{"allow":["GET"]}}],"collection":[{"href":"https:\/\/glotomania.com\/pt-pt\/wp-json\/wp\/v2\/product"}],"about":[{"href":"https:\/\/glotomania.com\/pt-pt\/wp-json\/wp\/v2\/types\/product"}],"replies":[{"embeddable":true,"href":"https:\/\/glotomania.com\/pt-pt\/wp-json\/wp\/v2\/comments?post=388436"}],"wp:featuredmedia":[{"embeddable":true,"href":"https:\/\/glotomania.com\/pt-pt\/wp-json\/wp\/v2\/media\/349946"}],"wp:attachment":[{"href":"https:\/\/glotomania.com\/pt-pt\/wp-json\/wp\/v2\/media?parent=388436"}],"wp:term":[{"taxonomy":"pwb-brand","embeddable":true,"href":"https:\/\/glotomania.com\/pt-pt\/wp-json\/wp\/v2\/pwb-brand?post=388436"},{"taxonomy":"product_brand","embeddable":true,"href":"https:\/\/glotomania.com\/pt-pt\/wp-json\/wp\/v2\/product_brand?post=388436"},{"taxonomy":"product_cat","embeddable":true,"href":"https:\/\/glotomania.com\/pt-pt\/wp-json\/wp\/v2\/product_cat?post=388436"},{"taxonomy":"product_tag","embeddable":true,"href":"https:\/\/glotomania.com\/pt-pt\/wp-json\/wp\/v2\/product_tag?post=388436"}],"curies":[{"name":"wp","href":"https:\/\/api.w.org\/{rel}","templated":true}]}}