{"id":388438,"date":"2025-09-02T10:34:57","date_gmt":"2025-09-02T10:34:57","guid":{"rendered":"https:\/\/glotomania.com\/p\/molde-desmontable-silver-top-patisse-corazon-20-cm-2\/"},"modified":"2026-04-14T09:57:45","modified_gmt":"2026-04-14T09:57:45","slug":"molde-desmontable-silver-top-patisse-corazon-20-cm-2","status":"publish","type":"product","link":"https:\/\/glotomania.com\/pt-pt\/p\/molde-desmontable-silver-top-patisse-corazon-20-cm-2\/","title":{"rendered":"Molde Desmont\u00c1vel &#8220;silver-top&#8221; Patisse &#8211; Cora\u00c7\u00c3o (20 Cm)"},"content":{"rendered":"<p>&nbsp;<\/p>\n<p><span style=\"font-size:14px\">Fabricado em metal de alta qualidade, seguro para alimentos.<\/span><\/p>\n<p><span style=\"font-size:14px\"><strong>Dimens&otilde;es aproximadas:<\/strong> 20 x 7 cm.<\/span><\/p>\n<p><span style=\"font-size:14px\"><strong><u>Avisos:<\/u><\/strong><\/span><\/p>\n<ul>\n<li><span style=\"font-size:14px\">N&atilde;o &eacute; seguro para a m&aacute;quina de lavar lou&ccedil;a. &nbsp;&nbsp; &nbsp;<\/span><\/li>\n<li><span style=\"font-size:14px\">Temperatura m&aacute;xima do forno: 230 &ordm;C.<\/span><\/li>\n<\/ul>\n","protected":false},"excerpt":{"rendered":"<p>Forma met\u00e1lica amov\u00edvel Patisse, com uma forma de cora\u00e7\u00e3o bonita e terna, perfeita para as ocasi\u00f5es mais especiais.<\/p>\n","protected":false},"featured_media":349947,"comment_status":"open","ping_status":"closed","template":"","meta":{"_acf_changed":false},"pwb-brand":[],"product_brand":[],"product_cat":[2907,3217,3214,3087,2924,1852,1802,1801,1849,1767],"product_tag":[],"class_list":{"0":"post-388438","1":"product","2":"type-product","3":"status-publish","4":"has-post-thumbnail","6":"product_cat-festas","7":"product_cat-moldes-de-formas-especiais","8":"product_cat-moldes-de-pastelaria","9":"product_cat-ordem-e-armazenamento","10":"product_cat-sao-valentim-2","11":"product_cat-san-valentin","12":"product_cat-moldes-metal","13":"product_cat-moldes","14":"product_cat-fiestas","15":"product_cat-utensilios","17":"first","18":"instock","19":"taxable","20":"shipping-taxable","21":"purchasable","22":"product-type-simple"},"acf":[],"df_price":15.91,"df_sale_price":"","df_regular_price":15.91,"df_image_link":"https:\/\/glotomania.com\/wp-content\/uploads\/2025\/11\/img_17530_3a75b87fc944dc4962687db3580d607c_1-32-300x300.jpg","brands":[],"_links":{"self":[{"href":"https:\/\/glotomania.com\/pt-pt\/wp-json\/wp\/v2\/product\/388438","targetHints":{"allow":["GET"]}}],"collection":[{"href":"https:\/\/glotomania.com\/pt-pt\/wp-json\/wp\/v2\/product"}],"about":[{"href":"https:\/\/glotomania.com\/pt-pt\/wp-json\/wp\/v2\/types\/product"}],"replies":[{"embeddable":true,"href":"https:\/\/glotomania.com\/pt-pt\/wp-json\/wp\/v2\/comments?post=388438"}],"wp:featuredmedia":[{"embeddable":true,"href":"https:\/\/glotomania.com\/pt-pt\/wp-json\/wp\/v2\/media\/349947"}],"wp:attachment":[{"href":"https:\/\/glotomania.com\/pt-pt\/wp-json\/wp\/v2\/media?parent=388438"}],"wp:term":[{"taxonomy":"pwb-brand","embeddable":true,"href":"https:\/\/glotomania.com\/pt-pt\/wp-json\/wp\/v2\/pwb-brand?post=388438"},{"taxonomy":"product_brand","embeddable":true,"href":"https:\/\/glotomania.com\/pt-pt\/wp-json\/wp\/v2\/product_brand?post=388438"},{"taxonomy":"product_cat","embeddable":true,"href":"https:\/\/glotomania.com\/pt-pt\/wp-json\/wp\/v2\/product_cat?post=388438"},{"taxonomy":"product_tag","embeddable":true,"href":"https:\/\/glotomania.com\/pt-pt\/wp-json\/wp\/v2\/product_tag?post=388438"}],"curies":[{"name":"wp","href":"https:\/\/api.w.org\/{rel}","templated":true}]}}