{"id":388439,"date":"2025-09-24T17:29:20","date_gmt":"2025-09-24T17:29:20","guid":{"rendered":"https:\/\/glotomania.com\/p\/caja-para-tarta-corazones-san-valentin-2\/"},"modified":"2026-03-10T16:15:38","modified_gmt":"2026-03-10T16:15:38","slug":"caja-para-tarta-corazones-san-valentin-2","status":"publish","type":"product","link":"https:\/\/glotomania.com\/pt-pt\/p\/caja-para-tarta-corazones-san-valentin-2\/","title":{"rendered":"Caixa De Bolo De Cora\u00c7\u00c3o De Dia Dos Namorados &#8211; 20 Cm"},"content":{"rendered":"<p>\n<span style=\"font-size:14px\">Com um design rom&acirc;ntico que celebra o Dia dos Namorados, esta caixa est&aacute; decorada com motivos que evocam o amor e a do&ccedil;ura desta data especial. Quer esteja a preparar um requintado bolo de chocolate, uma tarte de fruta ou uma sobremesa decorada, esta caixa garante que a sua obra-prima ter&aacute; um aspeto t&atilde;o espetacular como o seu sabor.<\/span><\/p>\n<p><span style=\"font-size:14px\">Fabricada em cart&atilde;o resistente, de qualidade alimentar, com uma janela de acetato. Fabricada com materiais de alta qualidade, a nossa caixa n&atilde;o s&oacute; proporciona uma apresenta&ccedil;&atilde;o espetacular, como tamb&eacute;m garante que o seu bolo chega ao destino em perfeitas condi&ccedil;&otilde;es.<\/span><\/p>\n<p><span style=\"font-size:14px\"><strong>Medidas<\/strong>: Comprimento 20 cm &#8211; Largura 20 cm &#8211; Altura 8 cm.<\/span><\/p>\n","protected":false},"excerpt":{"rendered":"<p>Caixa encantadora especialmente concebida para o Dia dos Namorados, com uma elegante janela de acetato em forma de cora\u00e7\u00e3o, perfeita para exibir as nossas deliciosas cria\u00e7\u00f5es.<\/p>\n","protected":false},"featured_media":196315,"comment_status":"open","ping_status":"closed","template":"","meta":{"_acf_changed":false},"pwb-brand":[],"product_brand":[],"product_cat":[2905,1829],"product_tag":[],"class_list":{"0":"post-388439","1":"product","2":"type-product","3":"status-publish","4":"has-post-thumbnail","6":"product_cat-data-de-expiracao-proxima","7":"product_cat-ingredientes","9":"first","10":"instock","11":"taxable","12":"shipping-taxable","13":"purchasable","14":"product-type-simple"},"acf":[],"df_price":1.05,"df_sale_price":"","df_regular_price":1.05,"df_image_link":"https:\/\/glotomania.com\/wp-content\/uploads\/2025\/09\/img_27414_38dae1f59c6dc66c161de3abbbab9a99_1-300x300.jpg","brands":[],"_links":{"self":[{"href":"https:\/\/glotomania.com\/pt-pt\/wp-json\/wp\/v2\/product\/388439","targetHints":{"allow":["GET"]}}],"collection":[{"href":"https:\/\/glotomania.com\/pt-pt\/wp-json\/wp\/v2\/product"}],"about":[{"href":"https:\/\/glotomania.com\/pt-pt\/wp-json\/wp\/v2\/types\/product"}],"replies":[{"embeddable":true,"href":"https:\/\/glotomania.com\/pt-pt\/wp-json\/wp\/v2\/comments?post=388439"}],"wp:featuredmedia":[{"embeddable":true,"href":"https:\/\/glotomania.com\/pt-pt\/wp-json\/wp\/v2\/media\/196315"}],"wp:attachment":[{"href":"https:\/\/glotomania.com\/pt-pt\/wp-json\/wp\/v2\/media?parent=388439"}],"wp:term":[{"taxonomy":"pwb-brand","embeddable":true,"href":"https:\/\/glotomania.com\/pt-pt\/wp-json\/wp\/v2\/pwb-brand?post=388439"},{"taxonomy":"product_brand","embeddable":true,"href":"https:\/\/glotomania.com\/pt-pt\/wp-json\/wp\/v2\/product_brand?post=388439"},{"taxonomy":"product_cat","embeddable":true,"href":"https:\/\/glotomania.com\/pt-pt\/wp-json\/wp\/v2\/product_cat?post=388439"},{"taxonomy":"product_tag","embeddable":true,"href":"https:\/\/glotomania.com\/pt-pt\/wp-json\/wp\/v2\/product_tag?post=388439"}],"curies":[{"name":"wp","href":"https:\/\/api.w.org\/{rel}","templated":true}]}}