{"id":388446,"date":"2025-09-24T17:30:51","date_gmt":"2025-09-24T17:30:51","guid":{"rendered":"https:\/\/glotomania.com\/p\/bandeja-dorada-tapa-con-lazo-rojo-34-x-25-cm\/"},"modified":"2026-03-10T16:16:01","modified_gmt":"2026-03-10T16:16:01","slug":"bandeja-dorada-tapa-con-lazo-rojo-34-x-25-cm","status":"publish","type":"product","link":"https:\/\/glotomania.com\/pt-pt\/p\/bandeja-dorada-tapa-con-lazo-rojo-34-x-25-cm\/","title":{"rendered":"Bandeja Dourada + Tampa Com La\u00c7o Vermelho &#8211; 21 X 14 Cm"},"content":{"rendered":"<p>&nbsp;<\/p>\n<p><span style=\"font-size:14px\">Bandeija dourada&nbsp;com pegas e tampa, ideal para embalar e transportar todo o tipo de alimentos, pastelaria e confeitaria.&nbsp;<\/span><\/p>\n<p><span style=\"font-size:14px\">Caixa de cart&atilde;o feita de materiais de qualidade sustent&aacute;vel e resistente para contacto com alimentos, com apenas 3% de pl&aacute;stico na sua composi&ccedil;&atilde;o.&nbsp;&nbsp;<\/span><\/p>\n<p><span style=\"font-size:14px\"><strong>Medidas<\/strong>: 21 x 14 x 5 cm.<\/span><\/p>\n","protected":false},"excerpt":{"rendered":"<p>Caixa de cart\u00e3o dourada com pegas e tampa com um elegante desenho de arco &#8211; a caixa perfeita para as nossas pequenas cria\u00e7\u00f5es!<\/p>\n","protected":false},"featured_media":349986,"comment_status":"open","ping_status":"closed","template":"","meta":{"_acf_changed":false},"pwb-brand":[],"product_brand":[],"product_cat":[2905,2905],"product_tag":[],"class_list":{"0":"post-388446","1":"product","2":"type-product","3":"status-publish","4":"has-post-thumbnail","6":"product_cat-data-de-expiracao-proxima","9":"first","10":"instock","11":"taxable","12":"shipping-taxable","13":"purchasable","14":"product-type-simple"},"acf":[],"df_price":1.78,"df_sale_price":"","df_regular_price":1.78,"df_image_link":"https:\/\/glotomania.com\/wp-content\/uploads\/2025\/11\/img_17554_4f6e08e97c2ba5b675b419cdcc88b4ae_1-184-300x300.jpg","brands":[],"_links":{"self":[{"href":"https:\/\/glotomania.com\/pt-pt\/wp-json\/wp\/v2\/product\/388446","targetHints":{"allow":["GET"]}}],"collection":[{"href":"https:\/\/glotomania.com\/pt-pt\/wp-json\/wp\/v2\/product"}],"about":[{"href":"https:\/\/glotomania.com\/pt-pt\/wp-json\/wp\/v2\/types\/product"}],"replies":[{"embeddable":true,"href":"https:\/\/glotomania.com\/pt-pt\/wp-json\/wp\/v2\/comments?post=388446"}],"wp:featuredmedia":[{"embeddable":true,"href":"https:\/\/glotomania.com\/pt-pt\/wp-json\/wp\/v2\/media\/349986"}],"wp:attachment":[{"href":"https:\/\/glotomania.com\/pt-pt\/wp-json\/wp\/v2\/media?parent=388446"}],"wp:term":[{"taxonomy":"pwb-brand","embeddable":true,"href":"https:\/\/glotomania.com\/pt-pt\/wp-json\/wp\/v2\/pwb-brand?post=388446"},{"taxonomy":"product_brand","embeddable":true,"href":"https:\/\/glotomania.com\/pt-pt\/wp-json\/wp\/v2\/product_brand?post=388446"},{"taxonomy":"product_cat","embeddable":true,"href":"https:\/\/glotomania.com\/pt-pt\/wp-json\/wp\/v2\/product_cat?post=388446"},{"taxonomy":"product_tag","embeddable":true,"href":"https:\/\/glotomania.com\/pt-pt\/wp-json\/wp\/v2\/product_tag?post=388446"}],"curies":[{"name":"wp","href":"https:\/\/api.w.org\/{rel}","templated":true}]}}