{"id":388447,"date":"2025-09-24T17:32:00","date_gmt":"2025-09-24T17:32:00","guid":{"rendered":"https:\/\/glotomania.com\/p\/colorante-en-polvo-chocopowder-2\/"},"modified":"2026-03-10T16:16:08","modified_gmt":"2026-03-10T16:16:08","slug":"colorante-en-polvo-chocopowder-2","status":"publish","type":"product","link":"https:\/\/glotomania.com\/pt-pt\/p\/colorante-en-polvo-chocopowder-2\/","title":{"rendered":"Corante Em P\u00d3 Chocopowder &#8211; Amarelo 10 G"},"content":{"rendered":"<div>&nbsp;<\/div>\n<div><span style=\"font-size:14px\">Corante em p&oacute; Pastkolor (100% comest&iacute;vel) altamente concentrado.<\/span><\/div>\n<div><span style=\"font-size:14px\"><strong>N&atilde;o sol&uacute;vel em &aacute;gua, <\/strong>sol&uacute;vel em bases gordurosas, como o chocolate.<\/span><\/div>\n<div>&nbsp;<\/div>\n<div><strong><span style=\"font-size:14px\">Utiliza&ccedil;&atilde;o recomendada:<\/span><\/strong><\/div>\n<div><span style=\"font-size:14px\">Misturar o produto directamente na massa a ser colorida. Para a decora&ccedil;&atilde;o da superf&iacute;cie, aplicar o produto com um pincel e, se necess&aacute;rio, diluir com &aacute;lcool et&iacute;lico.<\/span><\/div>\n<div>&nbsp;<\/div>\n<div><span style=\"font-size:14px\"><strong>Dosagem recomendada:<\/strong> n&atilde;o exceder 1 g por 1 kg de massa.<\/span><\/div>\n<div>&nbsp;<\/div>\n<div><span style=\"font-size:14px\"><em>Todos os nossos chocopowders pesam 10 g, mas &eacute; de notar que os pigmentos utilizados em cada cor variam em densidade. Portanto, nem todos ocupam o mesmo volume dentro do pote.<\/em><\/span><\/div>\n","protected":false},"excerpt":{"rendered":"<p>Corante em p\u00f3 para chocolate altamente concentrado, ideal para as nossas prepara\u00e7\u00f5es \u00e0 base de gordura.<\/p>\n","protected":false},"featured_media":154189,"comment_status":"open","ping_status":"closed","template":"","meta":{"_acf_changed":false},"pwb-brand":[],"product_brand":[],"product_cat":[2905,1829],"product_tag":[],"class_list":{"0":"post-388447","1":"product","2":"type-product","3":"status-publish","4":"has-post-thumbnail","6":"product_cat-data-de-expiracao-proxima","7":"product_cat-ingredientes","9":"first","10":"instock","11":"taxable","12":"shipping-taxable","13":"purchasable","14":"product-type-simple"},"acf":[],"df_price":4.77,"df_sale_price":"","df_regular_price":4.77,"df_image_link":"https:\/\/glotomania.com\/wp-content\/uploads\/2025\/09\/img_17957_94a8165528b13cd43da3a3900fc8a257_1-300x300.jpg","brands":[],"_links":{"self":[{"href":"https:\/\/glotomania.com\/pt-pt\/wp-json\/wp\/v2\/product\/388447","targetHints":{"allow":["GET"]}}],"collection":[{"href":"https:\/\/glotomania.com\/pt-pt\/wp-json\/wp\/v2\/product"}],"about":[{"href":"https:\/\/glotomania.com\/pt-pt\/wp-json\/wp\/v2\/types\/product"}],"replies":[{"embeddable":true,"href":"https:\/\/glotomania.com\/pt-pt\/wp-json\/wp\/v2\/comments?post=388447"}],"wp:featuredmedia":[{"embeddable":true,"href":"https:\/\/glotomania.com\/pt-pt\/wp-json\/wp\/v2\/media\/154189"}],"wp:attachment":[{"href":"https:\/\/glotomania.com\/pt-pt\/wp-json\/wp\/v2\/media?parent=388447"}],"wp:term":[{"taxonomy":"pwb-brand","embeddable":true,"href":"https:\/\/glotomania.com\/pt-pt\/wp-json\/wp\/v2\/pwb-brand?post=388447"},{"taxonomy":"product_brand","embeddable":true,"href":"https:\/\/glotomania.com\/pt-pt\/wp-json\/wp\/v2\/product_brand?post=388447"},{"taxonomy":"product_cat","embeddable":true,"href":"https:\/\/glotomania.com\/pt-pt\/wp-json\/wp\/v2\/product_cat?post=388447"},{"taxonomy":"product_tag","embeddable":true,"href":"https:\/\/glotomania.com\/pt-pt\/wp-json\/wp\/v2\/product_tag?post=388447"}],"curies":[{"name":"wp","href":"https:\/\/api.w.org\/{rel}","templated":true}]}}